{"id":22613,"date":"2026-02-27T00:16:19","date_gmt":"2026-02-27T00:16:19","guid":{"rendered":"https:\/\/nordicmart.andreevmaster.com\/product\/22613\/"},"modified":"2026-02-27T08:59:31","modified_gmt":"2026-02-27T08:59:31","slug":"22613","status":"publish","type":"product","link":"https:\/\/nordicmart.andreevmaster.com\/da\/vare\/22613\/","title":{"rendered":""},"content":{"rendered":"<p>[Spisebordss\u00e6t til 4 personer] Dette spisebordss\u00e6t best\u00e5r af et bord p\u00e5 70 x 110 cm og 2 b\u00e6nke og har plads til 4 personer, hvilket er ideelt til familiemiddage, hurtig morgenmad eller drinks med vennerne.[Pladsbesparende] De to 50 cm h\u00f8je b\u00e6nke kan opbevares under det 75 cm h\u00f8je spisebord efter m\u00e5ltidet, s\u00e5 dette spisebords\u00e6t er den perfekte l\u00f8sning til sm\u00e5 rum, s\u00e5 alting forbliver p\u00e6nt og ryddeligt.[Elegant, moderne design] Kombinationen af gylden eg og sort skaber et moderne look. Dette s\u00e6t stole bringer et strejf af moderne liv til din spisestue, k\u00f8kken eller stue.[Robust og holdbar] St\u00e5lbenene sikrer stor stabilitet, og sp\u00e5npladeoverfladerne er holdbare og nemme at vedligeholde \u2013 dette k\u00f8kkenbordss\u00e6t er lavet til daglige m\u00e5ltider.<\/p>\n<p>[Nem samling] Ingen besv\u00e6rlig samling. Takket v\u00e6re de klare instruktioner, de m\u00e6rkede dele og det medf\u00f8lgende monteringsv\u00e6rkt\u00f8j kan du samle denne spisestue-serie med b\u00e6nke p\u00e5 et \u00f8jeblik. <\/p>\n<p>Tekniske oplysninger: <\/p>\n<p>Farve: Marble White, Ink Black<br \/>\nMateriale: Sp\u00e5nplade, st\u00e5l<br \/>\nBordets st\u00f8rrelse: 70 x 110 x 75 cm (27,6\u2033D x 43,3\u2033B x 29,5\u2033H).<br \/>\nB\u00e6nkens st\u00f8rrelse: 30 x 97 x 50 cm (11,8\u2033S x 38,2\u2033L x 19,7\u2033K).<br \/>\nSamlet v\u00e6gt: 27,5 kg (60,6 lb)<br \/>\nMaks. bordets statiske belastningsevne: 100 kg (220 lb)<br \/>\nMaks. hver b\u00e6nks statiske belastningsevne: 100 kg (220 lb).<br \/>\nIndhold i pakken:<\/p>\n<p>1 x spisebord<br \/>\n2 x b\u00e6nk<br \/>\n1 x ekstraudstyrss\u00e6t<br \/>\n1 x vejledning<\/p>\n","protected":false},"excerpt":{"rendered":"<p>[Spisebordss\u00e6t til 4 personer] Dette spisebordss\u00e6t best\u00e5r af et bord p\u00e5 70 x 110 cm og 2 b\u00e6nke og har plads til 4 personer, hvilket er ideelt til familiemiddage, hurtig morgenmad eller drinks med vennerne.[Pladsbesparende] De to 50 cm h\u00f8je b\u00e6nke kan opbevares under det 75 cm h\u00f8je spisebord efter m\u00e5ltidet, s\u00e5 dette spisebords\u00e6t er [&hellip;]<\/p>\n","protected":false},"featured_media":0,"comment_status":"open","ping_status":"closed","template":"","meta":[],"product_brand":[],"product_cat":[31],"product_tag":[],"class_list":{"0":"post-22613","1":"product","2":"type-product","3":"status-publish","5":"product_cat-uncategorized-da","7":"first","8":"instock","9":"shipping-taxable","10":"product-type-simple"},"_links":{"self":[{"href":"https:\/\/nordicmart.andreevmaster.com\/da\/wp-json\/wp\/v2\/product\/22613","targetHints":{"allow":["GET"]}}],"collection":[{"href":"https:\/\/nordicmart.andreevmaster.com\/da\/wp-json\/wp\/v2\/product"}],"about":[{"href":"https:\/\/nordicmart.andreevmaster.com\/da\/wp-json\/wp\/v2\/types\/product"}],"replies":[{"embeddable":true,"href":"https:\/\/nordicmart.andreevmaster.com\/da\/wp-json\/wp\/v2\/comments?post=22613"}],"wp:attachment":[{"href":"https:\/\/nordicmart.andreevmaster.com\/da\/wp-json\/wp\/v2\/media?parent=22613"}],"wp:term":[{"taxonomy":"product_brand","embeddable":true,"href":"https:\/\/nordicmart.andreevmaster.com\/da\/wp-json\/wp\/v2\/product_brand?post=22613"},{"taxonomy":"product_cat","embeddable":true,"href":"https:\/\/nordicmart.andreevmaster.com\/da\/wp-json\/wp\/v2\/product_cat?post=22613"},{"taxonomy":"product_tag","embeddable":true,"href":"https:\/\/nordicmart.andreevmaster.com\/da\/wp-json\/wp\/v2\/product_tag?post=22613"}],"curies":[{"name":"wp","href":"https:\/\/api.w.org\/{rel}","templated":true}]}}