{"id":22527,"date":"2026-02-27T00:15:59","date_gmt":"2026-02-27T00:15:59","guid":{"rendered":"https:\/\/nordicmart.andreevmaster.com\/product\/2-lags-krydderihylde-solv\/"},"modified":"2026-02-27T08:59:17","modified_gmt":"2026-02-27T08:59:17","slug":"2-lags-krydderihylde-solv","status":"publish","type":"product","link":"https:\/\/nordicmart.andreevmaster.com\/da\/vare\/2-lags-krydderihylde-solv\/","title":{"rendered":"2-lags krydderihylde, s\u00f8lv"},"content":{"rendered":"<p>[Del og opbevar] Du har et stort skab, men der er stadig ikke plads til krydderier og krukker. Pr\u00f8v at dele skabets plads med disse opbevaringsl\u00f8sninger, s\u00e5 du kan fordoble din opbevaringsplads.[Elegant udseende] Du beh\u00f8ver ikke at gemme denne smukke hylde v\u00e6k i skabet, men kan ogs\u00e5 placere den p\u00e5 bordpladen, hvilket g\u00f8r den praktisk og attraktiv og pynter i dit k\u00f8kken.[Lille hylde, stor effekt] Selvom metalhylderne er sm\u00e5 og enkle i deres konstruktion, er de st\u00e6rke nok til at b\u00e6re op til 10 kg hver; lad dem st\u00e5 sammen med kaffemaskinerne: Det kan du godt g\u00f8re<\/p>\n<p>[Op, ned, til h\u00f8jre, til venstre] Placer de 4 hylder oven p\u00e5 hinanden, ved siden af hinanden eller i L-form, alt efter dit behov. Takket v\u00e6re det smarte, fleksible design er din fantasi den eneste begr\u00e6nsning.<\/p>\n<p>[Hvad f\u00e5r du] 2 stilfulde metalhylder, som du kan stable, udvide eller placere forskellige steder \u2013 en fantastisk id\u00e9 til at udnytte pladsen i skabet eller p\u00e5 bordet optimalt.<\/p>\n<p>Produktoplysninger: Farve: s\u00f8lv Materiale: metal M\u00e5l p\u00e5 store hylder: Materiale: metalhylde: 22,9 x 32 x 15,4 cm (B x L x H) M\u00e5l p\u00e5 lille hylde: 22,9 x 32 x 15,4 cm (B x L x H): Samlet v\u00e6gt: 1,2 kg Maksimal statisk belastning pr. hylde: Leveringsomfang: 2 x k\u00f8kkenopbevaringssystemer 1 x tilbeh\u00f8rspakke 1 * Brugsanvisning<\/p>\n","protected":false},"excerpt":{"rendered":"<p>[Del og opbevar] Du har et stort skab, men der er stadig ikke plads til krydderier og krukker. Pr\u00f8v at dele skabets plads med disse opbevaringsl\u00f8sninger, s\u00e5 du kan fordoble din opbevaringsplads.[Elegant udseende] Du beh\u00f8ver ikke at gemme denne smukke hylde v\u00e6k i skabet, men kan ogs\u00e5 placere den p\u00e5 bordpladen, hvilket g\u00f8r den praktisk [&hellip;]<\/p>\n","protected":false},"featured_media":0,"comment_status":"open","ping_status":"closed","template":"","meta":[],"product_brand":[],"product_cat":[31],"product_tag":[],"class_list":{"0":"post-22527","1":"product","2":"type-product","3":"status-publish","5":"product_cat-uncategorized-da","7":"first","8":"instock","9":"shipping-taxable","10":"purchasable","11":"product-type-simple"},"_links":{"self":[{"href":"https:\/\/nordicmart.andreevmaster.com\/da\/wp-json\/wp\/v2\/product\/22527","targetHints":{"allow":["GET"]}}],"collection":[{"href":"https:\/\/nordicmart.andreevmaster.com\/da\/wp-json\/wp\/v2\/product"}],"about":[{"href":"https:\/\/nordicmart.andreevmaster.com\/da\/wp-json\/wp\/v2\/types\/product"}],"replies":[{"embeddable":true,"href":"https:\/\/nordicmart.andreevmaster.com\/da\/wp-json\/wp\/v2\/comments?post=22527"}],"wp:attachment":[{"href":"https:\/\/nordicmart.andreevmaster.com\/da\/wp-json\/wp\/v2\/media?parent=22527"}],"wp:term":[{"taxonomy":"product_brand","embeddable":true,"href":"https:\/\/nordicmart.andreevmaster.com\/da\/wp-json\/wp\/v2\/product_brand?post=22527"},{"taxonomy":"product_cat","embeddable":true,"href":"https:\/\/nordicmart.andreevmaster.com\/da\/wp-json\/wp\/v2\/product_cat?post=22527"},{"taxonomy":"product_tag","embeddable":true,"href":"https:\/\/nordicmart.andreevmaster.com\/da\/wp-json\/wp\/v2\/product_tag?post=22527"}],"curies":[{"name":"wp","href":"https:\/\/api.w.org\/{rel}","templated":true}]}}