{"id":22467,"date":"2026-02-27T00:15:46","date_gmt":"2026-02-27T00:15:46","guid":{"rendered":"https:\/\/nordicmart.andreevmaster.com\/product\/ronne-collection-2-lags-urkasse-8-rums-urkasse-rejseurpose-vaevet-pu-laeder-med-praegning-flydende-effekt-julegave-ink-black-u\/"},"modified":"2026-02-27T08:59:06","modified_gmt":"2026-02-27T08:59:06","slug":"ronne-collection-2-lags-urkasse-8-rums-urkasse-rejseurpose-vaevet-pu-laeder-med-praegning-flydende-effekt-julegave-ink-black-u","status":"publish","type":"product","link":"https:\/\/nordicmart.andreevmaster.com\/da\/vare\/ronne-collection-2-lags-urkasse-8-rums-urkasse-rejseurpose-vaevet-pu-laeder-med-praegning-flydende-effekt-julegave-ink-black-u\/","title":{"rendered":"RONNE Collection &#8211; 2-lags urkasse, 8-rums urkasse, rejseurpose, v\u00e6vet PU-l\u00e6der med pr\u00e6gning, flydende effekt, julegave, Ink Black U"},"content":{"rendered":"<p>ESITTELE TYYLI\u00c4si\u3011Ajaton tyylikkyys kohtaa modernin ylellisyyden t\u00e4ss\u00e4 SONGMICS HOME RONNE -malliston 8-paikkaisessa kellolaatikossa. Ved at kombinere det sk\u00e5rne hj\u00f8rne design med v\u00e6vet PU-l\u00e6der med pr\u00e6gning, der fremh\u00e6ves af en paton-inspireret udsk\u00e6ring, er det din stil-erkl\u00e6ring<\/p>\n<p>\u3010TO-LAGS, ALSIDIG OPBEVARING\u3011Opbevar dine ure i det \u00f8verste lag med 8 rum til ure i alle st\u00f8rrelser, og organiser dine tilbeh\u00f8r efter type i kassen med flere rum. Ure, ringe, halsk\u00e6der, urremme og meget mere \u2013 alt har sin plads&#8230;<\/p>\n<p>\u3010EKSTRA UR-PUNG, PRAKTISK P\u00c5 FARTEN\u3011Urkassen indeholder en b\u00e6rbar ur-pung, der har plads til 1 ur og 2 remme. Den er kompakt og let, s\u00e5 du nemt kan putte den i tasken og tage dit ur med p\u00e5 arbejde eller p\u00e5 ferie<\/p>\n<p>\u3010BESKYT DINE SKATTE\u3011Med en stiv yderside og bl\u00f8dt kunstl\u00e6der p\u00e5 indersiden beskytter denne urholder dine v\u00e6rdigenstande mod ridser og uheld. Glasvinduet i toppen holder st\u00f8v v\u00e6k, samtidig med at det viser din v\u00e6rdifulde samling frem.<\/p>\n<p>\u3010EN GAVE, DER G\u00d8R INDTRYK\u3011Denne klassiske og funktionelle urholder med 2 niveauer er en gave, der vil vinde hjertet p\u00e5 f\u00f8dselsdage, jubil\u00e6er eller andre s\u00e6rlige lejligheder, uanset om det er til en erfaren samler eller en nybegynder i urverdenen.Tekniske oplysninger: Farve: Sort L\u00e6der: PU (polyurethan) l\u00e6der, ruskind, metal, glas.Produktst\u00f8rrelse: 19,5 x 27,3 x 14,5 cm (7,7&#8243; D x 10,7&#8243; B x 5,7&#8243; H). Produktv\u00e6gt: 2,4 kg (5,3 lb).<\/p>\n<p>Indhold i pakken:<\/p>\n<p>1 x urkasse<\/p>\n","protected":false},"excerpt":{"rendered":"<p>ESITTELE TYYLI\u00c4si\u3011Ajaton tyylikkyys kohtaa modernin ylellisyyden t\u00e4ss\u00e4 SONGMICS HOME RONNE -malliston 8-paikkaisessa kellolaatikossa. Ved at kombinere det sk\u00e5rne hj\u00f8rne design med v\u00e6vet PU-l\u00e6der med pr\u00e6gning, der fremh\u00e6ves af en paton-inspireret udsk\u00e6ring, er det din stil-erkl\u00e6ring \u3010TO-LAGS, ALSIDIG OPBEVARING\u3011Opbevar dine ure i det \u00f8verste lag med 8 rum til ure i alle st\u00f8rrelser, og organiser dine [&hellip;]<\/p>\n","protected":false},"featured_media":0,"comment_status":"open","ping_status":"closed","template":"","meta":[],"product_brand":[],"product_cat":[31],"product_tag":[],"class_list":{"0":"post-22467","1":"product","2":"type-product","3":"status-publish","5":"product_cat-uncategorized-da","7":"first","8":"instock","9":"shipping-taxable","10":"product-type-simple"},"_links":{"self":[{"href":"https:\/\/nordicmart.andreevmaster.com\/da\/wp-json\/wp\/v2\/product\/22467","targetHints":{"allow":["GET"]}}],"collection":[{"href":"https:\/\/nordicmart.andreevmaster.com\/da\/wp-json\/wp\/v2\/product"}],"about":[{"href":"https:\/\/nordicmart.andreevmaster.com\/da\/wp-json\/wp\/v2\/types\/product"}],"replies":[{"embeddable":true,"href":"https:\/\/nordicmart.andreevmaster.com\/da\/wp-json\/wp\/v2\/comments?post=22467"}],"wp:attachment":[{"href":"https:\/\/nordicmart.andreevmaster.com\/da\/wp-json\/wp\/v2\/media?parent=22467"}],"wp:term":[{"taxonomy":"product_brand","embeddable":true,"href":"https:\/\/nordicmart.andreevmaster.com\/da\/wp-json\/wp\/v2\/product_brand?post=22467"},{"taxonomy":"product_cat","embeddable":true,"href":"https:\/\/nordicmart.andreevmaster.com\/da\/wp-json\/wp\/v2\/product_cat?post=22467"},{"taxonomy":"product_tag","embeddable":true,"href":"https:\/\/nordicmart.andreevmaster.com\/da\/wp-json\/wp\/v2\/product_tag?post=22467"}],"curies":[{"name":"wp","href":"https:\/\/api.w.org\/{rel}","templated":true}]}}