{"id":22438,"date":"2026-02-27T00:15:39","date_gmt":"2026-02-27T00:15:39","guid":{"rendered":"https:\/\/nordicmart.andreevmaster.com\/product\/jungle-roller-2\/"},"modified":"2026-02-27T08:59:01","modified_gmt":"2026-02-27T08:59:01","slug":"jungle-roller-2","status":"publish","type":"product","link":"https:\/\/nordicmart.andreevmaster.com\/da\/vare\/jungle-roller-2\/","title":{"rendered":"Jungle roller"},"content":{"rendered":"<p>Shining star roller  <\/p>\n<p>Detaljer:<br \/>\n &#8211; kan erstatte en kofanger<br \/>\n &#8211; beskytter den lille baby mod bev\u00e6gelser<br \/>\n &#8211; god dekoration, ikke kun til babyv\u00e6relset<br \/>\n &#8211; meget bl\u00f8d og behagelig at r\u00f8re ved. St\u00f8rrelse: 15&#215;70 cm Materiale: &#8211; designet og fremstillet i Polen &#8211; trykte elementer falmer ikke (selv efter gentagne vaske) &#8211; 100 % bomuld med en tr\u00e5dv\u00e6gt p\u00e5 150 g\/m2 og et Oeko-Tex Standard 100 IW 00034-certifikat; allergivenlig 200 g\/m2 silikonefiber<br \/>\n&#8211; vasketemperatur: 30\u02da C<\/p>\n","protected":false},"excerpt":{"rendered":"<p>Shining star roller Detaljer: &#8211; kan erstatte en kofanger &#8211; beskytter den lille baby mod bev\u00e6gelser &#8211; god dekoration, ikke kun til babyv\u00e6relset &#8211; meget bl\u00f8d og behagelig at r\u00f8re ved. St\u00f8rrelse: 15&#215;70 cm Materiale: &#8211; designet og fremstillet i Polen &#8211; trykte elementer falmer ikke (selv efter gentagne vaske) &#8211; 100 % bomuld med [&hellip;]<\/p>\n","protected":false},"featured_media":0,"comment_status":"open","ping_status":"closed","template":"","meta":[],"product_brand":[],"product_cat":[31],"product_tag":[],"class_list":{"0":"post-22438","1":"product","2":"type-product","3":"status-publish","5":"product_cat-uncategorized-da","7":"first","8":"instock","9":"shipping-taxable","10":"purchasable","11":"product-type-simple"},"_links":{"self":[{"href":"https:\/\/nordicmart.andreevmaster.com\/da\/wp-json\/wp\/v2\/product\/22438","targetHints":{"allow":["GET"]}}],"collection":[{"href":"https:\/\/nordicmart.andreevmaster.com\/da\/wp-json\/wp\/v2\/product"}],"about":[{"href":"https:\/\/nordicmart.andreevmaster.com\/da\/wp-json\/wp\/v2\/types\/product"}],"replies":[{"embeddable":true,"href":"https:\/\/nordicmart.andreevmaster.com\/da\/wp-json\/wp\/v2\/comments?post=22438"}],"wp:attachment":[{"href":"https:\/\/nordicmart.andreevmaster.com\/da\/wp-json\/wp\/v2\/media?parent=22438"}],"wp:term":[{"taxonomy":"product_brand","embeddable":true,"href":"https:\/\/nordicmart.andreevmaster.com\/da\/wp-json\/wp\/v2\/product_brand?post=22438"},{"taxonomy":"product_cat","embeddable":true,"href":"https:\/\/nordicmart.andreevmaster.com\/da\/wp-json\/wp\/v2\/product_cat?post=22438"},{"taxonomy":"product_tag","embeddable":true,"href":"https:\/\/nordicmart.andreevmaster.com\/da\/wp-json\/wp\/v2\/product_tag?post=22438"}],"curies":[{"name":"wp","href":"https:\/\/api.w.org\/{rel}","templated":true}]}}