{"id":22431,"date":"2026-02-27T00:15:37","date_gmt":"2026-02-27T00:15:37","guid":{"rendered":"https:\/\/nordicmart.andreevmaster.com\/product\/jackie-town-sengetoj-med-fyld-storrelse-m\/"},"modified":"2026-02-27T08:59:00","modified_gmt":"2026-02-27T08:59:00","slug":"jackie-town-sengetoj-med-fyld-storrelse-m","status":"publish","type":"product","link":"https:\/\/nordicmart.andreevmaster.com\/da\/vare\/jackie-town-sengetoj-med-fyld-storrelse-m\/","title":{"rendered":"Jackie Town senget\u00f8j med fyld st\u00f8rrelse M"},"content":{"rendered":"<p>M\u00f8d den farverige verden af vores nye ven, hunden Jackie. Vores firbenede ven vil helt sikkert vinde dine sm\u00e5s hjerter og s\u00f8rge for, at deres dr\u00f8mme bliver fredfyldte og fulde af fantastiske eventyr. Jackie giver ikke kun en fredfyldt s\u00f8vn, men det er ogs\u00e5 sjovt for dit barn at f\u00f8lge vores modige hund i hans fantastiske bedrifter. Med det i tankerne har vi lagt stor v\u00e6gt p\u00e5 alle detaljer. <\/p>\n<p>Den sorte kant, som puden og dynen er kantet med, giver en ubestridelig charme. Senget\u00f8jet er bl\u00f8dt, let og fugtbestandigt. Alt sammen takket v\u00e6re den allergivenlige fyldning af h\u00f8jkvalitets silikone-ikke-v\u00e6vet stof. Pudebetr\u00e6k af h\u00f8jkvalitets, certificeret bomuld er \u00e5ndbare og giver en behagelig omslutning til dit barn. Senget\u00f8j med fuld fyldning kan vaskes i vaskemaskinen, hvilket g\u00f8r det b\u00e5de behageligt og hygiejnisk.**Detaljer:** &#8211; designet og fremstillet i Polen &#8211; originale dyremotiver p\u00e5 begge sider af betr\u00e6kket &#8211; trykte elementer falmer ikke (selv efter gentagne vaske) &#8211; 100 % bomuld med en tr\u00e5dv\u00e6gt p\u00e5 150 g\/m2 og et Oeko-Tex Standard 100 IW 00034-certifikat allergivenlig 200 g\/m2 silikonefiber<br \/>\n&#8211; vasketemperatur: 30 \u00b0C <\/p>\n<p>**St\u00f8rrelse:**<br \/>\nTil sm\u00e5 b\u00f8rn (0-5 \u00e5r):<br \/>\nPude: 40 x 60 cm<br \/>\nDyne: 100 x 135 cm<\/p>\n","protected":false},"excerpt":{"rendered":"<p>M\u00f8d den farverige verden af vores nye ven, hunden Jackie. Vores firbenede ven vil helt sikkert vinde dine sm\u00e5s hjerter og s\u00f8rge for, at deres dr\u00f8mme bliver fredfyldte og fulde af fantastiske eventyr. Jackie giver ikke kun en fredfyldt s\u00f8vn, men det er ogs\u00e5 sjovt for dit barn at f\u00f8lge vores modige hund i hans [&hellip;]<\/p>\n","protected":false},"featured_media":0,"comment_status":"open","ping_status":"closed","template":"","meta":[],"product_brand":[],"product_cat":[31],"product_tag":[],"class_list":{"0":"post-22431","1":"product","2":"type-product","3":"status-publish","5":"product_cat-uncategorized-da","7":"first","8":"instock","9":"shipping-taxable","10":"purchasable","11":"product-type-simple"},"_links":{"self":[{"href":"https:\/\/nordicmart.andreevmaster.com\/da\/wp-json\/wp\/v2\/product\/22431","targetHints":{"allow":["GET"]}}],"collection":[{"href":"https:\/\/nordicmart.andreevmaster.com\/da\/wp-json\/wp\/v2\/product"}],"about":[{"href":"https:\/\/nordicmart.andreevmaster.com\/da\/wp-json\/wp\/v2\/types\/product"}],"replies":[{"embeddable":true,"href":"https:\/\/nordicmart.andreevmaster.com\/da\/wp-json\/wp\/v2\/comments?post=22431"}],"wp:attachment":[{"href":"https:\/\/nordicmart.andreevmaster.com\/da\/wp-json\/wp\/v2\/media?parent=22431"}],"wp:term":[{"taxonomy":"product_brand","embeddable":true,"href":"https:\/\/nordicmart.andreevmaster.com\/da\/wp-json\/wp\/v2\/product_brand?post=22431"},{"taxonomy":"product_cat","embeddable":true,"href":"https:\/\/nordicmart.andreevmaster.com\/da\/wp-json\/wp\/v2\/product_cat?post=22431"},{"taxonomy":"product_tag","embeddable":true,"href":"https:\/\/nordicmart.andreevmaster.com\/da\/wp-json\/wp\/v2\/product_tag?post=22431"}],"curies":[{"name":"wp","href":"https:\/\/api.w.org\/{rel}","templated":true}]}}