{"id":22228,"date":"2026-02-27T00:14:52","date_gmt":"2026-02-27T00:14:52","guid":{"rendered":"https:\/\/nordicmart.andreevmaster.com\/product\/jersey-lagen-90x200-hvid\/"},"modified":"2026-02-27T08:58:25","modified_gmt":"2026-02-27T08:58:25","slug":"jersey-lagen-90x200-hvid","status":"publish","type":"product","link":"https:\/\/nordicmart.andreevmaster.com\/da\/vare\/jersey-lagen-90x200-hvid\/","title":{"rendered":"Jersey-lagen 90X200 hvid"},"content":{"rendered":"<p>Detaljer: <\/p>\n<p>&#8211; lagen fremstillet af naturlig bomuld med Oeko-TEX Standard 100 IW 00034-certifikat <\/p>\n<p>&#8211; lagen har International Cotton Mark  <\/p>\n<p>&#8211; delikat og bl\u00f8dt at r\u00f8re ved <\/p>\n<p>&#8211; afsluttet med et elastisk b\u00e5nd, der forhindrer, at det glider p\u00e5 madrassen <\/p>\n<p>&#8211; passer perfekt til senge i st\u00f8rrelsen 90&#215;200<\/p>\n<p> Vaskeanvisning:<br \/>\n &#8211; maskinvask ved 40\u00b0<br \/>\n &#8211; strygning ved temperaturer p\u00e5 h\u00f8jst 110\u00b0<br \/>\n &#8211; m\u00e5 ikke bleges<br \/>\n &#8211; m\u00e5 ikke t\u00f8rretumbles <\/p>\n<p>Materiale: <\/p>\n<p>&#8211; 100 % bomuld med en tr\u00e5dv\u00e6gt p\u00e5 150 g\/m2 med Oeko-TEX Standard 100-certifikat  <\/p>\n<p> M\u00e5l: <\/p>\n<p>XL: 90&#215;200 cm, h\u00f8jde 15 cm<\/p>\n","protected":false},"excerpt":{"rendered":"<p>Detaljer: &#8211; lagen fremstillet af naturlig bomuld med Oeko-TEX Standard 100 IW 00034-certifikat &#8211; lagen har International Cotton Mark &#8211; delikat og bl\u00f8dt at r\u00f8re ved &#8211; afsluttet med et elastisk b\u00e5nd, der forhindrer, at det glider p\u00e5 madrassen &#8211; passer perfekt til senge i st\u00f8rrelsen 90&#215;200 Vaskeanvisning: &#8211; maskinvask ved 40\u00b0 &#8211; strygning ved [&hellip;]<\/p>\n","protected":false},"featured_media":0,"comment_status":"open","ping_status":"closed","template":"","meta":[],"product_brand":[],"product_cat":[31],"product_tag":[],"class_list":{"0":"post-22228","1":"product","2":"type-product","3":"status-publish","5":"product_cat-uncategorized-da","7":"first","8":"instock","9":"shipping-taxable","10":"purchasable","11":"product-type-simple"},"_links":{"self":[{"href":"https:\/\/nordicmart.andreevmaster.com\/da\/wp-json\/wp\/v2\/product\/22228","targetHints":{"allow":["GET"]}}],"collection":[{"href":"https:\/\/nordicmart.andreevmaster.com\/da\/wp-json\/wp\/v2\/product"}],"about":[{"href":"https:\/\/nordicmart.andreevmaster.com\/da\/wp-json\/wp\/v2\/types\/product"}],"replies":[{"embeddable":true,"href":"https:\/\/nordicmart.andreevmaster.com\/da\/wp-json\/wp\/v2\/comments?post=22228"}],"wp:attachment":[{"href":"https:\/\/nordicmart.andreevmaster.com\/da\/wp-json\/wp\/v2\/media?parent=22228"}],"wp:term":[{"taxonomy":"product_brand","embeddable":true,"href":"https:\/\/nordicmart.andreevmaster.com\/da\/wp-json\/wp\/v2\/product_brand?post=22228"},{"taxonomy":"product_cat","embeddable":true,"href":"https:\/\/nordicmart.andreevmaster.com\/da\/wp-json\/wp\/v2\/product_cat?post=22228"},{"taxonomy":"product_tag","embeddable":true,"href":"https:\/\/nordicmart.andreevmaster.com\/da\/wp-json\/wp\/v2\/product_tag?post=22228"}],"curies":[{"name":"wp","href":"https:\/\/api.w.org\/{rel}","templated":true}]}}