{"id":22165,"date":"2026-02-27T00:14:38","date_gmt":"2026-02-27T00:14:38","guid":{"rendered":"https:\/\/nordicmart.andreevmaster.com\/product\/smykkeskab-rammelost-ekstra-bredt-opbevaringsstativ-med-spejl-smykkearrangor-med-kroge-og-indbygget-spejl-makeup-aflaselig-jbc63wv1-2\/"},"modified":"2026-02-27T08:58:14","modified_gmt":"2026-02-27T08:58:14","slug":"smykkeskab-rammelost-ekstra-bredt-opbevaringsstativ-med-spejl-smykkearrangor-med-kroge-og-indbygget-spejl-makeup-aflaselig-jbc63wv1-2","status":"publish","type":"product","link":"https:\/\/nordicmart.andreevmaster.com\/da\/vare\/smykkeskab-rammelost-ekstra-bredt-opbevaringsstativ-med-spejl-smykkearrangor-med-kroge-og-indbygget-spejl-makeup-aflaselig-jbc63wv1-2\/","title":{"rendered":"Smykkeskab, rammel\u00f8st ekstra bredt opbevaringsstativ med spejl, smykkearrang\u00f8r med kroge og indbygget spejl, makeup, afl\u00e5selig, JBC63WV1"},"content":{"rendered":"<p>DELIKAT UDSEENDE: Med spejld\u00f8ren i fuld st\u00f8rrelse ser dette skab delikat og elegant ud. Spejlet er helt glat, reflekterer perfekt og forvr\u00e6nger ikke billedet.<\/p>\n<p>NYTTIG DESIGN: Smykkeskab, sminkespejl og opbevaringshylde i \u00e9t, denne genstand er praktisk at bruge. Udstyret med indbygget spejl og kommode er dette skab praktisk, n\u00e5r du skal sminke dig og b\u00e6re smykker. Vedh\u00e6ftet med metalringe p\u00e5 de to sider, hvilket er praktisk til at opbevare dine t\u00f8rkl\u00e6der.<\/p>\n<p>MILJ\u00d8VENLIGE MATERIALER: Belagt med milj\u00f8venlig lak og lavet af E1-grad standarddensitetsplade, er dette opbevaringsskab ikke-giftigt, ikke-forurenende, ridsefast, anti-deformation og varmebestandigt.<\/p>\n<p>SIKKER AT BRUGE: Med l\u00e5sev\u00e6rkt\u00f8j og 2 n\u00f8gler kan dette skab l\u00e5ses, og du beh\u00f8ver ikke at bekymre dig om dine v\u00e6rdigenstande. Vedh\u00e6ftet med d\u00f8rmagnet kan d\u00f8ren lukkes t\u00e6t. Med afrundede hj\u00f8rner er det sikkert at bruge.<\/p>\n<p>STOR OPBEVARINGSKAPACITET: Fantastisk opbevaringsplads med kroge og melleml\u00e6g (inkluderer 54 huller til \u00f8reringe, 18 huller til \u00f8restikker, 24 kroge til halsk\u00e6der, 60 huller til ringe, 3 plastbeholdere til penne, 3 plastgitter, 3 hylder, 4 rum og 1 t\u00f8rkl\u00e6destativ)Hvis du er p\u00e5 udkig efter et sminkespejl med opbevaringsmuligheder, er Songmics spejl-, makeup- og smykkeskab det perfekte valg. Udf\u00f8relsen er af h\u00f8j kvalitet, og der er t\u00e6nkt over alle detaljer. Fra design, struktur, fremstilling til emballering og forsendelse stiller vi h\u00f8je krav til hver eneste del for at opfylde dine kvalitetskrav. Der medf\u00f8lger selvkl\u00e6bende velcrob\u00e5nd, som du kan s\u00e6tte fast p\u00e5 bagsiden af skabet og p\u00e5 d\u00f8ren\/v\u00e6ggen for at forhindre, at skabet svajer. Skabet giver masser af plads, og endelig kan alt organiseres p\u00e6nt uden at blive rodet sammen. Det er nemt at finde de \u00f8nskede smykker og makeup-artikler, n\u00e5r man kigger sig i spejlet og tager t\u00f8j p\u00e5. Bem\u00e6rkninger:- Spejlet er skr\u00f8beligt, s\u00e5 h\u00e5ndter det med forsigtighed, s\u00e5 det ikke g\u00e5r i stykker.- Metaloph\u00e6ng passer til d\u00f8re med en d\u00f8rtykkelse p\u00e5 ca. 4 cm, og den \u00f8verste luftspalte mellem d\u00f8rblad og karm b\u00f8r ikke v\u00e6re mindre end 3 mm. &#8211; D\u00f8ren kan \u00e5bnes ca. 120\u00b0.Produktdetaljer: &#8211; Farve: hvid- Materiale: milj\u00f8venlig MDF-plade- M\u00e5l: 37 x 110 x 9,5 cm (B x H x D)- M\u00e5l p\u00e5 udvendigt spejl: 36,5 x 110 cm (B x H)- M\u00e5l p\u00e5 indvendigt spejl: 34,5 x 20,5 cm (B x H)- M\u00e5l p\u00e5 foldbar indvendig hylde: 34 x 19 cm (B x D)Leveringsomfang:- 1 x spejl- og smykkeskab- 2 x d\u00f8rkroge- 1 x hardwarepose- 1 x velcrob\u00e5nd- 2 x n\u00f8gler- 1 x brugsanvisning (tysk, engelsk, fransk, italiensk, spansk).<\/p>\n","protected":false},"excerpt":{"rendered":"<p>DELIKAT UDSEENDE: Med spejld\u00f8ren i fuld st\u00f8rrelse ser dette skab delikat og elegant ud. Spejlet er helt glat, reflekterer perfekt og forvr\u00e6nger ikke billedet. NYTTIG DESIGN: Smykkeskab, sminkespejl og opbevaringshylde i \u00e9t, denne genstand er praktisk at bruge. Udstyret med indbygget spejl og kommode er dette skab praktisk, n\u00e5r du skal sminke dig og b\u00e6re [&hellip;]<\/p>\n","protected":false},"featured_media":0,"comment_status":"open","ping_status":"closed","template":"","meta":[],"product_brand":[],"product_cat":[31],"product_tag":[],"class_list":{"0":"post-22165","1":"product","2":"type-product","3":"status-publish","5":"product_cat-uncategorized-da","7":"first","8":"instock","9":"shipping-taxable","10":"product-type-simple"},"_links":{"self":[{"href":"https:\/\/nordicmart.andreevmaster.com\/da\/wp-json\/wp\/v2\/product\/22165","targetHints":{"allow":["GET"]}}],"collection":[{"href":"https:\/\/nordicmart.andreevmaster.com\/da\/wp-json\/wp\/v2\/product"}],"about":[{"href":"https:\/\/nordicmart.andreevmaster.com\/da\/wp-json\/wp\/v2\/types\/product"}],"replies":[{"embeddable":true,"href":"https:\/\/nordicmart.andreevmaster.com\/da\/wp-json\/wp\/v2\/comments?post=22165"}],"wp:attachment":[{"href":"https:\/\/nordicmart.andreevmaster.com\/da\/wp-json\/wp\/v2\/media?parent=22165"}],"wp:term":[{"taxonomy":"product_brand","embeddable":true,"href":"https:\/\/nordicmart.andreevmaster.com\/da\/wp-json\/wp\/v2\/product_brand?post=22165"},{"taxonomy":"product_cat","embeddable":true,"href":"https:\/\/nordicmart.andreevmaster.com\/da\/wp-json\/wp\/v2\/product_cat?post=22165"},{"taxonomy":"product_tag","embeddable":true,"href":"https:\/\/nordicmart.andreevmaster.com\/da\/wp-json\/wp\/v2\/product_tag?post=22165"}],"curies":[{"name":"wp","href":"https:\/\/api.w.org\/{rel}","templated":true}]}}