{"id":22158,"date":"2026-02-27T00:14:37","date_gmt":"2026-02-27T00:14:37","guid":{"rendered":"https:\/\/nordicmart.andreevmaster.com\/product\/smykkeskrin-i-traelook-2\/"},"modified":"2026-02-27T08:58:12","modified_gmt":"2026-02-27T08:58:12","slug":"smykkeskrin-i-traelook-2","status":"publish","type":"product","link":"https:\/\/nordicmart.andreevmaster.com\/da\/vare\/smykkeskrin-i-traelook-2\/","title":{"rendered":"Smykkeskrin i tr\u00e6look"},"content":{"rendered":"<p>Er dine yndlingssmykker allerede ved at flyde ud af dit smykkeskrin? Udskift blot dit gamle smykkeskrin med dette st\u00f8rre smykkeskrin, og hold styr p\u00e5 alle dine smykker. Det er slut med at rode rundt i rodede skuffer for at finde det rigtige smykke! Nu kan du finde alle dine smykker p\u00e5 et \u00f8jeblik, godt beskyttet mod kvikke b\u00f8rneh\u00e6nder: Du ville helt sikkert ikke v\u00e6re glad, hvis du kom hjem fra arbejde og fandt dine smykker knudrede og beskidte i b\u00f8rnev\u00e6relset. Og det kan jo ske igen i morgen! Men bare rolig! Dette l\u00e5sbare smykkeskrin holder dine v\u00e6rdigenstande uden for b\u00f8rneh\u00e6ndernes r\u00e6kkevidde, og et spejl er et must: N\u00e5r du pr\u00f8ver smykker, er et kig i spejlet et must. Med dette SONGMICS smykkeskrin med spejl kan du sige farvel til de dage, hvor du var n\u00f8dt til at l\u00f8be frem og tilbage mellem toiletbordet og badev\u00e6relset. T\u00f8v ikke l\u00e6ngere, og k\u00f8b dette smykkeskrin til dit hjem! Produktdetaljer: Farve: hvid Materiale: MDF, fl\u00f8jl, glas Produktst\u00f8rrelse: 31 x 21 x 27,2 cm (B x D x H) Produktv\u00e6gt: 4,7 kg Leveringsomfang: 1 x smykkeskrin<\/p>\n","protected":false},"excerpt":{"rendered":"<p>Er dine yndlingssmykker allerede ved at flyde ud af dit smykkeskrin? Udskift blot dit gamle smykkeskrin med dette st\u00f8rre smykkeskrin, og hold styr p\u00e5 alle dine smykker. Det er slut med at rode rundt i rodede skuffer for at finde det rigtige smykke! Nu kan du finde alle dine smykker p\u00e5 et \u00f8jeblik, godt beskyttet [&hellip;]<\/p>\n","protected":false},"featured_media":0,"comment_status":"open","ping_status":"closed","template":"","meta":[],"product_brand":[],"product_cat":[31],"product_tag":[],"class_list":{"0":"post-22158","1":"product","2":"type-product","3":"status-publish","5":"product_cat-uncategorized-da","7":"first","8":"instock","9":"shipping-taxable","10":"product-type-simple"},"_links":{"self":[{"href":"https:\/\/nordicmart.andreevmaster.com\/da\/wp-json\/wp\/v2\/product\/22158","targetHints":{"allow":["GET"]}}],"collection":[{"href":"https:\/\/nordicmart.andreevmaster.com\/da\/wp-json\/wp\/v2\/product"}],"about":[{"href":"https:\/\/nordicmart.andreevmaster.com\/da\/wp-json\/wp\/v2\/types\/product"}],"replies":[{"embeddable":true,"href":"https:\/\/nordicmart.andreevmaster.com\/da\/wp-json\/wp\/v2\/comments?post=22158"}],"wp:attachment":[{"href":"https:\/\/nordicmart.andreevmaster.com\/da\/wp-json\/wp\/v2\/media?parent=22158"}],"wp:term":[{"taxonomy":"product_brand","embeddable":true,"href":"https:\/\/nordicmart.andreevmaster.com\/da\/wp-json\/wp\/v2\/product_brand?post=22158"},{"taxonomy":"product_cat","embeddable":true,"href":"https:\/\/nordicmart.andreevmaster.com\/da\/wp-json\/wp\/v2\/product_cat?post=22158"},{"taxonomy":"product_tag","embeddable":true,"href":"https:\/\/nordicmart.andreevmaster.com\/da\/wp-json\/wp\/v2\/product_tag?post=22158"}],"curies":[{"name":"wp","href":"https:\/\/api.w.org\/{rel}","templated":true}]}}