{"id":22149,"date":"2026-02-27T00:14:35","date_gmt":"2026-02-27T00:14:35","guid":{"rendered":"https:\/\/nordicmart.andreevmaster.com\/product\/professionel-kosmetikaeske-sort-2\/"},"modified":"2026-02-27T08:58:11","modified_gmt":"2026-02-27T08:58:11","slug":"professionel-kosmetikaeske-sort-2","status":"publish","type":"product","link":"https:\/\/nordicmart.andreevmaster.com\/da\/vare\/professionel-kosmetikaeske-sort-2\/","title":{"rendered":"Professionel kosmetik\u00e6ske sort"},"content":{"rendered":"<p>Det er endelig slut med at rode skufferne p\u00e5 toiletbordet igennem for at finde rouge eller eyeliner. Det sparer tid og frem for alt nerver, is\u00e6r om morgenen:Organiser l\u00e6bestift, pensler, pudder, mascara, neglelak, eyeliner og anden kosmetik p\u00e5 de to \u00f8verste, harmonikalignende niveauer i makeup-kufferten. Det nederste rum er ideelt til st\u00f8rre genstande som UV-lamper eller h\u00e5rt\u00f8rrere. Makeup-elskere g\u00e5r bestemt ikke galt i byen med denne makeup-kuffert, som ogs\u00e5 er velegnet til syt\u00f8j: En tabt n\u00e5l kan skade mennesker, selv alvorligt, hvis en baby f.eks. kravler rundt p\u00e5 dit gulv. S\u00e5 opbevar dit sys\u00e6t i denne kuffert, og glem ikke at l\u00e5se det \uff1a Er du professionel kosmetolog? Med den praktiske skulderrem kan du transportere din makeup fra A til B uden at bruge h\u00e6nderne, men hvis din kosmetik vejer meget sammen, anbefaler vi, at du ogs\u00e5 tager et kig p\u00e5 vores makeup-vogne.Produktdetaljer:Farve: SortMateriale: MDF (medium density fibreboard), ABS plast, aluminiumSt\u00f8rrelse: 36 x 22 x 25 cm (L x B x H)V\u00e6gt: 2,6 kgLeveringsomfang:1 x kosmetikkuffert2 x n\u00f8gler1 x skulderremSONGMICS r\u00e5d:Uds\u00e6t ikke produktet for direkte sollys.N\u00f8glerne er meget sm\u00e5. Opbevar dem derfor uden for b\u00f8rns r\u00e6kkevidde for at undg\u00e5 sundhedsfarer, f.eks. ved at sluge n\u00f8glerne.<\/p>\n","protected":false},"excerpt":{"rendered":"<p>Det er endelig slut med at rode skufferne p\u00e5 toiletbordet igennem for at finde rouge eller eyeliner. Det sparer tid og frem for alt nerver, is\u00e6r om morgenen:Organiser l\u00e6bestift, pensler, pudder, mascara, neglelak, eyeliner og anden kosmetik p\u00e5 de to \u00f8verste, harmonikalignende niveauer i makeup-kufferten. Det nederste rum er ideelt til st\u00f8rre genstande som UV-lamper [&hellip;]<\/p>\n","protected":false},"featured_media":0,"comment_status":"open","ping_status":"closed","template":"","meta":[],"product_brand":[],"product_cat":[31],"product_tag":[],"class_list":{"0":"post-22149","1":"product","2":"type-product","3":"status-publish","5":"product_cat-uncategorized-da","7":"first","8":"instock","9":"shipping-taxable","10":"product-type-simple"},"_links":{"self":[{"href":"https:\/\/nordicmart.andreevmaster.com\/da\/wp-json\/wp\/v2\/product\/22149","targetHints":{"allow":["GET"]}}],"collection":[{"href":"https:\/\/nordicmart.andreevmaster.com\/da\/wp-json\/wp\/v2\/product"}],"about":[{"href":"https:\/\/nordicmart.andreevmaster.com\/da\/wp-json\/wp\/v2\/types\/product"}],"replies":[{"embeddable":true,"href":"https:\/\/nordicmart.andreevmaster.com\/da\/wp-json\/wp\/v2\/comments?post=22149"}],"wp:attachment":[{"href":"https:\/\/nordicmart.andreevmaster.com\/da\/wp-json\/wp\/v2\/media?parent=22149"}],"wp:term":[{"taxonomy":"product_brand","embeddable":true,"href":"https:\/\/nordicmart.andreevmaster.com\/da\/wp-json\/wp\/v2\/product_brand?post=22149"},{"taxonomy":"product_cat","embeddable":true,"href":"https:\/\/nordicmart.andreevmaster.com\/da\/wp-json\/wp\/v2\/product_cat?post=22149"},{"taxonomy":"product_tag","embeddable":true,"href":"https:\/\/nordicmart.andreevmaster.com\/da\/wp-json\/wp\/v2\/product_tag?post=22149"}],"curies":[{"name":"wp","href":"https:\/\/api.w.org\/{rel}","templated":true}]}}