{"id":22111,"date":"2026-02-27T00:14:26","date_gmt":"2026-02-27T00:14:26","guid":{"rendered":"https:\/\/nordicmart.andreevmaster.com\/product\/anah-collection-suuri-kapasiteetti-korut-laatikko-peili-korut-jarjestaja-laatikko-ommeltu-pu-pinta-106-x-15-x-63-tuumaa-joululahja-pilvi-valkoinen\/"},"modified":"2026-02-27T08:58:04","modified_gmt":"2026-02-27T08:58:04","slug":"anah-collection-suuri-kapasiteetti-korut-laatikko-peili-korut-jarjestaja-laatikko-ommeltu-pu-pinta-106-x-15-x-63-tuumaa-joululahja-pilvi-valkoinen","status":"publish","type":"product","link":"https:\/\/nordicmart.andreevmaster.com\/da\/vare\/anah-collection-suuri-kapasiteetti-korut-laatikko-peili-korut-jarjestaja-laatikko-ommeltu-pu-pinta-106-x-15-x-63-tuumaa-joululahja-pilvi-valkoinen\/","title":{"rendered":"ANAH Collection Suuri kapasiteetti korut laatikko peili, korut j\u00e4rjest\u00e4j\u00e4 laatikko, ommeltu PU pinta, 10,6 x 15 x 6,3 tuumaa, joululahja, pilvi Valkoinen"},"content":{"rendered":"<p>Tyyli uudelleen m\u00e4\u00e4ritelty: SONGMICS HOME ANAH-kollektionen, den ultimative opbevaringsl\u00f8sning til smykker, har en elegant, glat PU-overflade med intrikat syning og et unikt pyramideformet design, der l\u00f8fter dine smykker og g\u00f8r dem til et unikt blikfang.Rummelig, opdelt opbevaring: \u00c5bn den udvidelige \u00f8verste del og kassen nedenunder, s\u00e5 du f\u00e5r adgang til separate rum til ringe, halsk\u00e6der, armb\u00e5nd og ure. Hvert smykke er stilfuldt arrangeret, s\u00e5 det er let tilg\u00e6ngeligt og p\u00e6nt organiseret.\u3010Alsidig og praktisk design\u3011Tag det aftagelige spejl ud for hurtig brug, eller s\u00e6t det fast i skillev\u00e6ggen for \u00f8jeblikkelig refleksion. 2 aftagelige \u00f8reringeplader og 2 urpuder, brug de tilpassede opbevaringsl\u00f8sninger, der er skr\u00e6ddersyet efter dine pr\u00e6ferencer.<br \/>\nPerfekt beskyttelse: Denne smykkeskrin med flydende bund er fremstillet af en robust MDF-ramme og en vand- og slidst\u00e6rk overflade, der er nem at reng\u00f8re, og er designet til langvarig beskyttelse. Den bl\u00f8de fl\u00f8jlsforing beskytter dine smykker mod ridser.<br \/>\nElegant gave: Se denne smykkeskrin, der pynter i badev\u00e6relset, sovev\u00e6relset, p\u00e5kl\u00e6dningsv\u00e6relset eller stuen. Den er den perfekte gave til s\u00e6rlige lejligheder, ideel til smykkeglade, der v\u00e6rds\u00e6tter b\u00e5de stil og praktisk anvendelighed. Tekniske oplysninger: Farver: Farve: Farve: Cloud White<br \/>\nMateriale: Hvid, hvid, hvid, hvid, hvid, hvid, hvid, hvid, hvid, hvid: PU (polyurethan) l\u00e6der, MDF (medium densitet fiberplade), fl\u00f8jl, metal, glas.Produktst\u00f8rrelse: 10,6&#8243; D x 15&#8243; B x 6,3&#8243; H (27 x 38 x 16 cm)<br \/>\nProduktv\u00e6gt: 4,5 kg (9,9 lb).<\/p>\n<p>Indhold i pakken:<br \/>\n1 x smykkeskrin<\/p>\n","protected":false},"excerpt":{"rendered":"<p>Tyyli uudelleen m\u00e4\u00e4ritelty: SONGMICS HOME ANAH-kollektionen, den ultimative opbevaringsl\u00f8sning til smykker, har en elegant, glat PU-overflade med intrikat syning og et unikt pyramideformet design, der l\u00f8fter dine smykker og g\u00f8r dem til et unikt blikfang.Rummelig, opdelt opbevaring: \u00c5bn den udvidelige \u00f8verste del og kassen nedenunder, s\u00e5 du f\u00e5r adgang til separate rum til ringe, halsk\u00e6der, [&hellip;]<\/p>\n","protected":false},"featured_media":0,"comment_status":"open","ping_status":"closed","template":"","meta":[],"product_brand":[],"product_cat":[31],"product_tag":[],"class_list":{"0":"post-22111","1":"product","2":"type-product","3":"status-publish","5":"product_cat-uncategorized-da","7":"first","8":"instock","9":"shipping-taxable","10":"product-type-simple"},"_links":{"self":[{"href":"https:\/\/nordicmart.andreevmaster.com\/da\/wp-json\/wp\/v2\/product\/22111","targetHints":{"allow":["GET"]}}],"collection":[{"href":"https:\/\/nordicmart.andreevmaster.com\/da\/wp-json\/wp\/v2\/product"}],"about":[{"href":"https:\/\/nordicmart.andreevmaster.com\/da\/wp-json\/wp\/v2\/types\/product"}],"replies":[{"embeddable":true,"href":"https:\/\/nordicmart.andreevmaster.com\/da\/wp-json\/wp\/v2\/comments?post=22111"}],"wp:attachment":[{"href":"https:\/\/nordicmart.andreevmaster.com\/da\/wp-json\/wp\/v2\/media?parent=22111"}],"wp:term":[{"taxonomy":"product_brand","embeddable":true,"href":"https:\/\/nordicmart.andreevmaster.com\/da\/wp-json\/wp\/v2\/product_brand?post=22111"},{"taxonomy":"product_cat","embeddable":true,"href":"https:\/\/nordicmart.andreevmaster.com\/da\/wp-json\/wp\/v2\/product_cat?post=22111"},{"taxonomy":"product_tag","embeddable":true,"href":"https:\/\/nordicmart.andreevmaster.com\/da\/wp-json\/wp\/v2\/product_tag?post=22111"}],"curies":[{"name":"wp","href":"https:\/\/api.w.org\/{rel}","templated":true}]}}