{"id":22037,"date":"2026-02-27T00:14:10","date_gmt":"2026-02-27T00:14:10","guid":{"rendered":"https:\/\/nordicmart.andreevmaster.com\/product\/lille-smykkeskrin-sort-2\/"},"modified":"2026-02-27T08:57:52","modified_gmt":"2026-02-27T08:57:52","slug":"lille-smykkeskrin-sort-2","status":"publish","type":"product","link":"https:\/\/nordicmart.andreevmaster.com\/da\/vare\/lille-smykkeskrin-sort-2\/","title":{"rendered":"Lille smykkeskrin sort"},"content":{"rendered":"<p>Dette let transportable smykkeskrin fra SONGMICS med s\u00e6rlig charme og fremragende funktionalitet er det bedste valg til at holde orden p\u00e5 dine sm\u00e5 smykker p\u00e5 rejsen eller p\u00e5 bordet. Smykkeskrin til ferien eller weekendturen! Klik p\u00e5 &#8220;L\u00e6g i kurv&#8221; nu, og f\u00e5 dette vidunderlige smykkeskrin med det samme! Produktdetaljer:Farve: sortMateriale: PU, pap, fl\u00f8jlNettov\u00e6gt: 0,2 kgBruttov\u00e6gt:0,27 kgLeveringsomfang:1 x smykkeskrin<\/p>\n","protected":false},"excerpt":{"rendered":"<p>Dette let transportable smykkeskrin fra SONGMICS med s\u00e6rlig charme og fremragende funktionalitet er det bedste valg til at holde orden p\u00e5 dine sm\u00e5 smykker p\u00e5 rejsen eller p\u00e5 bordet. Smykkeskrin til ferien eller weekendturen! Klik p\u00e5 &#8220;L\u00e6g i kurv&#8221; nu, og f\u00e5 dette vidunderlige smykkeskrin med det samme! Produktdetaljer:Farve: sortMateriale: PU, pap, fl\u00f8jlNettov\u00e6gt: 0,2 kgBruttov\u00e6gt:0,27 [&hellip;]<\/p>\n","protected":false},"featured_media":0,"comment_status":"open","ping_status":"closed","template":"","meta":[],"product_brand":[],"product_cat":[31],"product_tag":[],"class_list":{"0":"post-22037","1":"product","2":"type-product","3":"status-publish","5":"product_cat-uncategorized-da","7":"first","8":"instock","9":"shipping-taxable","10":"product-type-simple"},"_links":{"self":[{"href":"https:\/\/nordicmart.andreevmaster.com\/da\/wp-json\/wp\/v2\/product\/22037","targetHints":{"allow":["GET"]}}],"collection":[{"href":"https:\/\/nordicmart.andreevmaster.com\/da\/wp-json\/wp\/v2\/product"}],"about":[{"href":"https:\/\/nordicmart.andreevmaster.com\/da\/wp-json\/wp\/v2\/types\/product"}],"replies":[{"embeddable":true,"href":"https:\/\/nordicmart.andreevmaster.com\/da\/wp-json\/wp\/v2\/comments?post=22037"}],"wp:attachment":[{"href":"https:\/\/nordicmart.andreevmaster.com\/da\/wp-json\/wp\/v2\/media?parent=22037"}],"wp:term":[{"taxonomy":"product_brand","embeddable":true,"href":"https:\/\/nordicmart.andreevmaster.com\/da\/wp-json\/wp\/v2\/product_brand?post=22037"},{"taxonomy":"product_cat","embeddable":true,"href":"https:\/\/nordicmart.andreevmaster.com\/da\/wp-json\/wp\/v2\/product_cat?post=22037"},{"taxonomy":"product_tag","embeddable":true,"href":"https:\/\/nordicmart.andreevmaster.com\/da\/wp-json\/wp\/v2\/product_tag?post=22037"}],"curies":[{"name":"wp","href":"https:\/\/api.w.org\/{rel}","templated":true}]}}