{"id":22013,"date":"2026-02-27T00:14:04","date_gmt":"2026-02-27T00:14:04","guid":{"rendered":"https:\/\/nordicmart.andreevmaster.com\/product\/in-the-woods-sengetojssaet-med-fyld-i-storrelse-m\/"},"modified":"2026-02-27T08:57:48","modified_gmt":"2026-02-27T08:57:48","slug":"in-the-woods-sengetojssaet-med-fyld-i-storrelse-m","status":"publish","type":"product","link":"https:\/\/nordicmart.andreevmaster.com\/da\/vare\/in-the-woods-sengetojssaet-med-fyld-i-storrelse-m\/","title":{"rendered":"In the woods senget\u00f8jss\u00e6t med fyld i st\u00f8rrelse M"},"content":{"rendered":"<p>Et s\u00e6t bomulds-senget\u00f8j med pude og dyne, velegnet til b\u00f8rn i alderen 0 til 5 \u00e5r.<\/p>\n<p>Alle b\u00f8rn elsker dyr og historier om dyr. Derfor har vi besluttet at skabe vores egen serie &#8220;In the Woods&#8221; med unikke og farverige dyre- og plantemotiver. Vores bj\u00f8rn har sokker p\u00e5, og vores hjort er mintgr\u00f8n med prikker! Vi \u00f8nskede at skabe en munter og farverig stemning. Vi har t\u00e6nkt p\u00e5 alle detaljer. Den sidste finish er pipingen, som vi har tilf\u00f8jet til dynen og puden. <\/p>\n<p>Senget\u00f8jet er let, delikat og absorberer ikke fugt takket v\u00e6re det allergivenlige silikonefiberfyld. De h\u00f8jkvalitetsbetr\u00e6k af certificeret bomuld er \u00e5ndbare og sikrer dit barn en behagelig s\u00f8vn.<\/p>\n<p>Senget\u00f8jet, inklusive fyldet, kan vaskes i maskine, hvilket g\u00f8r det praktisk og hygiejnisk. <\/p>\n<p>**Detaljer:**<br \/>\n&#8211; designet og fremstillet i Polen<br \/>\n&#8211; originale dyremotiver p\u00e5 begge sider af betr\u00e6kket<br \/>\n&#8211; trykte elementer falmer ikke (selv efter gentagne vaske)<br \/>\n&#8211; 100 % bomuld med en tr\u00e5dv\u00e6gt p\u00e5 150 g\/m2 og et Oeko-Tex Standard 100 IW 00034<br \/>\n&#8211; certifikat; allergivenlig 200 g\/m2 silikonefiber<br \/>\n&#8211; vasketemperatur: 30 \u00b0C <\/p>\n<p>**St\u00f8rrelser:**<br \/>\nTil sm\u00e5 b\u00f8rn:<br \/>\nPude: 40 x 60 cm<br \/>\nDyne: 100&#215;135 cm <\/p>\n<p>**Til st\u00f8rre b\u00f8rn: **<br \/>\nPude: 40&#215;60 cm<br \/>\nDyne: 140&#215;200 cm<\/p>\n<p>**Anbefales til dette s\u00e6t: **<br \/>\nTilbeh\u00f8r til dette senget\u00f8jss\u00e6t:<br \/>\n&#8211; &#8220;In the Woods&#8221;-lagen med uregelm\u00e6ssige prikker (matchende) eller med diagonale striber og stjerner<br \/>\n&#8211; Piqu\u00e9-betr\u00e6k med stjernem\u00f8nster i en af to tilg\u00e6ngelige farver: cremehvid eller delikat gr\u00e5<\/p>\n","protected":false},"excerpt":{"rendered":"<p>Et s\u00e6t bomulds-senget\u00f8j med pude og dyne, velegnet til b\u00f8rn i alderen 0 til 5 \u00e5r. Alle b\u00f8rn elsker dyr og historier om dyr. Derfor har vi besluttet at skabe vores egen serie &#8220;In the Woods&#8221; med unikke og farverige dyre- og plantemotiver. Vores bj\u00f8rn har sokker p\u00e5, og vores hjort er mintgr\u00f8n med prikker! [&hellip;]<\/p>\n","protected":false},"featured_media":0,"comment_status":"open","ping_status":"closed","template":"","meta":[],"product_brand":[],"product_cat":[31],"product_tag":[],"class_list":{"0":"post-22013","1":"product","2":"type-product","3":"status-publish","5":"product_cat-uncategorized-da","7":"first","8":"instock","9":"shipping-taxable","10":"purchasable","11":"product-type-simple"},"_links":{"self":[{"href":"https:\/\/nordicmart.andreevmaster.com\/da\/wp-json\/wp\/v2\/product\/22013","targetHints":{"allow":["GET"]}}],"collection":[{"href":"https:\/\/nordicmart.andreevmaster.com\/da\/wp-json\/wp\/v2\/product"}],"about":[{"href":"https:\/\/nordicmart.andreevmaster.com\/da\/wp-json\/wp\/v2\/types\/product"}],"replies":[{"embeddable":true,"href":"https:\/\/nordicmart.andreevmaster.com\/da\/wp-json\/wp\/v2\/comments?post=22013"}],"wp:attachment":[{"href":"https:\/\/nordicmart.andreevmaster.com\/da\/wp-json\/wp\/v2\/media?parent=22013"}],"wp:term":[{"taxonomy":"product_brand","embeddable":true,"href":"https:\/\/nordicmart.andreevmaster.com\/da\/wp-json\/wp\/v2\/product_brand?post=22013"},{"taxonomy":"product_cat","embeddable":true,"href":"https:\/\/nordicmart.andreevmaster.com\/da\/wp-json\/wp\/v2\/product_cat?post=22013"},{"taxonomy":"product_tag","embeddable":true,"href":"https:\/\/nordicmart.andreevmaster.com\/da\/wp-json\/wp\/v2\/product_tag?post=22013"}],"curies":[{"name":"wp","href":"https:\/\/api.w.org\/{rel}","templated":true}]}}