{"id":22011,"date":"2026-02-27T00:14:04","date_gmt":"2026-02-27T00:14:04","guid":{"rendered":"https:\/\/nordicmart.andreevmaster.com\/product\/in-the-woods-lagen-til-kurv\/"},"modified":"2026-02-27T08:57:48","modified_gmt":"2026-02-27T08:57:48","slug":"in-the-woods-lagen-til-kurv","status":"publish","type":"product","link":"https:\/\/nordicmart.andreevmaster.com\/da\/vare\/in-the-woods-lagen-til-kurv\/","title":{"rendered":"In the Woods lagen til kurv"},"content":{"rendered":"<p>Detaljer:<br \/>\n&#8211; lagen af bomuldsmuslin med Oeko-TEX Standard 100-certifikat,<br \/>\n&#8211; luftigt og bl\u00f8dt at r\u00f8re ved,<br \/>\n&#8211; afsluttet med et elastikb\u00e5nd, takket v\u00e6re hvilket det ikke glider af madrassen,<br \/>\n&#8211; farven falmer ikke, selv efter gentagen vask,<br \/>\n&#8211; ideelt egnet til en moseskurv, krybbe og barnevogn<\/p>\n<p>Stof:<br \/>\n&#8211; bomuld med Oeko-TEX Standard 100-certifikat<\/p>\n<p>M\u00e5l (cm):<br \/>\n&#8211; passer til madrasser p\u00e5 72&#215;25 og 65&#215;31<\/p>\n<p>Vask:<br \/>\n&#8211; maskinvaskbar (ved 30 grader),<br \/>\n&#8211; m\u00e5 ikke t\u00f8rretumbles,<br \/>\n&#8211; kan stryges fugtigt ved h\u00f8j temperatur,<br \/>\n&#8211; m\u00e5 ikke bleges.Farver:<br \/>\n&#8211; Sne,<br \/>\n&#8211; Honning,<br \/>\n&#8211; M\u00e6lk,<br \/>\n&#8211; Valmue,<br \/>\n&#8211; Mynte,<br \/>\n&#8211; Fin bl\u00e5<br \/>\n&#8211; Slik<\/p>\n","protected":false},"excerpt":{"rendered":"<p>Detaljer: &#8211; lagen af bomuldsmuslin med Oeko-TEX Standard 100-certifikat, &#8211; luftigt og bl\u00f8dt at r\u00f8re ved, &#8211; afsluttet med et elastikb\u00e5nd, takket v\u00e6re hvilket det ikke glider af madrassen, &#8211; farven falmer ikke, selv efter gentagen vask, &#8211; ideelt egnet til en moseskurv, krybbe og barnevogn Stof: &#8211; bomuld med Oeko-TEX Standard 100-certifikat M\u00e5l (cm): [&hellip;]<\/p>\n","protected":false},"featured_media":0,"comment_status":"open","ping_status":"closed","template":"","meta":[],"product_brand":[],"product_cat":[31],"product_tag":[],"class_list":{"0":"post-22011","1":"product","2":"type-product","3":"status-publish","5":"product_cat-uncategorized-da","7":"first","8":"instock","9":"shipping-taxable","10":"purchasable","11":"product-type-simple"},"_links":{"self":[{"href":"https:\/\/nordicmart.andreevmaster.com\/da\/wp-json\/wp\/v2\/product\/22011","targetHints":{"allow":["GET"]}}],"collection":[{"href":"https:\/\/nordicmart.andreevmaster.com\/da\/wp-json\/wp\/v2\/product"}],"about":[{"href":"https:\/\/nordicmart.andreevmaster.com\/da\/wp-json\/wp\/v2\/types\/product"}],"replies":[{"embeddable":true,"href":"https:\/\/nordicmart.andreevmaster.com\/da\/wp-json\/wp\/v2\/comments?post=22011"}],"wp:attachment":[{"href":"https:\/\/nordicmart.andreevmaster.com\/da\/wp-json\/wp\/v2\/media?parent=22011"}],"wp:term":[{"taxonomy":"product_brand","embeddable":true,"href":"https:\/\/nordicmart.andreevmaster.com\/da\/wp-json\/wp\/v2\/product_brand?post=22011"},{"taxonomy":"product_cat","embeddable":true,"href":"https:\/\/nordicmart.andreevmaster.com\/da\/wp-json\/wp\/v2\/product_cat?post=22011"},{"taxonomy":"product_tag","embeddable":true,"href":"https:\/\/nordicmart.andreevmaster.com\/da\/wp-json\/wp\/v2\/product_tag?post=22011"}],"curies":[{"name":"wp","href":"https:\/\/api.w.org\/{rel}","templated":true}]}}