{"id":22009,"date":"2026-02-27T00:14:03","date_gmt":"2026-02-27T00:14:03","guid":{"rendered":"https:\/\/nordicmart.andreevmaster.com\/product\/ines-neutral-gra-2-dors-garderobe\/"},"modified":"2026-02-27T08:57:47","modified_gmt":"2026-02-27T08:57:47","slug":"ines-neutral-gra-2-dors-garderobe","status":"publish","type":"product","link":"https:\/\/nordicmart.andreevmaster.com\/da\/vare\/ines-neutral-gra-2-dors-garderobe\/","title":{"rendered":"Ines neutral gr\u00e5 2-d\u00f8rs garderobe"},"content":{"rendered":"<p>En rummelig, pladsrig og funktionel garderobe er et uundv\u00e6rligt m\u00f8bel i ethvert rum (ikke kun til b\u00f8rn).<br \/>\nEn to-d\u00f8rs garderobe fra Ines-serien er et eksempel p\u00e5 et fantastisk design, og garderoben kan tilpasses dine individuelle behov.<br \/>\nIndvendigt har skabet en b\u00f8jlestang, seks hylder, hvoraf tre kan justeres, og 1 lang hylde i hele garderobeskabets bredde. I bunden af garderobeskabet er der en rummelig skuffe udstyret med sikre og p\u00e5lidelige Blum-skinner med lukkesystem.<br \/>\nM\u00f8blet er designet til b\u00e5de mindre og st\u00f8rre b\u00f8rn.<\/p>\n<p>**M\u00e5l (cm):**<br \/>\nh\u00f8jde: 180<br \/>\nbredde: 102<br \/>\ndybde: 51<\/p>\n<p>**M\u00f8belmaterialer og finish:**<br \/>\n&#8211; d\u00f8re, skuffefronter, sider, top og sokkel er lavet af lakeret MDF-plade i elegant hvid eller neutral gr\u00e5 farve<br \/>\n&#8211; kroppen er lavet af lamineret plade af h\u00f8j kvalitet, der er modstandsdygtig over for skader og fugt og nem at holde ren<br \/>\n&#8211; lydl\u00f8se skinner med selvlukkende funktion fra Blum<br \/>\n&#8211; h\u00e5ndlavede porcel\u00e6nsgreb i skuffen<br \/>\n&#8211; malingen, der er brugt i lakeringen, er sikker for b\u00f8rn, EN71\/3-godkendt og for\u00e5rsager ikke allergi.<br \/>\n**Farver:**<br \/>\n&#8211; elegant hvid<br \/>\n&#8211; neutral gr\u00e5.<br \/>\n**Brugervejledning:**<br \/>\nM\u00f8blerne skal t\u00f8rres af med en bl\u00f8d bomuldsklud fugtet med vand eller et produkt beregnet til m\u00f8belpleje.<\/p>\n<p>**Yderligere oplysninger:**<br \/>\nM\u00f8blerne leveres i pakker, der er beregnet til selvmontering. Pakkerne indeholder detaljerede monteringsvejledninger samt tilbeh\u00f8r (skruer osv.).<\/p>\n","protected":false},"excerpt":{"rendered":"<p>En rummelig, pladsrig og funktionel garderobe er et uundv\u00e6rligt m\u00f8bel i ethvert rum (ikke kun til b\u00f8rn). En to-d\u00f8rs garderobe fra Ines-serien er et eksempel p\u00e5 et fantastisk design, og garderoben kan tilpasses dine individuelle behov. Indvendigt har skabet en b\u00f8jlestang, seks hylder, hvoraf tre kan justeres, og 1 lang hylde i hele garderobeskabets bredde. [&hellip;]<\/p>\n","protected":false},"featured_media":0,"comment_status":"open","ping_status":"closed","template":"","meta":[],"product_brand":[],"product_cat":[31],"product_tag":[],"class_list":{"0":"post-22009","1":"product","2":"type-product","3":"status-publish","5":"product_cat-uncategorized-da","7":"first","8":"instock","9":"shipping-taxable","10":"purchasable","11":"product-type-simple"},"_links":{"self":[{"href":"https:\/\/nordicmart.andreevmaster.com\/da\/wp-json\/wp\/v2\/product\/22009","targetHints":{"allow":["GET"]}}],"collection":[{"href":"https:\/\/nordicmart.andreevmaster.com\/da\/wp-json\/wp\/v2\/product"}],"about":[{"href":"https:\/\/nordicmart.andreevmaster.com\/da\/wp-json\/wp\/v2\/types\/product"}],"replies":[{"embeddable":true,"href":"https:\/\/nordicmart.andreevmaster.com\/da\/wp-json\/wp\/v2\/comments?post=22009"}],"wp:attachment":[{"href":"https:\/\/nordicmart.andreevmaster.com\/da\/wp-json\/wp\/v2\/media?parent=22009"}],"wp:term":[{"taxonomy":"product_brand","embeddable":true,"href":"https:\/\/nordicmart.andreevmaster.com\/da\/wp-json\/wp\/v2\/product_brand?post=22009"},{"taxonomy":"product_cat","embeddable":true,"href":"https:\/\/nordicmart.andreevmaster.com\/da\/wp-json\/wp\/v2\/product_cat?post=22009"},{"taxonomy":"product_tag","embeddable":true,"href":"https:\/\/nordicmart.andreevmaster.com\/da\/wp-json\/wp\/v2\/product_tag?post=22009"}],"curies":[{"name":"wp","href":"https:\/\/api.w.org\/{rel}","templated":true}]}}