{"id":22008,"date":"2026-02-27T00:14:03","date_gmt":"2026-02-27T00:14:03","guid":{"rendered":"https:\/\/nordicmart.andreevmaster.com\/product\/ines-natbord-i-neutral-gra\/"},"modified":"2026-02-27T08:57:47","modified_gmt":"2026-02-27T08:57:47","slug":"ines-natbord-i-neutral-gra","status":"publish","type":"product","link":"https:\/\/nordicmart.andreevmaster.com\/da\/vare\/ines-natbord-i-neutral-gra\/","title":{"rendered":"Ines natbord i neutral gr\u00e5"},"content":{"rendered":"<p>Ines natbordet kombinerer elegant design med maksimal funktionalitet og tilbyder en l\u00f8sning, der er skr\u00e6ddersyet til b\u00e5de sm\u00e5 og st\u00f8rre b\u00f8rns behov samt for\u00e6ldrenes. Den kompakte st\u00f8rrelse g\u00f8r det muligt at placere det hvor som helst i hjemmet, hvor det er det perfekte supplement til ethvert rum med komfort og stil. <\/p>\n<p>N\u00f8glefunktioner:<br \/>\n\u2022 Praktisk opbevaring: To skuffer p\u00e5 GTV-kuglelejeskinner giver plads til de mest n\u00f8dvendige sm\u00e5ting<br \/>\n\u2022 H\u00e5ndlavede h\u00e5ndtag: Komfortabel at bruge takket v\u00e6re ergonomiske h\u00e5ndtag<br \/>\n\u2022 Alsidig anvendelse: Ideel ikke kun til b\u00f8rnev\u00e6relser, men ogs\u00e5 til for\u00e6ldrenes sovev\u00e6relser<br \/>\n\u2022 Sikker materialer: Opfylder europ\u00e6iske sikkerhedsstandarder med b\u00f8rnevenlige vandbaserede lakker.  <\/p>\n<p>Materialer og finish:  \u2022 Ben: lakeret b\u00f8getr\u00e6 \u2022 Top og skuffefronter: Lakeret MDF-plade \u2022 Sider: lakeret lamineret plade \u2022 Skuffesider og bagside, bundbinding: lamineret plade  <\/p>\n<p>De vandbaserede lakker, der anvendes i lakeringprocessen, er sikre for b\u00f8rn og certificeret i henhold til EN71\/3-standarden for b\u00f8rnem\u00f8bler og leget\u00f8j. <\/p>\n<p>M\u00e5l:<br \/>\n\u2022 H\u00f8jde: 59 cm<br \/>\n\u2022 Dybde: 40 cm<br \/>\n\u2022 Bredde: 51 cm  <\/p>\n<p> Tilg\u00e6ngelige farver:  \u2022 Elegant hvid \u2022 Neutral gr\u00e5  <\/p>\n<p> Plejeinstruktioner: <\/p>\n<p>M\u00f8blerne skal t\u00f8rres af med en bl\u00f8d bomuldsklud fugtet med vand eller et m\u00f8belplejeprodukt for at bevare deres sk\u00f8nhed og holdbarhed i mange \u00e5r. <\/p>\n<p>Yderligere oplysninger: <\/p>\n<p>M\u00f8blerne leveres i pakker til selvmontering med letforst\u00e5elige instruktioner og det n\u00f8dvendige udstyr.<\/p>\n","protected":false},"excerpt":{"rendered":"<p>Ines natbordet kombinerer elegant design med maksimal funktionalitet og tilbyder en l\u00f8sning, der er skr\u00e6ddersyet til b\u00e5de sm\u00e5 og st\u00f8rre b\u00f8rns behov samt for\u00e6ldrenes. Den kompakte st\u00f8rrelse g\u00f8r det muligt at placere det hvor som helst i hjemmet, hvor det er det perfekte supplement til ethvert rum med komfort og stil. N\u00f8glefunktioner: \u2022 Praktisk opbevaring: [&hellip;]<\/p>\n","protected":false},"featured_media":0,"comment_status":"open","ping_status":"closed","template":"","meta":[],"product_brand":[],"product_cat":[31],"product_tag":[],"class_list":{"0":"post-22008","1":"product","2":"type-product","3":"status-publish","5":"product_cat-uncategorized-da","7":"first","8":"instock","9":"shipping-taxable","10":"purchasable","11":"product-type-simple"},"_links":{"self":[{"href":"https:\/\/nordicmart.andreevmaster.com\/da\/wp-json\/wp\/v2\/product\/22008","targetHints":{"allow":["GET"]}}],"collection":[{"href":"https:\/\/nordicmart.andreevmaster.com\/da\/wp-json\/wp\/v2\/product"}],"about":[{"href":"https:\/\/nordicmart.andreevmaster.com\/da\/wp-json\/wp\/v2\/types\/product"}],"replies":[{"embeddable":true,"href":"https:\/\/nordicmart.andreevmaster.com\/da\/wp-json\/wp\/v2\/comments?post=22008"}],"wp:attachment":[{"href":"https:\/\/nordicmart.andreevmaster.com\/da\/wp-json\/wp\/v2\/media?parent=22008"}],"wp:term":[{"taxonomy":"product_brand","embeddable":true,"href":"https:\/\/nordicmart.andreevmaster.com\/da\/wp-json\/wp\/v2\/product_brand?post=22008"},{"taxonomy":"product_cat","embeddable":true,"href":"https:\/\/nordicmart.andreevmaster.com\/da\/wp-json\/wp\/v2\/product_cat?post=22008"},{"taxonomy":"product_tag","embeddable":true,"href":"https:\/\/nordicmart.andreevmaster.com\/da\/wp-json\/wp\/v2\/product_tag?post=22008"}],"curies":[{"name":"wp","href":"https:\/\/api.w.org\/{rel}","templated":true}]}}