{"id":22007,"date":"2026-02-27T00:14:03","date_gmt":"2026-02-27T00:14:03","guid":{"rendered":"https:\/\/nordicmart.andreevmaster.com\/product\/ines-legetojskasse-i-neutral-gra\/"},"modified":"2026-02-27T08:57:47","modified_gmt":"2026-02-27T08:57:47","slug":"ines-legetojskasse-i-neutral-gra","status":"publish","type":"product","link":"https:\/\/nordicmart.andreevmaster.com\/da\/vare\/ines-legetojskasse-i-neutral-gra\/","title":{"rendered":"Ines leget\u00f8jskasse i neutral gr\u00e5"},"content":{"rendered":"<p>Alle b\u00f8rn dr\u00f8mmer om et sted, hvor de kan gemme deres leget\u00f8j og skatte, og alle for\u00e6ldre dr\u00f8mmer om at holde b\u00f8rnev\u00e6relset rent. Derfor har vi lavet en rummelig leget\u00f8jskasse.  **Vigtigste fordele:**<br \/>\n&#8211; sikkert l\u00e5g-lukningssystem<br \/>\n&#8211; fors\u00e6nkede huller, der beskytter mod at klemme fingrene<br \/>\n&#8211; rummelig plads til opbevaring af alle babyens leget\u00f8j\/t\u00e6pper osv. **M\u00e5l (cm)**:<br \/>\nh\u00f8jde: 56<br \/>\nbredde: 68,2<br \/>\ndybde: 50 **M\u00f8belmaterialer og finish:**<br \/>\n&#8211; Leget\u00f8jskassen er lavet af MDF af h\u00f8j kvalitet (alle udvendige dele) og m\u00f8belplade (bund og bagside), malet i en neutral gr\u00e5 farve<br \/>\n&#8211; sikkert l\u00e5g-lukkesystem <\/p>\n<p>**Farver:**<br \/>\n&#8211; elegant hvid<br \/>\n&#8211; neutral gr\u00e5.<\/p>\n<p>**Brugervejledning:**<br \/>\nM\u00f8blerne skal t\u00f8rres af med en bl\u00f8d bomuldsklud fugtet med vand eller et produkt beregnet til m\u00f8belpleje.<\/p>\n<p>**Yderligere oplysninger:**<br \/>\nM\u00f8blerne leveres i pakker, der er beregnet til selvmontering. Pakkerne indeholder detaljerede monteringsvejledninger samt tilbeh\u00f8r (skruer osv.).<\/p>\n","protected":false},"excerpt":{"rendered":"<p>Alle b\u00f8rn dr\u00f8mmer om et sted, hvor de kan gemme deres leget\u00f8j og skatte, og alle for\u00e6ldre dr\u00f8mmer om at holde b\u00f8rnev\u00e6relset rent. Derfor har vi lavet en rummelig leget\u00f8jskasse. **Vigtigste fordele:** &#8211; sikkert l\u00e5g-lukningssystem &#8211; fors\u00e6nkede huller, der beskytter mod at klemme fingrene &#8211; rummelig plads til opbevaring af alle babyens leget\u00f8j\/t\u00e6pper osv. **M\u00e5l [&hellip;]<\/p>\n","protected":false},"featured_media":0,"comment_status":"open","ping_status":"closed","template":"","meta":[],"product_brand":[],"product_cat":[31],"product_tag":[],"class_list":{"0":"post-22007","1":"product","2":"type-product","3":"status-publish","5":"product_cat-uncategorized-da","7":"first","8":"instock","9":"shipping-taxable","10":"purchasable","11":"product-type-simple"},"_links":{"self":[{"href":"https:\/\/nordicmart.andreevmaster.com\/da\/wp-json\/wp\/v2\/product\/22007","targetHints":{"allow":["GET"]}}],"collection":[{"href":"https:\/\/nordicmart.andreevmaster.com\/da\/wp-json\/wp\/v2\/product"}],"about":[{"href":"https:\/\/nordicmart.andreevmaster.com\/da\/wp-json\/wp\/v2\/types\/product"}],"replies":[{"embeddable":true,"href":"https:\/\/nordicmart.andreevmaster.com\/da\/wp-json\/wp\/v2\/comments?post=22007"}],"wp:attachment":[{"href":"https:\/\/nordicmart.andreevmaster.com\/da\/wp-json\/wp\/v2\/media?parent=22007"}],"wp:term":[{"taxonomy":"product_brand","embeddable":true,"href":"https:\/\/nordicmart.andreevmaster.com\/da\/wp-json\/wp\/v2\/product_brand?post=22007"},{"taxonomy":"product_cat","embeddable":true,"href":"https:\/\/nordicmart.andreevmaster.com\/da\/wp-json\/wp\/v2\/product_cat?post=22007"},{"taxonomy":"product_tag","embeddable":true,"href":"https:\/\/nordicmart.andreevmaster.com\/da\/wp-json\/wp\/v2\/product_tag?post=22007"}],"curies":[{"name":"wp","href":"https:\/\/api.w.org\/{rel}","templated":true}]}}