{"id":22001,"date":"2026-02-27T00:14:02","date_gmt":"2026-02-27T00:14:02","guid":{"rendered":"https:\/\/nordicmart.andreevmaster.com\/product\/ines-neutral-gra-seng-120-x-200\/"},"modified":"2026-02-27T08:57:46","modified_gmt":"2026-02-27T08:57:46","slug":"ines-neutral-gra-seng-120-x-200","status":"publish","type":"product","link":"https:\/\/nordicmart.andreevmaster.com\/da\/vare\/ines-neutral-gra-seng-120-x-200\/","title":{"rendered":"Ines neutral gr\u00e5 seng 120 x 200"},"content":{"rendered":"<p>Ines 120&#215;200 sengen er det perfekte valg til et \u00e6ldre barn, der \u00f8nsker mere plads til at sove og slappe af. Den rummelige st\u00f8rrelse sikrer komfort og god s\u00f8vn, og den bliver ogs\u00e5 centrum for familiens filmaftener og det perfekte sted for f\u00e6lles aftenritualer som at l\u00e6se b\u00f8ger eller snakke, hvilket skaber uforglemmelige minder mellem barnet og for\u00e6ldrene. Dens standardst\u00f8rrelse g\u00f8r det nemt at montere en madras og senget\u00f8j, hvilket sikrer nem personalisering af hvileomr\u00e5det. <\/p>\n<p>Ines 120&#215;200-sengen er et valg for mange \u00e5r fremover takket v\u00e6re sin solide konstruktion og tidl\u00f8se design. Sammen med andre m\u00f8bler fra Ines-kollektionen skaber den et smukt, klassisk interi\u00f8r med en tidl\u00f8s karakter. <\/p>\n<p>N\u00f8glefunktioner:<br \/>\n\u2022 Rummelig st\u00f8rrelse: 120&#215;200 cm, perfekt til b\u00f8rn og teenagere i voksenalderen.<br \/>\n\u2022 Standardm\u00e5l: Let at matche med en madras og tekstiler.<br \/>\n\u2022 Elegant design: Dekorativt hovedg\u00e6rde og fodg\u00e6rde tilf\u00f8jer charme og stil. \u2022 Klassisk interi\u00f8r: I kombination med Ines-kollektionen skaber den et harmonisk og stilfuldt rum. \u2022 Inkluderet sengestel: Giver ekstra komfort og stabilitet. \u2022 Sikre materialer: Opfylder europ\u00e6iske sikkerhedsstandarder med b\u00f8rnevenlige vandbaserede lakker, der er certificeret i henhold til EN71\/3-standarden. \u2022 Kompatibilitet med sikkerhedsskinne: En ideel l\u00f8sning for for\u00e6ldre, der \u00f8nsker ekstra sikkerhed for at forhindre, at deres barn falder ud af sengen, mens det sover.  <\/p>\n<p>Materialer og finish:<br \/>\n\u2022 Ben: Lakeret b\u00f8getr\u00e6.<br \/>\n\u2022 Sider og hovedg\u00e6rde: Lakeret MDF-plade.<br \/>\n\u2022 Nederste del af hovedg\u00e6rdet: Lakeret lamineret plade. \u2022 Overflader: Lakeret MDF-plade.<br \/>\n\u2022 Sengebund: Holdbar birkekrydsfiner, der giver god st\u00f8tte.<br \/>\n\u2022 De vandbaserede lakker, der anvendes i lakeringprocessen, er sikre for b\u00f8rn og certificeret i henhold til EN71\/3-standarden for b\u00f8rnem\u00f8bler og leget\u00f8j.  <\/p>\n<p>Praktisk information:<br \/>\n\u2022 Egnet madras: Til senge 120&#215;200 cm, maksimal h\u00f8jde 20 cm.<br \/>\n\u2022 H\u00f8jde fra sengens bund til sidehj\u00e6lpens \u00f8verste kant: 10,5 cm.<br \/>\n\u2022 Sengen har en st\u00f8ttebj\u00e6lke til sengens bund med mulighed for justerbar h\u00f8jde.  <\/p>\n<p>Tilg\u00e6ngelige farver:<br \/>\n\u2022 Elegant hvid<br \/>\n\u2022 Neutral gr\u00e5  <\/p>\n<p>M\u00e5l:  \u2022 Hovedg\u00e6rdeh\u00f8jde: 95 cm<br \/>\n\u2022 Fodg\u00e6rdeh\u00f8jde: 59 cm<br \/>\n\u2022 Total l\u00e6ngde: 214,5 cm<br \/>\n\u2022 Total bredde: 130,5 cm  <\/p>\n<p>Plejeinstruktioner: <\/p>\n<p>M\u00f8blerne skal t\u00f8rres af med en bl\u00f8d bomuldsklud fugtet med vand eller et produkt, der er beregnet til m\u00f8belpleje, for at bevare deres sk\u00f8nhed og holdbarhed i mange \u00e5r. <\/p>\n<p>Yderligere oplysninger: <\/p>\n<p>M\u00f8blerne leveres i pakker til selvmontering. M\u00f8blerne er nemme at samle takket v\u00e6re de detaljerede instruktioner og det n\u00f8dvendige tilbeh\u00f8r, der medf\u00f8lger.<\/p>\n","protected":false},"excerpt":{"rendered":"<p>Ines 120&#215;200 sengen er det perfekte valg til et \u00e6ldre barn, der \u00f8nsker mere plads til at sove og slappe af. Den rummelige st\u00f8rrelse sikrer komfort og god s\u00f8vn, og den bliver ogs\u00e5 centrum for familiens filmaftener og det perfekte sted for f\u00e6lles aftenritualer som at l\u00e6se b\u00f8ger eller snakke, hvilket skaber uforglemmelige minder mellem [&hellip;]<\/p>\n","protected":false},"featured_media":0,"comment_status":"open","ping_status":"closed","template":"","meta":[],"product_brand":[],"product_cat":[31],"product_tag":[],"class_list":{"0":"post-22001","1":"product","2":"type-product","3":"status-publish","5":"product_cat-uncategorized-da","7":"first","8":"instock","9":"shipping-taxable","10":"purchasable","11":"product-type-simple"},"_links":{"self":[{"href":"https:\/\/nordicmart.andreevmaster.com\/da\/wp-json\/wp\/v2\/product\/22001","targetHints":{"allow":["GET"]}}],"collection":[{"href":"https:\/\/nordicmart.andreevmaster.com\/da\/wp-json\/wp\/v2\/product"}],"about":[{"href":"https:\/\/nordicmart.andreevmaster.com\/da\/wp-json\/wp\/v2\/types\/product"}],"replies":[{"embeddable":true,"href":"https:\/\/nordicmart.andreevmaster.com\/da\/wp-json\/wp\/v2\/comments?post=22001"}],"wp:attachment":[{"href":"https:\/\/nordicmart.andreevmaster.com\/da\/wp-json\/wp\/v2\/media?parent=22001"}],"wp:term":[{"taxonomy":"product_brand","embeddable":true,"href":"https:\/\/nordicmart.andreevmaster.com\/da\/wp-json\/wp\/v2\/product_brand?post=22001"},{"taxonomy":"product_cat","embeddable":true,"href":"https:\/\/nordicmart.andreevmaster.com\/da\/wp-json\/wp\/v2\/product_cat?post=22001"},{"taxonomy":"product_tag","embeddable":true,"href":"https:\/\/nordicmart.andreevmaster.com\/da\/wp-json\/wp\/v2\/product_tag?post=22001"}],"curies":[{"name":"wp","href":"https:\/\/api.w.org\/{rel}","templated":true}]}}