{"id":21998,"date":"2026-02-27T00:14:01","date_gmt":"2026-02-27T00:14:01","guid":{"rendered":"https:\/\/nordicmart.andreevmaster.com\/product\/ines-neutral-gra-2-dors-kommode\/"},"modified":"2026-02-27T08:57:45","modified_gmt":"2026-02-27T08:57:45","slug":"ines-neutral-gra-2-dors-kommode","status":"publish","type":"product","link":"https:\/\/nordicmart.andreevmaster.com\/da\/vare\/ines-neutral-gra-2-dors-kommode\/","title":{"rendered":"Ines neutral gr\u00e5 2-d\u00f8rs kommode"},"content":{"rendered":"<p>Bogreolen fra Ines-kollektionen er holdt i en klassisk stil, fuld af elegance kombineret med maksimal funktionalitet.<br \/>\n Den er perfekt til et b\u00f8rnev\u00e6relse, for\u00e6ldrenes sovev\u00e6relse eller en gang. Den er rummelig og pladsrig med masser af plads til mange ting.  <\/p>\n<p>Vigtigste fordele:<br \/>\n &#8211; 4 hylder, 3 justerbare<br \/>\n &#8211; rummelig skuffe-<br \/>\n  h\u00e5ndlavede h\u00e5ndtag, der er meget behagelige at bruge<br \/>\n &#8211; kan monteres p\u00e5 v\u00e6ggen (anbefales)<br \/>\n &#8211; overholder europ\u00e6iske sikkerhedsstandarder og normer<\/p>\n<p> M\u00e5l (cm):<br \/>\n Bredde: 83,8 cm<br \/>\n h\u00f8jde: 125 cm<br \/>\n dybde: 43,6 cm <\/p>\n<p>M\u00f8blets design og finish:<br \/>\n &#8211; skuffefronter, sider, top og bund er lavet af MDF lakeret i elegant hvid eller neutral gr\u00e5<br \/>\n &#8211; indvendige hylder er lavet af lamineret plade i h\u00f8j kvalitet i bejdset hvid &#8211;<br \/>\n Blum-skinner i topkvalitet med lukke- og bremsesystem &#8211;<br \/>\n h\u00e5ndlavede porcel\u00e6nsgreb<br \/>\n &#8211; malingen, der er anvendt i maleprocessen, er b\u00f8rnesikker, certificeret og for\u00e5rsager ikke allergi <\/p>\n<p>Farver:<br \/>\n &#8211; elegant hvid<br \/>\n &#8211; neutral gr\u00e5 <\/p>\n<p>Instruktioner:<br \/>\n Bogreolen skal reng\u00f8res med en bl\u00f8d bomuldsklud fugtet med vand eller et m\u00f8belplejeprodukt. <\/p>\n<p>Yderligere oplysninger: <\/p>\n<p>M\u00f8blerne leveres i pakker til selvmontering. Detaljerede monteringsvejledninger findes i pakkerne sammen med udstyret (skruer osv.).<\/p>\n","protected":false},"excerpt":{"rendered":"<p>Bogreolen fra Ines-kollektionen er holdt i en klassisk stil, fuld af elegance kombineret med maksimal funktionalitet. Den er perfekt til et b\u00f8rnev\u00e6relse, for\u00e6ldrenes sovev\u00e6relse eller en gang. Den er rummelig og pladsrig med masser af plads til mange ting. Vigtigste fordele: &#8211; 4 hylder, 3 justerbare &#8211; rummelig skuffe- h\u00e5ndlavede h\u00e5ndtag, der er meget behagelige [&hellip;]<\/p>\n","protected":false},"featured_media":0,"comment_status":"open","ping_status":"closed","template":"","meta":[],"product_brand":[],"product_cat":[31],"product_tag":[],"class_list":{"0":"post-21998","1":"product","2":"type-product","3":"status-publish","5":"product_cat-uncategorized-da","7":"first","8":"instock","9":"shipping-taxable","10":"purchasable","11":"product-type-simple"},"_links":{"self":[{"href":"https:\/\/nordicmart.andreevmaster.com\/da\/wp-json\/wp\/v2\/product\/21998","targetHints":{"allow":["GET"]}}],"collection":[{"href":"https:\/\/nordicmart.andreevmaster.com\/da\/wp-json\/wp\/v2\/product"}],"about":[{"href":"https:\/\/nordicmart.andreevmaster.com\/da\/wp-json\/wp\/v2\/types\/product"}],"replies":[{"embeddable":true,"href":"https:\/\/nordicmart.andreevmaster.com\/da\/wp-json\/wp\/v2\/comments?post=21998"}],"wp:attachment":[{"href":"https:\/\/nordicmart.andreevmaster.com\/da\/wp-json\/wp\/v2\/media?parent=21998"}],"wp:term":[{"taxonomy":"product_brand","embeddable":true,"href":"https:\/\/nordicmart.andreevmaster.com\/da\/wp-json\/wp\/v2\/product_brand?post=21998"},{"taxonomy":"product_cat","embeddable":true,"href":"https:\/\/nordicmart.andreevmaster.com\/da\/wp-json\/wp\/v2\/product_cat?post=21998"},{"taxonomy":"product_tag","embeddable":true,"href":"https:\/\/nordicmart.andreevmaster.com\/da\/wp-json\/wp\/v2\/product_tag?post=21998"}],"curies":[{"name":"wp","href":"https:\/\/api.w.org\/{rel}","templated":true}]}}