{"id":21997,"date":"2026-02-27T00:14:01","date_gmt":"2026-02-27T00:14:01","guid":{"rendered":"https:\/\/nordicmart.andreevmaster.com\/product\/ines-skrivebord-i-neutral-gra\/"},"modified":"2026-02-27T08:57:45","modified_gmt":"2026-02-27T08:57:45","slug":"ines-skrivebord-i-neutral-gra","status":"publish","type":"product","link":"https:\/\/nordicmart.andreevmaster.com\/da\/vare\/ines-skrivebord-i-neutral-gra\/","title":{"rendered":"Ines skrivebord i neutral gr\u00e5"},"content":{"rendered":"<p>F\u00f8r eller senere bliver et skrivebord et n\u00f8dvendigt tilbeh\u00f8r til ethvert b\u00f8rnev\u00e6relse.<br \/>\nDet elegante og stilfulde skrivebord med to store skuffer passer perfekt til hele Ines-kollektionen. Det tidl\u00f8se design g\u00f8r det til en ideel l\u00f8sning, ikke kun til b\u00f8rnev\u00e6relset.<\/p>\n<p>**Vigtigste egenskaber og fordele:**<br \/>\n&#8211; 2 rummelige skuffer<\/p>\n<p>**M\u00e5l (cm):**<br \/>\nh\u00f8jde: 78<br \/>\ndybde: 65<br \/>\nbredde: 120<\/p>\n<p>**M\u00f8blets udf\u00f8relse og finish:**<br \/>\n&#8211; M\u00f8blets stel er lavet af MDF og sp\u00e5nplader af h\u00f8j kvalitet<br \/>\n&#8211; Den base, som m\u00f8blets stel er placeret p\u00e5, er lavet af b\u00f8getr\u00e6, lakeret med b\u00f8rnesikker maling <\/p>\n<p>**Farver:**<br \/>\n&#8211; skrivebordet f\u00e5s i elegant hvid eller neutral gr\u00e5 farve<\/p>\n<p>**Brugsanvisning:**<br \/>\nM\u00f8blerne skal t\u00f8rres af med en bl\u00f8d bomuldsklud fugtet med vand eller et produkt beregnet til m\u00f8belpleje.<\/p>\n<p>**Yderligere oplysninger:**<br \/>\nM\u00f8blerne leveres i pakker, der er beregnet til selvmontering. Pakkerne indeholder detaljerede monteringsvejledninger samt tilbeh\u00f8r (skruer osv.).<\/p>\n","protected":false},"excerpt":{"rendered":"<p>F\u00f8r eller senere bliver et skrivebord et n\u00f8dvendigt tilbeh\u00f8r til ethvert b\u00f8rnev\u00e6relse. Det elegante og stilfulde skrivebord med to store skuffer passer perfekt til hele Ines-kollektionen. Det tidl\u00f8se design g\u00f8r det til en ideel l\u00f8sning, ikke kun til b\u00f8rnev\u00e6relset. **Vigtigste egenskaber og fordele:** &#8211; 2 rummelige skuffer **M\u00e5l (cm):** h\u00f8jde: 78 dybde: 65 bredde: 120 [&hellip;]<\/p>\n","protected":false},"featured_media":0,"comment_status":"open","ping_status":"closed","template":"","meta":[],"product_brand":[],"product_cat":[31],"product_tag":[],"class_list":{"0":"post-21997","1":"product","2":"type-product","3":"status-publish","5":"product_cat-uncategorized-da","7":"first","8":"instock","9":"shipping-taxable","10":"purchasable","11":"product-type-simple"},"_links":{"self":[{"href":"https:\/\/nordicmart.andreevmaster.com\/da\/wp-json\/wp\/v2\/product\/21997","targetHints":{"allow":["GET"]}}],"collection":[{"href":"https:\/\/nordicmart.andreevmaster.com\/da\/wp-json\/wp\/v2\/product"}],"about":[{"href":"https:\/\/nordicmart.andreevmaster.com\/da\/wp-json\/wp\/v2\/types\/product"}],"replies":[{"embeddable":true,"href":"https:\/\/nordicmart.andreevmaster.com\/da\/wp-json\/wp\/v2\/comments?post=21997"}],"wp:attachment":[{"href":"https:\/\/nordicmart.andreevmaster.com\/da\/wp-json\/wp\/v2\/media?parent=21997"}],"wp:term":[{"taxonomy":"product_brand","embeddable":true,"href":"https:\/\/nordicmart.andreevmaster.com\/da\/wp-json\/wp\/v2\/product_brand?post=21997"},{"taxonomy":"product_cat","embeddable":true,"href":"https:\/\/nordicmart.andreevmaster.com\/da\/wp-json\/wp\/v2\/product_cat?post=21997"},{"taxonomy":"product_tag","embeddable":true,"href":"https:\/\/nordicmart.andreevmaster.com\/da\/wp-json\/wp\/v2\/product_tag?post=21997"}],"curies":[{"name":"wp","href":"https:\/\/api.w.org\/{rel}","templated":true}]}}