{"id":21995,"date":"2026-02-27T00:14:00","date_gmt":"2026-02-27T00:14:00","guid":{"rendered":"https:\/\/nordicmart.andreevmaster.com\/product\/ines-elegant-hvid-3-dors-garderobe\/"},"modified":"2026-02-27T08:57:45","modified_gmt":"2026-02-27T08:57:45","slug":"ines-elegant-hvid-3-dors-garderobe","status":"publish","type":"product","link":"https:\/\/nordicmart.andreevmaster.com\/da\/vare\/ines-elegant-hvid-3-dors-garderobe\/","title":{"rendered":"Ines elegant hvid 3-d\u00f8rs garderobe"},"content":{"rendered":"<p>Den meget rummelige 3-d\u00f8rs garderobe er et uundv\u00e6rligt element for s\u00f8skende.Skabet er designet i to dele: en bredere og en smallere. Den bredere del med to d\u00f8re er udstyret med en b\u00f8jlestang og to rummelige hylder (der d\u00e6kker hele bredden af denne del af skabet). Den smallere del er udstyret med hylder, hvoraf tre kan justeres.<br \/>\nEr udstyret med to skuffer: en bredere og en smallere, der er udstyret med Blum-skinner med soft close-funktion. M\u00e5l (cm):<br \/>\nh\u00f8jde: 180<br \/>\nbredde: 150,5<br \/>\ndybde: 51  M\u00f8belmaterialer og finish:<br \/>\n&#8211; d\u00f8re, skuffefronter, sider, top og sokkel er lavet af lakeret MDF-plade i elegant hvid eller neutral gr\u00e5 farve<br \/>\n&#8211; kroppen er lavet af lamineret plade af h\u00f8j kvalitet, der er modstandsdygtig over for skader og fugt og nem at holde ren<br \/>\n&#8211; lydl\u00f8se skinner med selvlukkende funktion fra Blum<br \/>\n&#8211; h\u00e5ndlavede porcel\u00e6nsgreb i skuffen<br \/>\n&#8211; maling, der anvendes i lakering, er sikker for b\u00f8rn, EN71\/3-godkendt og for\u00e5rsager ikke allergi. Farver:<br \/>\n&#8211; elegant hvid<br \/>\n&#8211; neutral gr\u00e5. Brugervejledning:<br \/>\nM\u00f8blerne skal t\u00f8rres af med en bl\u00f8d bomuldsklud fugtet med vand eller et produkt beregnet til m\u00f8belpleje. Yderligere oplysninger:<br \/>\nM\u00f8blerne leveres i pakker, der er beregnet til selvmontering. Pakkerne indeholder detaljerede monteringsvejledninger samt tilbeh\u00f8r (skruer osv.).<\/p>\n","protected":false},"excerpt":{"rendered":"<p>Den meget rummelige 3-d\u00f8rs garderobe er et uundv\u00e6rligt element for s\u00f8skende.Skabet er designet i to dele: en bredere og en smallere. Den bredere del med to d\u00f8re er udstyret med en b\u00f8jlestang og to rummelige hylder (der d\u00e6kker hele bredden af denne del af skabet). Den smallere del er udstyret med hylder, hvoraf tre kan [&hellip;]<\/p>\n","protected":false},"featured_media":0,"comment_status":"open","ping_status":"closed","template":"","meta":[],"product_brand":[],"product_cat":[31],"product_tag":[],"class_list":{"0":"post-21995","1":"product","2":"type-product","3":"status-publish","5":"product_cat-uncategorized-da","7":"first","8":"instock","9":"shipping-taxable","10":"purchasable","11":"product-type-simple"},"_links":{"self":[{"href":"https:\/\/nordicmart.andreevmaster.com\/da\/wp-json\/wp\/v2\/product\/21995","targetHints":{"allow":["GET"]}}],"collection":[{"href":"https:\/\/nordicmart.andreevmaster.com\/da\/wp-json\/wp\/v2\/product"}],"about":[{"href":"https:\/\/nordicmart.andreevmaster.com\/da\/wp-json\/wp\/v2\/types\/product"}],"replies":[{"embeddable":true,"href":"https:\/\/nordicmart.andreevmaster.com\/da\/wp-json\/wp\/v2\/comments?post=21995"}],"wp:attachment":[{"href":"https:\/\/nordicmart.andreevmaster.com\/da\/wp-json\/wp\/v2\/media?parent=21995"}],"wp:term":[{"taxonomy":"product_brand","embeddable":true,"href":"https:\/\/nordicmart.andreevmaster.com\/da\/wp-json\/wp\/v2\/product_brand?post=21995"},{"taxonomy":"product_cat","embeddable":true,"href":"https:\/\/nordicmart.andreevmaster.com\/da\/wp-json\/wp\/v2\/product_cat?post=21995"},{"taxonomy":"product_tag","embeddable":true,"href":"https:\/\/nordicmart.andreevmaster.com\/da\/wp-json\/wp\/v2\/product_tag?post=21995"}],"curies":[{"name":"wp","href":"https:\/\/api.w.org\/{rel}","templated":true}]}}