{"id":21991,"date":"2026-02-27T00:13:59","date_gmt":"2026-02-27T00:13:59","guid":{"rendered":"https:\/\/nordicmart.andreevmaster.com\/product\/ines-elegant-hvid-reol\/"},"modified":"2026-02-27T08:57:44","modified_gmt":"2026-02-27T08:57:44","slug":"ines-elegant-hvid-reol","status":"publish","type":"product","link":"https:\/\/nordicmart.andreevmaster.com\/da\/vare\/ines-elegant-hvid-reol\/","title":{"rendered":"Ines elegant hvid reol"},"content":{"rendered":"<p>For at fuldende Ines-serien har vi designet en rummelig bogreol. Nu kan alle krammedyr, leget\u00f8j, b\u00f8ger og andre ting samles \u00e9t sted. De smukke reliefm\u00f8nstrede ornamenter vil pryde ethvert b\u00f8rnev\u00e6relse og ogs\u00e5 for\u00e6ldrenes sovev\u00e6relse.   **Vigtigste fordele:**<br \/>\n&#8211; hylder beskyttet mod at falde ned<br \/>\n&#8211; 3 hylder med h\u00f8jdejustering, \u00e9n fast hylde.- kan monteres p\u00e5 v\u00e6ggen \u2013 anbefales<br \/>\n&#8211; overholder europ\u00e6iske standarder og sikkerhedsnormer. **M\u00e5l (cm):**<br \/>\nh\u00f8jde: 180<br \/>\ndybde: 44<br \/>\nbredde: 80<\/p>\n<p> **M\u00f8belmaterialer og finish:**<br \/>\n&#8211; fronter, sider, top og sokkel er lavet af lakeret MDF-plade i elegant hvid eller neutral gr\u00e5 farve<br \/>\n&#8211; alle hylder er lavet af lamineret plade<br \/>\n&#8211; maling, der anvendes i lakering, er sikker for b\u00f8rn, EN71\/3-godkendt og for\u00e5rsager ikke allergi.<\/p>\n<p> **Farver:**<br \/>\n&#8211; elegant hvid<br \/>\n&#8211; neutral gr\u00e5.<\/p>\n<p> **Brugervejledning:**<br \/>\nM\u00f8blerne skal t\u00f8rres af med en bl\u00f8d bomuldsklud fugtet med vand eller et produkt beregnet til m\u00f8belpleje.<\/p>\n<p> **Yderligere oplysninger:**<br \/>\nM\u00f8blerne leveres i pakker, der er beregnet til selvmontering. Pakkerne indeholder detaljerede monteringsvejledninger samt tilbeh\u00f8r (skruer osv.).<\/p>\n","protected":false},"excerpt":{"rendered":"<p>For at fuldende Ines-serien har vi designet en rummelig bogreol. Nu kan alle krammedyr, leget\u00f8j, b\u00f8ger og andre ting samles \u00e9t sted. De smukke reliefm\u00f8nstrede ornamenter vil pryde ethvert b\u00f8rnev\u00e6relse og ogs\u00e5 for\u00e6ldrenes sovev\u00e6relse. **Vigtigste fordele:** &#8211; hylder beskyttet mod at falde ned &#8211; 3 hylder med h\u00f8jdejustering, \u00e9n fast hylde.- kan monteres p\u00e5 v\u00e6ggen [&hellip;]<\/p>\n","protected":false},"featured_media":0,"comment_status":"open","ping_status":"closed","template":"","meta":[],"product_brand":[],"product_cat":[31],"product_tag":[],"class_list":{"0":"post-21991","1":"product","2":"type-product","3":"status-publish","5":"product_cat-uncategorized-da","7":"first","8":"instock","9":"shipping-taxable","10":"purchasable","11":"product-type-simple"},"_links":{"self":[{"href":"https:\/\/nordicmart.andreevmaster.com\/da\/wp-json\/wp\/v2\/product\/21991","targetHints":{"allow":["GET"]}}],"collection":[{"href":"https:\/\/nordicmart.andreevmaster.com\/da\/wp-json\/wp\/v2\/product"}],"about":[{"href":"https:\/\/nordicmart.andreevmaster.com\/da\/wp-json\/wp\/v2\/types\/product"}],"replies":[{"embeddable":true,"href":"https:\/\/nordicmart.andreevmaster.com\/da\/wp-json\/wp\/v2\/comments?post=21991"}],"wp:attachment":[{"href":"https:\/\/nordicmart.andreevmaster.com\/da\/wp-json\/wp\/v2\/media?parent=21991"}],"wp:term":[{"taxonomy":"product_brand","embeddable":true,"href":"https:\/\/nordicmart.andreevmaster.com\/da\/wp-json\/wp\/v2\/product_brand?post=21991"},{"taxonomy":"product_cat","embeddable":true,"href":"https:\/\/nordicmart.andreevmaster.com\/da\/wp-json\/wp\/v2\/product_cat?post=21991"},{"taxonomy":"product_tag","embeddable":true,"href":"https:\/\/nordicmart.andreevmaster.com\/da\/wp-json\/wp\/v2\/product_tag?post=21991"}],"curies":[{"name":"wp","href":"https:\/\/api.w.org\/{rel}","templated":true}]}}