{"id":21990,"date":"2026-02-27T00:13:59","date_gmt":"2026-02-27T00:13:59","guid":{"rendered":"https:\/\/nordicmart.andreevmaster.com\/product\/ines-elegant-hvid-puslebord\/"},"modified":"2026-02-27T08:57:44","modified_gmt":"2026-02-27T08:57:44","slug":"ines-elegant-hvid-puslebord","status":"publish","type":"product","link":"https:\/\/nordicmart.andreevmaster.com\/da\/vare\/ines-elegant-hvid-puslebord\/","title":{"rendered":"Ines elegant hvid puslebord"},"content":{"rendered":"<p>Puslebordet er et absolut must for alle m\u00f8dre. Babyen ligger sikkert lige oven p\u00e5 dig. Du kan l\u00e6gge alle n\u00f8dvendige produkter lige ved h\u00e5nden. B\u00f8rnepasning er nu blevet nemt!<br \/>\nPuslebordet kan monteres i midten af kommoden. Det efterlader ingen m\u00e6rker efter demontering. **Vigtigste fordele:**<br \/>\n&#8211; opfylder europ\u00e6iske standarder og sikkerhedskrav<br \/>\n&#8211; kan monteres i midten af kommoden med 3 skuffer og p\u00e5 venstre eller h\u00f8jre side af kommoden med 4 skuffer<br \/>\n&#8211; puslebordet kan udstyres med tekstilindsatser\/m\u00e5tter med maksimale dimensioner p\u00e5 56 cm x 75 cm<br \/>\n&#8211; barnets maksimale v\u00e6gt: 15 kg<\/p>\n<p> **Dimensioner (cm):**<br \/>\nh\u00f8jde: 8,5<br \/>\ndybde: 79,5<br \/>\nbredde: 60 **M\u00f8belmaterialer og finish:**<br \/>\n&#8211; puslebordet er lavet af MDF af h\u00f8j kvalitet, malet i en elegant hvid eller neutral gr\u00e5 farve med certificeret og b\u00f8rnesikker maling<br \/>\n&#8211; malingen, der er brugt i lakeringprocessen, er sikker for b\u00f8rn, EN71\/3-godkendt og for\u00e5rsager ikke allergi.<\/p>\n<p>**Farver:**<br \/>\n&#8211; elegant hvid<br \/>\n&#8211; neutral gr\u00e5.<br \/>\n**Brugsanvisning:**<br \/>\nM\u00f8blerne skal t\u00f8rres af med en bl\u00f8d bomuldsklud fugtet med vand eller et produkt beregnet til m\u00f8belpleje.<\/p>\n<p>**Yderligere oplysninger:**<br \/>\nM\u00f8blerne leveres i pakker, der er beregnet til selvmontering. Pakkerne indeholder detaljerede monteringsvejledninger samt tilbeh\u00f8r (skruer osv.).<\/p>\n","protected":false},"excerpt":{"rendered":"<p>Puslebordet er et absolut must for alle m\u00f8dre. Babyen ligger sikkert lige oven p\u00e5 dig. Du kan l\u00e6gge alle n\u00f8dvendige produkter lige ved h\u00e5nden. B\u00f8rnepasning er nu blevet nemt! Puslebordet kan monteres i midten af kommoden. Det efterlader ingen m\u00e6rker efter demontering. **Vigtigste fordele:** &#8211; opfylder europ\u00e6iske standarder og sikkerhedskrav &#8211; kan monteres i midten [&hellip;]<\/p>\n","protected":false},"featured_media":0,"comment_status":"open","ping_status":"closed","template":"","meta":[],"product_brand":[],"product_cat":[31],"product_tag":[],"class_list":{"0":"post-21990","1":"product","2":"type-product","3":"status-publish","5":"product_cat-uncategorized-da","7":"first","8":"instock","9":"shipping-taxable","10":"purchasable","11":"product-type-simple"},"_links":{"self":[{"href":"https:\/\/nordicmart.andreevmaster.com\/da\/wp-json\/wp\/v2\/product\/21990","targetHints":{"allow":["GET"]}}],"collection":[{"href":"https:\/\/nordicmart.andreevmaster.com\/da\/wp-json\/wp\/v2\/product"}],"about":[{"href":"https:\/\/nordicmart.andreevmaster.com\/da\/wp-json\/wp\/v2\/types\/product"}],"replies":[{"embeddable":true,"href":"https:\/\/nordicmart.andreevmaster.com\/da\/wp-json\/wp\/v2\/comments?post=21990"}],"wp:attachment":[{"href":"https:\/\/nordicmart.andreevmaster.com\/da\/wp-json\/wp\/v2\/media?parent=21990"}],"wp:term":[{"taxonomy":"product_brand","embeddable":true,"href":"https:\/\/nordicmart.andreevmaster.com\/da\/wp-json\/wp\/v2\/product_brand?post=21990"},{"taxonomy":"product_cat","embeddable":true,"href":"https:\/\/nordicmart.andreevmaster.com\/da\/wp-json\/wp\/v2\/product_cat?post=21990"},{"taxonomy":"product_tag","embeddable":true,"href":"https:\/\/nordicmart.andreevmaster.com\/da\/wp-json\/wp\/v2\/product_tag?post=21990"}],"curies":[{"name":"wp","href":"https:\/\/api.w.org\/{rel}","templated":true}]}}