{"id":21989,"date":"2026-02-27T00:13:59","date_gmt":"2026-02-27T00:13:59","guid":{"rendered":"https:\/\/nordicmart.andreevmaster.com\/product\/ines-elegant-hvid-hylde\/"},"modified":"2026-02-27T08:57:44","modified_gmt":"2026-02-27T08:57:44","slug":"ines-elegant-hvid-hylde","status":"publish","type":"product","link":"https:\/\/nordicmart.andreevmaster.com\/da\/vare\/ines-elegant-hvid-hylde\/","title":{"rendered":"Ines elegant hvid hylde"},"content":{"rendered":"<p>Hylden fra Ines-kollektionen er et meget praktisk m\u00f8bel. Afh\u00e6ngigt af form\u00e5let kan den udfylde mange funktioner. Den kan h\u00e6nges over kommoden, s\u00e5 man har adgang til de mest n\u00f8dvendige tilbeh\u00f8r til det lille barn, eller dekoreres med rammer, billeder, til opbevaring af b\u00f8ger, sm\u00e5 smykker, tallerkener og lignende. Hylden har tre praktiske stativer, hvor man kan h\u00e6nge bleer, h\u00e5ndkl\u00e6der og t\u00f8j. St\u00f8rre b\u00f8rn vil helt sikkert bruge dem til at h\u00e6nge n\u00f8gler, tasker, yndlingshalst\u00f8rkl\u00e6der eller hatte p\u00e5.   **Vigtigste egenskaber og fordele:**<br \/>\n&#8211; tre praktiske stativer<br \/>\n&#8211; g\u00f8r det muligt at h\u00e6nge og placere genstande\/b\u00f8ger\/ting osv. samtidigt<br \/>\n&#8211; organiserer pladsen <\/p>\n<p>**M\u00e5l:**<br \/>\nbredde: 77 cm<br \/>\ndybde: 22,5 cm<br \/>\nh\u00f8jde: 40 cm   **Udf\u00f8relse og finish: **<br \/>\n&#8211; top og sider er lavet af MDF af h\u00f8j kvalitet, malet i en elegant hvid eller neutral gr\u00e5 farve med certificeret og b\u00f8rnesikker maling<br \/>\n&#8211; hylde og bagside er lavet af lamineret plade af h\u00f8j kvalitet, der er modstandsdygtig over for skader og fugt og nem at holde ren<br \/>\n&#8211; malingen, der er brugt i lakeringprocessen, er b\u00f8rnesikker, EN71\/3-godkendt og for\u00e5rsager ikke allergi. <\/p>\n<p>**Farver:**<br \/>\n&#8211; elegant hvid<br \/>\n&#8211; neutral gr\u00e5.<br \/>\n**Brugervejledning:**<br \/>\nM\u00f8blerne skal t\u00f8rres af med en bl\u00f8d bomuldsklud fugtet med vand eller et produkt beregnet til m\u00f8belpleje. **Yderligere oplysninger:** M\u00f8blerne leveres i pakker, der er beregnet til selvmontering. Pakkerne indeholder detaljerede monteringsvejledninger samt tilbeh\u00f8r (skruer osv.). K\u00d8B I<\/p>\n","protected":false},"excerpt":{"rendered":"<p>Hylden fra Ines-kollektionen er et meget praktisk m\u00f8bel. Afh\u00e6ngigt af form\u00e5let kan den udfylde mange funktioner. Den kan h\u00e6nges over kommoden, s\u00e5 man har adgang til de mest n\u00f8dvendige tilbeh\u00f8r til det lille barn, eller dekoreres med rammer, billeder, til opbevaring af b\u00f8ger, sm\u00e5 smykker, tallerkener og lignende. Hylden har tre praktiske stativer, hvor man [&hellip;]<\/p>\n","protected":false},"featured_media":0,"comment_status":"open","ping_status":"closed","template":"","meta":[],"product_brand":[],"product_cat":[31],"product_tag":[],"class_list":{"0":"post-21989","1":"product","2":"type-product","3":"status-publish","5":"product_cat-uncategorized-da","7":"first","8":"instock","9":"shipping-taxable","10":"purchasable","11":"product-type-simple"},"_links":{"self":[{"href":"https:\/\/nordicmart.andreevmaster.com\/da\/wp-json\/wp\/v2\/product\/21989","targetHints":{"allow":["GET"]}}],"collection":[{"href":"https:\/\/nordicmart.andreevmaster.com\/da\/wp-json\/wp\/v2\/product"}],"about":[{"href":"https:\/\/nordicmart.andreevmaster.com\/da\/wp-json\/wp\/v2\/types\/product"}],"replies":[{"embeddable":true,"href":"https:\/\/nordicmart.andreevmaster.com\/da\/wp-json\/wp\/v2\/comments?post=21989"}],"wp:attachment":[{"href":"https:\/\/nordicmart.andreevmaster.com\/da\/wp-json\/wp\/v2\/media?parent=21989"}],"wp:term":[{"taxonomy":"product_brand","embeddable":true,"href":"https:\/\/nordicmart.andreevmaster.com\/da\/wp-json\/wp\/v2\/product_brand?post=21989"},{"taxonomy":"product_cat","embeddable":true,"href":"https:\/\/nordicmart.andreevmaster.com\/da\/wp-json\/wp\/v2\/product_cat?post=21989"},{"taxonomy":"product_tag","embeddable":true,"href":"https:\/\/nordicmart.andreevmaster.com\/da\/wp-json\/wp\/v2\/product_tag?post=21989"}],"curies":[{"name":"wp","href":"https:\/\/api.w.org\/{rel}","templated":true}]}}