{"id":21988,"date":"2026-02-27T00:13:59","date_gmt":"2026-02-27T00:13:59","guid":{"rendered":"https:\/\/nordicmart.andreevmaster.com\/product\/ines-elegant-hvid-seng-90x200-med-skuffe\/"},"modified":"2026-02-27T08:57:44","modified_gmt":"2026-02-27T08:57:44","slug":"ines-elegant-hvid-seng-90x200-med-skuffe","status":"publish","type":"product","link":"https:\/\/nordicmart.andreevmaster.com\/da\/vare\/ines-elegant-hvid-seng-90x200-med-skuffe\/","title":{"rendered":"Ines elegant hvid seng 90&#215;200 med skuffe"},"content":{"rendered":"<p>Ines-kollektionen vokser i takt med barnet. Det nye er den perfekte seng til et \u00e6ldre barn (200 cm x 90 cm).<br \/>\nSengens standardm\u00e5l g\u00f8r det nemmere at finde en passende madras eller k\u00f8be tekstiler af enhver art. Sengen er dekoreret med et elegant hovedg\u00e6rde og fodg\u00e6rde. Sengen er udstyret med en rummelig skuffe, der har plads til senget\u00f8j. Den kan ogs\u00e5 bruges som ekstra seng. **Vigtigste fordele:** &#8211; Madrasbund medf\u00f8lger &#8211; Skuffen kan bruges til opbevaring eller som ekstra soveplads &#8211; Udstyret med hjul &#8211; Kan placeres i venstre eller h\u00f8jre side af sengen Sengen passer til en madras i st\u00f8rrelsen 90&#215;200 cm. Skuffen passer til en standardmadras p\u00e5 90&#215;195 cm. **M\u00f8beldesign og finish:**<br \/>\n&#8211; siderne og fronten af skuffen er lavet af MDF-plader af h\u00f8j kvalitet<br \/>\n&#8211; skuffens sider er lavet af lamineret plade af h\u00f8j kvalitet, som er modstandsdygtig over for skader og fugt og nem at holde ren<br \/>\n&#8211; skufferne er udstyret med hjul<br \/>\n&#8211; Madrasbunden er lavet af b\u00f8getr\u00e6<br \/>\n&#8211; Lakeret maling, sikker for b\u00f8rn, certificeret i henhold til EN71 \/ 3, for\u00e5rsager ikke allergi<\/p>\n<p> **M\u00e5l (cm):**<br \/>\nL\u00e6ngde: 208<br \/>\nH\u00f8jde: 95<br \/>\nBredde: 95,25<\/p>\n<p>**Farver:**<br \/>\n&#8211; elegant hvid<br \/>\n&#8211; neutral gr\u00e5<\/p>\n<p>**Brugsanvisning:**<br \/>\nM\u00f8blerne skal t\u00f8rres af med en bl\u00f8d bomuldsklud fugtet med vand eller m\u00f8belpolish.<\/p>\n<p>**Yderligere oplysninger:**<br \/>\nM\u00f8blerne leveres i kasser til selvmontering. Kasserne indeholder en detaljeret monteringsvejledning samt tilbeh\u00f8r (skruer osv.)<\/p>\n","protected":false},"excerpt":{"rendered":"<p>Ines-kollektionen vokser i takt med barnet. Det nye er den perfekte seng til et \u00e6ldre barn (200 cm x 90 cm). Sengens standardm\u00e5l g\u00f8r det nemmere at finde en passende madras eller k\u00f8be tekstiler af enhver art. Sengen er dekoreret med et elegant hovedg\u00e6rde og fodg\u00e6rde. Sengen er udstyret med en rummelig skuffe, der har [&hellip;]<\/p>\n","protected":false},"featured_media":0,"comment_status":"open","ping_status":"closed","template":"","meta":[],"product_brand":[],"product_cat":[31],"product_tag":[],"class_list":{"0":"post-21988","1":"product","2":"type-product","3":"status-publish","5":"product_cat-uncategorized-da","7":"first","8":"instock","9":"shipping-taxable","10":"purchasable","11":"product-type-simple"},"_links":{"self":[{"href":"https:\/\/nordicmart.andreevmaster.com\/da\/wp-json\/wp\/v2\/product\/21988","targetHints":{"allow":["GET"]}}],"collection":[{"href":"https:\/\/nordicmart.andreevmaster.com\/da\/wp-json\/wp\/v2\/product"}],"about":[{"href":"https:\/\/nordicmart.andreevmaster.com\/da\/wp-json\/wp\/v2\/types\/product"}],"replies":[{"embeddable":true,"href":"https:\/\/nordicmart.andreevmaster.com\/da\/wp-json\/wp\/v2\/comments?post=21988"}],"wp:attachment":[{"href":"https:\/\/nordicmart.andreevmaster.com\/da\/wp-json\/wp\/v2\/media?parent=21988"}],"wp:term":[{"taxonomy":"product_brand","embeddable":true,"href":"https:\/\/nordicmart.andreevmaster.com\/da\/wp-json\/wp\/v2\/product_brand?post=21988"},{"taxonomy":"product_cat","embeddable":true,"href":"https:\/\/nordicmart.andreevmaster.com\/da\/wp-json\/wp\/v2\/product_cat?post=21988"},{"taxonomy":"product_tag","embeddable":true,"href":"https:\/\/nordicmart.andreevmaster.com\/da\/wp-json\/wp\/v2\/product_tag?post=21988"}],"curies":[{"name":"wp","href":"https:\/\/api.w.org\/{rel}","templated":true}]}}