{"id":21987,"date":"2026-02-27T00:13:58","date_gmt":"2026-02-27T00:13:58","guid":{"rendered":"https:\/\/nordicmart.andreevmaster.com\/product\/ines-elegant-hvid-barneseng-smabornseng-70x140\/"},"modified":"2026-02-27T08:57:43","modified_gmt":"2026-02-27T08:57:43","slug":"ines-elegant-hvid-barneseng-smabornseng-70x140","status":"publish","type":"product","link":"https:\/\/nordicmart.andreevmaster.com\/da\/vare\/ines-elegant-hvid-barneseng-smabornseng-70x140\/","title":{"rendered":"Ines elegant hvid barneseng \/ sm\u00e5b\u00f8rnseng 70&#215;140"},"content":{"rendered":"<p>Barnesengen er faktisk det mest basale og vigtigste m\u00f8bel i et babyrum.<br \/>\nEn behagelig barneseng, der vokser med barnet og ledsager det i hverdagens udfordringer og opdagelsen af verden.<br \/>\nInes-sengen har mange funktioner, der g\u00f8r den til et ideelt m\u00f8bel, der vil opfylde forventningerne hos kr\u00e6vende for\u00e6ldre og b\u00f8rn. **Vigtigste fordele:**<br \/>\n&#8211; Tre bundh\u00f8jder:<br \/>\n  I niveau &#8211; 54 cm<br \/>\n  II niveau &#8211; 42 cm<br \/>\n  III niveau &#8211; 30 cm<br \/>\n&#8211; barnesengen vokser sammen med barnet &#8211; demontering af den forreste ramme g\u00f8r det muligt at skabe en seng\/sofa<br \/>\n&#8211; en beskyttende skinne, der beskytter barnet mod at falde ud, efter at barnesengen er omdannet til en seng, er inkluderet. Skinnen kan monteres p\u00e5 h\u00f8jre eller venstre side af sengen<br \/>\n&#8211; En rummelig skuffe p\u00e5 lydl\u00f8se Blum-skinner<br \/>\n&#8211; Et l\u00e5g, der d\u00e6kker skuffens indhold<br \/>\n&#8211; Barnesengen passer til en standardmadras i st\u00f8rrelsen 70&#215;140<br \/>\n&#8211; Aldersgruppe: Fra f\u00f8dslen til ca. 6 \u00e5r.  **M\u00e5l (cm):**<br \/>\nh\u00f8jde: 92<br \/>\ndybde: 83,5<br \/>\nl\u00e6ngde: 152,5 **M\u00f8belmaterialer og finish:**<br \/>\n&#8211; skuffefronter, sider, top og sokkel er lavet af lakeret MDF-plade i elegant hvid eller neutral gr\u00e5 farve<br \/>\n&#8211; Siderne p\u00e5 skuffen er lavet af lamineret plade af h\u00f8j kvalitet, der er modstandsdygtig over for skader og fugt og nem at holde ren.<br \/>\n&#8211; Stille glideskinner med selvlukkende funktion fra Blum.<br \/>\n&#8211; H\u00e5ndlavet porcel\u00e6nsgreb.<br \/>\n&#8211; Malingen, der er brugt i lakeringprocessen, er sikker for b\u00f8rn, EN71\/3-godkendt og for\u00e5rsager ikke allergi.<\/p>\n<p>**Farver:**<br \/>\n&#8211; elegant hvid<br \/>\n&#8211; neutral gr\u00e5.<\/p>\n<p>**Brugervejledning:**<br \/>\nM\u00f8blerne skal t\u00f8rres af med en bl\u00f8d bomuldsklud fugtet med vand eller et produkt beregnet til m\u00f8belpleje. **Yderligere oplysninger:**<br \/>\nM\u00f8blerne leveres i pakker, der er beregnet til selvmontering. Pakkerne indeholder detaljerede monteringsvejledninger samt tilbeh\u00f8r (skruer osv.).<\/p>\n","protected":false},"excerpt":{"rendered":"<p>Barnesengen er faktisk det mest basale og vigtigste m\u00f8bel i et babyrum. En behagelig barneseng, der vokser med barnet og ledsager det i hverdagens udfordringer og opdagelsen af verden. Ines-sengen har mange funktioner, der g\u00f8r den til et ideelt m\u00f8bel, der vil opfylde forventningerne hos kr\u00e6vende for\u00e6ldre og b\u00f8rn. **Vigtigste fordele:** &#8211; Tre bundh\u00f8jder: I [&hellip;]<\/p>\n","protected":false},"featured_media":0,"comment_status":"open","ping_status":"closed","template":"","meta":[],"product_brand":[],"product_cat":[31],"product_tag":[],"class_list":{"0":"post-21987","1":"product","2":"type-product","3":"status-publish","5":"product_cat-uncategorized-da","7":"first","8":"instock","9":"shipping-taxable","10":"purchasable","11":"product-type-simple"},"_links":{"self":[{"href":"https:\/\/nordicmart.andreevmaster.com\/da\/wp-json\/wp\/v2\/product\/21987","targetHints":{"allow":["GET"]}}],"collection":[{"href":"https:\/\/nordicmart.andreevmaster.com\/da\/wp-json\/wp\/v2\/product"}],"about":[{"href":"https:\/\/nordicmart.andreevmaster.com\/da\/wp-json\/wp\/v2\/types\/product"}],"replies":[{"embeddable":true,"href":"https:\/\/nordicmart.andreevmaster.com\/da\/wp-json\/wp\/v2\/comments?post=21987"}],"wp:attachment":[{"href":"https:\/\/nordicmart.andreevmaster.com\/da\/wp-json\/wp\/v2\/media?parent=21987"}],"wp:term":[{"taxonomy":"product_brand","embeddable":true,"href":"https:\/\/nordicmart.andreevmaster.com\/da\/wp-json\/wp\/v2\/product_brand?post=21987"},{"taxonomy":"product_cat","embeddable":true,"href":"https:\/\/nordicmart.andreevmaster.com\/da\/wp-json\/wp\/v2\/product_cat?post=21987"},{"taxonomy":"product_tag","embeddable":true,"href":"https:\/\/nordicmart.andreevmaster.com\/da\/wp-json\/wp\/v2\/product_tag?post=21987"}],"curies":[{"name":"wp","href":"https:\/\/api.w.org\/{rel}","templated":true}]}}