{"id":21984,"date":"2026-02-27T00:13:58","date_gmt":"2026-02-27T00:13:58","guid":{"rendered":"https:\/\/nordicmart.andreevmaster.com\/product\/ines-elegant-hvid-kommode-med-4-skuffer\/"},"modified":"2026-02-27T08:57:43","modified_gmt":"2026-02-27T08:57:43","slug":"ines-elegant-hvid-kommode-med-4-skuffer","status":"publish","type":"product","link":"https:\/\/nordicmart.andreevmaster.com\/da\/vare\/ines-elegant-hvid-kommode-med-4-skuffer\/","title":{"rendered":"Ines elegant hvid kommode med 4 skuffer"},"content":{"rendered":"<p>Ines kommode med 4 skuffer er et godt tilbud til st\u00f8rre b\u00f8rn. Som alle kommoder i kollektionen er den holdt i en klassisk stil fuld af elegance og maksimal funktionalitet.<br \/>\nDet bedste tilbud til b\u00f8rnev\u00e6relset eller for\u00e6ldrenes sovev\u00e6relse.<br \/>\nKommoden er tilpasset til montering af et puslebord (venstre eller h\u00f8jre side).<br \/>\nF\u00e5s i to farver: elegant hvid eller neutral gr\u00e5.<br \/>\n**Vigtigste fordele:**<br \/>\n&#8211; tre rummelige skuffer (f\u00f8rste skuffe er opdelt i to dele indeni),<br \/>\n&#8211; der kan monteres en puslebord p\u00e5 toppen,<br \/>\n&#8211; kan monteres p\u00e5 v\u00e6ggen \u2013 anbefales,<br \/>\n&#8211; lydl\u00f8se skinner med selvlukkende funktion fra Blum<br \/>\n&#8211; komfortable h\u00e5ndlavede h\u00e5ndtag,<br \/>\n&#8211; overholder europ\u00e6iske standarder og sikkerhedsnormer.<\/p>\n<p>**M\u00e5l (cm):**<br \/>\nh\u00f8jde: 90<br \/>\ndybde: 51<br \/>\nbredde: 120<\/p>\n<p>**M\u00f8belmaterialer og finish:**<br \/>\n&#8211; skuffefronter, sider, top og sokkel er lavet af lakeret MDF-plade i elegant hvid eller neutral gr\u00e5 farve<br \/>\n&#8211; kroppen er lavet af lamineret plade af h\u00f8j kvalitet, der er modstandsdygtig over for skader og fugt og nem at holde ren &#8211; lydl\u00f8se skinner med selvlukkende funktion fra Blum<br \/>\n&#8211; h\u00e5ndlavede porcel\u00e6nsgreb<br \/>\n&#8211; maling, der anvendes i lakering, er sikker for b\u00f8rn, EN71\/3-godkendt og for\u00e5rsager ikke allergi.<\/p>\n<p>**Farver:**<br \/>\n&#8211; elegant hvid<br \/>\n&#8211; neutral gr\u00e5.<\/p>\n<p>**Brugervejledning:**<br \/>\nM\u00f8blerne skal t\u00f8rres af med en bl\u00f8d bomuldsklud fugtet med vand eller et produkt beregnet til m\u00f8belpleje. **Yderligere oplysninger:**<br \/>\nM\u00f8blerne leveres i pakker, der er beregnet til selvmontering. Pakkerne indeholder detaljerede monteringsvejledninger samt tilbeh\u00f8r (skruer osv.).<\/p>\n","protected":false},"excerpt":{"rendered":"<p>Ines kommode med 4 skuffer er et godt tilbud til st\u00f8rre b\u00f8rn. Som alle kommoder i kollektionen er den holdt i en klassisk stil fuld af elegance og maksimal funktionalitet. Det bedste tilbud til b\u00f8rnev\u00e6relset eller for\u00e6ldrenes sovev\u00e6relse. Kommoden er tilpasset til montering af et puslebord (venstre eller h\u00f8jre side). F\u00e5s i to farver: elegant [&hellip;]<\/p>\n","protected":false},"featured_media":0,"comment_status":"open","ping_status":"closed","template":"","meta":[],"product_brand":[],"product_cat":[31],"product_tag":[],"class_list":{"0":"post-21984","1":"product","2":"type-product","3":"status-publish","5":"product_cat-uncategorized-da","7":"first","8":"instock","9":"shipping-taxable","10":"purchasable","11":"product-type-simple"},"_links":{"self":[{"href":"https:\/\/nordicmart.andreevmaster.com\/da\/wp-json\/wp\/v2\/product\/21984","targetHints":{"allow":["GET"]}}],"collection":[{"href":"https:\/\/nordicmart.andreevmaster.com\/da\/wp-json\/wp\/v2\/product"}],"about":[{"href":"https:\/\/nordicmart.andreevmaster.com\/da\/wp-json\/wp\/v2\/types\/product"}],"replies":[{"embeddable":true,"href":"https:\/\/nordicmart.andreevmaster.com\/da\/wp-json\/wp\/v2\/comments?post=21984"}],"wp:attachment":[{"href":"https:\/\/nordicmart.andreevmaster.com\/da\/wp-json\/wp\/v2\/media?parent=21984"}],"wp:term":[{"taxonomy":"product_brand","embeddable":true,"href":"https:\/\/nordicmart.andreevmaster.com\/da\/wp-json\/wp\/v2\/product_brand?post=21984"},{"taxonomy":"product_cat","embeddable":true,"href":"https:\/\/nordicmart.andreevmaster.com\/da\/wp-json\/wp\/v2\/product_cat?post=21984"},{"taxonomy":"product_tag","embeddable":true,"href":"https:\/\/nordicmart.andreevmaster.com\/da\/wp-json\/wp\/v2\/product_tag?post=21984"}],"curies":[{"name":"wp","href":"https:\/\/api.w.org\/{rel}","templated":true}]}}