{"id":21982,"date":"2026-02-27T00:13:57","date_gmt":"2026-02-27T00:13:57","guid":{"rendered":"https:\/\/nordicmart.andreevmaster.com\/product\/ines-elegant-hvidt-skrivebord\/"},"modified":"2026-02-27T08:57:43","modified_gmt":"2026-02-27T08:57:43","slug":"ines-elegant-hvidt-skrivebord","status":"publish","type":"product","link":"https:\/\/nordicmart.andreevmaster.com\/da\/vare\/ines-elegant-hvidt-skrivebord\/","title":{"rendered":"Ines elegant hvidt skrivebord"},"content":{"rendered":"<p>Vigtigste fordele:<br \/>\n&#8211; 4 rummelige skuffer udstyret med kugleskinner fra GTV, <\/p>\n<p>&#8211; 1 rummeligt skab, <\/p>\n<p>&#8211; overholder europ\u00e6iske sikkerhedsstandarder og normer. <\/p>\n<p>M\u00e5l (cm):<br \/>\nh\u00f8jde: 77,6<br \/>\ndybde: 60<br \/>\nbredde: 132 <\/p>\n<p>Design og finish:<br \/>\n&#8211; Lakeret MDF-plade,<br \/>\n&#8211; lamineret plade af h\u00f8j kvalitet, der er modstandsdygtig over for skader og fugt og nem at holde ren, <\/p>\n<p>De lakker, der anvendes i produktionsprocessen, er sikre for b\u00f8rn og certificeret i henhold til EN71\/3 <\/p>\n<p>Farve:<br \/>\n&#8211; hvid <\/p>\n<p>Brugsanvisning:<br \/>\nM\u00f8blerne skal t\u00f8rres af med en bl\u00f8d bomuldsklud fugtet med vand eller et m\u00f8belplejemiddel. <\/p>\n<p>Samling:<br \/>\nM\u00f8blerne leveres i pakker til selvmontering. Der medf\u00f8lger detaljerede monteringsvejledninger i pakkerne sammen med udstyret.<\/p>\n","protected":false},"excerpt":{"rendered":"<p>Vigtigste fordele: &#8211; 4 rummelige skuffer udstyret med kugleskinner fra GTV, &#8211; 1 rummeligt skab, &#8211; overholder europ\u00e6iske sikkerhedsstandarder og normer. M\u00e5l (cm): h\u00f8jde: 77,6 dybde: 60 bredde: 132 Design og finish: &#8211; Lakeret MDF-plade, &#8211; lamineret plade af h\u00f8j kvalitet, der er modstandsdygtig over for skader og fugt og nem at holde ren, De [&hellip;]<\/p>\n","protected":false},"featured_media":0,"comment_status":"open","ping_status":"closed","template":"","meta":[],"product_brand":[],"product_cat":[31],"product_tag":[],"class_list":{"0":"post-21982","1":"product","2":"type-product","3":"status-publish","5":"product_cat-uncategorized-da","7":"first","8":"instock","9":"shipping-taxable","10":"purchasable","11":"product-type-simple"},"_links":{"self":[{"href":"https:\/\/nordicmart.andreevmaster.com\/da\/wp-json\/wp\/v2\/product\/21982","targetHints":{"allow":["GET"]}}],"collection":[{"href":"https:\/\/nordicmart.andreevmaster.com\/da\/wp-json\/wp\/v2\/product"}],"about":[{"href":"https:\/\/nordicmart.andreevmaster.com\/da\/wp-json\/wp\/v2\/types\/product"}],"replies":[{"embeddable":true,"href":"https:\/\/nordicmart.andreevmaster.com\/da\/wp-json\/wp\/v2\/comments?post=21982"}],"wp:attachment":[{"href":"https:\/\/nordicmart.andreevmaster.com\/da\/wp-json\/wp\/v2\/media?parent=21982"}],"wp:term":[{"taxonomy":"product_brand","embeddable":true,"href":"https:\/\/nordicmart.andreevmaster.com\/da\/wp-json\/wp\/v2\/product_brand?post=21982"},{"taxonomy":"product_cat","embeddable":true,"href":"https:\/\/nordicmart.andreevmaster.com\/da\/wp-json\/wp\/v2\/product_cat?post=21982"},{"taxonomy":"product_tag","embeddable":true,"href":"https:\/\/nordicmart.andreevmaster.com\/da\/wp-json\/wp\/v2\/product_tag?post=21982"}],"curies":[{"name":"wp","href":"https:\/\/api.w.org\/{rel}","templated":true}]}}