{"id":21976,"date":"2026-02-27T00:13:56","date_gmt":"2026-02-27T00:13:56","guid":{"rendered":"https:\/\/nordicmart.andreevmaster.com\/product\/i-love-fitted-sheet-40x90-2\/"},"modified":"2026-02-27T08:57:42","modified_gmt":"2026-02-27T08:57:42","slug":"i-love-fitted-sheet-40x90-2","status":"publish","type":"product","link":"https:\/\/nordicmart.andreevmaster.com\/da\/vare\/i-love-fitted-sheet-40x90-2\/","title":{"rendered":"I love fitted sheet 40&#215;90"},"content":{"rendered":"<p>Helt\u00e6ppet er lavet af bomuld af h\u00f8jeste kvalitet. Den hvide baggrund er livliggjort med p\u00e5skriften \u201eI love&#8230;\u201d, ord, der har v\u00e6ret med os, siden vores baby blev f\u00f8dt. Ord, der v\u00e6kker positive minder. Trekanter og p\u00e5skrifter med hjerter er arrangeret uregelm\u00e6ssigt og findes i flere nuancer: gr\u00e5, sort og sennep. Det dynamiske m\u00f8nster sikrer, at du ikke hurtigt bliver tr\u00e6t af det. Det vil pifte selv et meget enkelt, moderne arrangement af vuggen op, b\u00e5de for piger og drenge.<\/p>\n<p>Det str\u00e6klagen passer perfekt til madrassen og sidder lige tilpas \u2013 alt sammen for at give dit barn en fredelig s\u00f8vn. Det er lavet af bomuld, der er bl\u00f8dt mod b\u00e5de babyers og b\u00f8rns hud.<\/p>\n<p>**Detaljer:**<br \/>\n&#8211; designet og fremstillet i Polen<br \/>\n&#8211; 100 % bomuld med en tr\u00e5dv\u00e6gt p\u00e5 150 g\/m2 og et Oeko-Tex Standard 100 IW 00034-certifikat<br \/>\n&#8211; vasketemperatur: 30\u02da C<\/p>\n<p>**St\u00f8rrelse:**<br \/>\n40&#215;90 cm<\/p>\n<p>**Anbefales til dette s\u00e6t:**<br \/>\n&#8211; Jackie Town fyldt senget\u00f8jss\u00e6t<\/p>\n","protected":false},"excerpt":{"rendered":"<p>Helt\u00e6ppet er lavet af bomuld af h\u00f8jeste kvalitet. Den hvide baggrund er livliggjort med p\u00e5skriften \u201eI love&#8230;\u201d, ord, der har v\u00e6ret med os, siden vores baby blev f\u00f8dt. Ord, der v\u00e6kker positive minder. Trekanter og p\u00e5skrifter med hjerter er arrangeret uregelm\u00e6ssigt og findes i flere nuancer: gr\u00e5, sort og sennep. Det dynamiske m\u00f8nster sikrer, at [&hellip;]<\/p>\n","protected":false},"featured_media":0,"comment_status":"open","ping_status":"closed","template":"","meta":[],"product_brand":[],"product_cat":[31],"product_tag":[],"class_list":{"0":"post-21976","1":"product","2":"type-product","3":"status-publish","5":"product_cat-uncategorized-da","7":"first","8":"instock","9":"shipping-taxable","10":"purchasable","11":"product-type-simple"},"_links":{"self":[{"href":"https:\/\/nordicmart.andreevmaster.com\/da\/wp-json\/wp\/v2\/product\/21976","targetHints":{"allow":["GET"]}}],"collection":[{"href":"https:\/\/nordicmart.andreevmaster.com\/da\/wp-json\/wp\/v2\/product"}],"about":[{"href":"https:\/\/nordicmart.andreevmaster.com\/da\/wp-json\/wp\/v2\/types\/product"}],"replies":[{"embeddable":true,"href":"https:\/\/nordicmart.andreevmaster.com\/da\/wp-json\/wp\/v2\/comments?post=21976"}],"wp:attachment":[{"href":"https:\/\/nordicmart.andreevmaster.com\/da\/wp-json\/wp\/v2\/media?parent=21976"}],"wp:term":[{"taxonomy":"product_brand","embeddable":true,"href":"https:\/\/nordicmart.andreevmaster.com\/da\/wp-json\/wp\/v2\/product_brand?post=21976"},{"taxonomy":"product_cat","embeddable":true,"href":"https:\/\/nordicmart.andreevmaster.com\/da\/wp-json\/wp\/v2\/product_cat?post=21976"},{"taxonomy":"product_tag","embeddable":true,"href":"https:\/\/nordicmart.andreevmaster.com\/da\/wp-json\/wp\/v2\/product_tag?post=21976"}],"curies":[{"name":"wp","href":"https:\/\/api.w.org\/{rel}","templated":true}]}}