{"id":21940,"date":"2026-02-27T00:13:48","date_gmt":"2026-02-27T00:13:48","guid":{"rendered":"https:\/\/nordicmart.andreevmaster.com\/product\/tojstativ-med-hjul-tungt-tojstativ-forlaengeligt-tojstativ-forlaengelig-tojstang\/"},"modified":"2026-02-27T08:57:36","modified_gmt":"2026-02-27T08:57:36","slug":"tojstativ-med-hjul-tungt-tojstativ-forlaengeligt-tojstativ-forlaengelig-tojstang","status":"publish","type":"product","link":"https:\/\/nordicmart.andreevmaster.com\/da\/vare\/tojstativ-med-hjul-tungt-tojstativ-forlaengeligt-tojstativ-forlaengelig-tojstang\/","title":{"rendered":"T\u00f8jstativ med hjul, tungt t\u00f8jstativ, forl\u00e6ngeligt t\u00f8jstativ, forl\u00e6ngelig t\u00f8jstang"},"content":{"rendered":"","protected":false},"excerpt":{"rendered":"","protected":false},"featured_media":0,"comment_status":"open","ping_status":"closed","template":"","meta":[],"product_brand":[],"product_cat":[31],"product_tag":[],"class_list":{"0":"post-21940","1":"product","2":"type-product","3":"status-publish","5":"product_cat-uncategorized-da","7":"first","8":"instock","9":"shipping-taxable","10":"product-type-simple"},"_links":{"self":[{"href":"https:\/\/nordicmart.andreevmaster.com\/da\/wp-json\/wp\/v2\/product\/21940","targetHints":{"allow":["GET"]}}],"collection":[{"href":"https:\/\/nordicmart.andreevmaster.com\/da\/wp-json\/wp\/v2\/product"}],"about":[{"href":"https:\/\/nordicmart.andreevmaster.com\/da\/wp-json\/wp\/v2\/types\/product"}],"replies":[{"embeddable":true,"href":"https:\/\/nordicmart.andreevmaster.com\/da\/wp-json\/wp\/v2\/comments?post=21940"}],"wp:attachment":[{"href":"https:\/\/nordicmart.andreevmaster.com\/da\/wp-json\/wp\/v2\/media?parent=21940"}],"wp:term":[{"taxonomy":"product_brand","embeddable":true,"href":"https:\/\/nordicmart.andreevmaster.com\/da\/wp-json\/wp\/v2\/product_brand?post=21940"},{"taxonomy":"product_cat","embeddable":true,"href":"https:\/\/nordicmart.andreevmaster.com\/da\/wp-json\/wp\/v2\/product_cat?post=21940"},{"taxonomy":"product_tag","embeddable":true,"href":"https:\/\/nordicmart.andreevmaster.com\/da\/wp-json\/wp\/v2\/product_tag?post=21940"}],"curies":[{"name":"wp","href":"https:\/\/api.w.org\/{rel}","templated":true}]}}