{"id":21912,"date":"2026-02-27T00:13:42","date_gmt":"2026-02-27T00:13:42","guid":{"rendered":"https:\/\/nordicmart.andreevmaster.com\/product\/tojstativ-tojstativ-med-hjul-5-trins-tojstativ-med-metalror-til-sovevaerelset-butikken-vaskerummet-stuen-rustikt-brunt-og-sort\/"},"modified":"2026-02-27T08:57:31","modified_gmt":"2026-02-27T08:57:31","slug":"tojstativ-tojstativ-med-hjul-5-trins-tojstativ-med-metalror-til-sovevaerelset-butikken-vaskerummet-stuen-rustikt-brunt-og-sort","status":"publish","type":"product","link":"https:\/\/nordicmart.andreevmaster.com\/da\/vare\/tojstativ-tojstativ-med-hjul-5-trins-tojstativ-med-metalror-til-sovevaerelset-butikken-vaskerummet-stuen-rustikt-brunt-og-sort\/","title":{"rendered":"T\u00f8jstativ, t\u00f8jstativ med hjul, 5-trins t\u00f8jstativ med metalr\u00f8r, til sovev\u00e6relset, butikken, vaskerummet, stuen, rustikt brunt og sort"},"content":{"rendered":"<p>Det har aldrig set bedre ud: Det er et par, der definerer rummet og dette t\u00f8jstativ, og tvinger \u00f8jnene til at se dets vej, n\u00e5r det pr\u00e6senterer dit t\u00f8j stilfuldt og giver det en unik scene at str\u00e5le p\u00e5.T\u00f8jet bliver p\u00e5 plads: Du kan v\u00e6re rolig, for du ved, at dit t\u00f8j h\u00e6nger, hvor det h\u00f8rer til, n\u00e5r du kommer hjem; denne t\u00f8jstativs st\u00e6rke st\u00e5lr\u00f8rskinne kan b\u00e6re op til 60 kg af dit yndlingst\u00f8j.<\/p>\n<p>H\u00e6ng op, vis frem, g\u00f8r klar, gem v\u00e6k: Denne t\u00f8jstativ er ikke kun til at h\u00e6nge t\u00f8j p\u00e5 \u2013 vis tasker frem p\u00e5 de tre sidehylder, g\u00f8r sko klar p\u00e5 den nederste hylde og opbevar ting i kasser p\u00e5 den \u00f8verste hylde \u2013 alt er velkomment!<\/p>\n<p>G\u00e5r med dig, hvor du g\u00e5r: Rul din t\u00f8jkollektion fra garderoben til sovev\u00e6relset, stuen og andre steder med 4 hjul. 2 hjul kan l\u00e5ses, s\u00e5 t\u00f8jstativet st\u00e5r fast, mens du pr\u00f8ver t\u00f8j.<\/p>\n<p>Nem og ubesv\u00e6ret samling: M\u00e6rkede dele? Tjekket. Detaljerede instruktioner? Tjekket. Enkel samleproces? Tjekket! S\u00e5 f\u00f8les det ikke l\u00e6ngere som et stort arbejde at samle dette t\u00f8jstativ \u2013 lad os komme i gang.Tekniske oplysninger: Farve: Farven er farvet: Farve: Rustic Brown Materiale: Rustic Brown: Materiale: Sp\u00e5nplade, st\u00e5l Produktst\u00f8rrelse: 103,5 x 40 x 174,5 cm (L x B x H) Produktv\u00e6gt: 20,8 kg Maks. Ripustustangon kuormitettavuus: 60 kgKokonaismaks. Kantavuus: 90 kgPakkauksen sis\u00e4lt\u00f6:1 x Vaateteline1 x Asennussarja1 x K\u00e4ytt\u00f6ohjeet (EN, DE, FR, ES, IT, ES, IT)<\/p>\n","protected":false},"excerpt":{"rendered":"<p>Det har aldrig set bedre ud: Det er et par, der definerer rummet og dette t\u00f8jstativ, og tvinger \u00f8jnene til at se dets vej, n\u00e5r det pr\u00e6senterer dit t\u00f8j stilfuldt og giver det en unik scene at str\u00e5le p\u00e5.T\u00f8jet bliver p\u00e5 plads: Du kan v\u00e6re rolig, for du ved, at dit t\u00f8j h\u00e6nger, hvor det [&hellip;]<\/p>\n","protected":false},"featured_media":0,"comment_status":"open","ping_status":"closed","template":"","meta":[],"product_brand":[],"product_cat":[31],"product_tag":[],"class_list":{"0":"post-21912","1":"product","2":"type-product","3":"status-publish","5":"product_cat-uncategorized-da","7":"first","8":"instock","9":"shipping-taxable","10":"product-type-simple"},"_links":{"self":[{"href":"https:\/\/nordicmart.andreevmaster.com\/da\/wp-json\/wp\/v2\/product\/21912","targetHints":{"allow":["GET"]}}],"collection":[{"href":"https:\/\/nordicmart.andreevmaster.com\/da\/wp-json\/wp\/v2\/product"}],"about":[{"href":"https:\/\/nordicmart.andreevmaster.com\/da\/wp-json\/wp\/v2\/types\/product"}],"replies":[{"embeddable":true,"href":"https:\/\/nordicmart.andreevmaster.com\/da\/wp-json\/wp\/v2\/comments?post=21912"}],"wp:attachment":[{"href":"https:\/\/nordicmart.andreevmaster.com\/da\/wp-json\/wp\/v2\/media?parent=21912"}],"wp:term":[{"taxonomy":"product_brand","embeddable":true,"href":"https:\/\/nordicmart.andreevmaster.com\/da\/wp-json\/wp\/v2\/product_brand?post=21912"},{"taxonomy":"product_cat","embeddable":true,"href":"https:\/\/nordicmart.andreevmaster.com\/da\/wp-json\/wp\/v2\/product_cat?post=21912"},{"taxonomy":"product_tag","embeddable":true,"href":"https:\/\/nordicmart.andreevmaster.com\/da\/wp-json\/wp\/v2\/product_tag?post=21912"}],"curies":[{"name":"wp","href":"https:\/\/api.w.org\/{rel}","templated":true}]}}