{"id":21910,"date":"2026-02-27T00:13:42","date_gmt":"2026-02-27T00:13:42","guid":{"rendered":"https:\/\/nordicmart.andreevmaster.com\/product\/tojstativ-til-sovevaerelse-kraftigt-tojstativ-industrielt-rorrullende-tojstativ-med-hylde-topskinne-maks-belastning-90-kg-vaskerum-butik-rustik-brun-og-sort-2\/"},"modified":"2026-02-27T08:57:31","modified_gmt":"2026-02-27T08:57:31","slug":"tojstativ-til-sovevaerelse-kraftigt-tojstativ-industrielt-rorrullende-tojstativ-med-hylde-topskinne-maks-belastning-90-kg-vaskerum-butik-rustik-brun-og-sort-2","status":"publish","type":"product","link":"https:\/\/nordicmart.andreevmaster.com\/da\/vare\/tojstativ-til-sovevaerelse-kraftigt-tojstativ-industrielt-rorrullende-tojstativ-med-hylde-topskinne-maks-belastning-90-kg-vaskerum-butik-rustik-brun-og-sort-2\/","title":{"rendered":"T\u00f8jstativ til sovev\u00e6relse, kraftigt t\u00f8jstativ, industrielt r\u00f8rrullende t\u00f8jstativ med hylde, topskinne maks. Belastning 90 kg, vaskerum, butik, rustik brun og sort"},"content":{"rendered":"<p>Ingen kamp med skabsplads: Er dit skab ved at spr\u00e6nges i s\u00f8mmene? Denne t\u00f8jstang kan aflaste skabet og hj\u00e6lpe med at redde dine elskede kjoler fra t\u00f8jbunkerne.Vis det frem: Inviter dette h\u00e6ngende stativ med et industrielt r\u00f8rdesign og en rustik hylde ind i dit hjem for at pifte dit rum op og samtidig tilbyde ekstra opbevaring; det er s\u00e5 attraktivt, at du n\u00f8dig vil gemme det v\u00e6k og g\u00e5 glip af komplimenterne. Som et rullende skab: Hvad skal du have p\u00e5 til festen \u2013 afslappet t\u00f8j, den lille sorte kjole eller en elegant jumpsuit \u2013 du skal bare rulle dette b\u00e6rbare t\u00f8jstativ hen til spejlet for at finde det rigtige t\u00f8j; 2 bremser kan holde det p\u00e5 plads.Det har styrken: Skjorter, tr\u00f8jer, jakker og lange frakker \u2013 du kan roligt h\u00e6nge det t\u00f8j, du har brug for hele s\u00e6sonen, p\u00e5 dette t\u00f8jstativ, da b\u00e6reevnen p\u00e5 90 kg sikrer, at det har et stabilt hjem; den attraktive hylde kan ogs\u00e5 b\u00e6re op til 25 kg.Nem og let at samle: M\u00e6rkede dele? Tjek det. Detaljerede instruktioner? Tjek. En ligetil samleproces? Ja! S\u00e5 vil det ikke f\u00f8les som et ekstra job at samle denne t\u00f8jstang &#8211; lad os g\u00f8re det<\/p>\n<p>T\u00f8jstativ og skostativ i \u00e9t: Denne knager\u00e6kke kombinerer en t\u00f8jstang og et skostativ i \u00e9t. Det betyder, at dit t\u00f8j og dine sko kan opbevares sammen p\u00e5 \u00e9t sted, s\u00e5 du har nem adgang, n\u00e5r du skal v\u00e6lge t\u00f8j. H\u00e6ng dine jakker eller skjorter kr\u00f8lfrit p\u00e5 denne b\u00f8jlestang, s\u00e5 du ikke l\u00e6ngere beh\u00f8ver at folde og stryge dem. Hylden i bunden har ogs\u00e5 plads til et par kasser, hvor du kan opbevare t\u00f8rkl\u00e6der, sokker eller mange andre accessories.Et t\u00f8jstativ til alle lejligheder: Du kan ikke kun bruge dette t\u00f8jstativ derhjemme, men ogs\u00e5 transportere det til din butik eller loppemarked for at vise dine varer.Produktdetaljer:Farve: Vintage brun-sortMateriale: Sp\u00e5nplade, st\u00e5lSt\u00f8rrelse: 103,5 x 40 x 162 cm (L x B x H)V\u00e6gt: 9,7 kgMax. statisk belastningskapacitet for t\u00f8jstangen: 90 kgMax. statisk belastningskapacitet for hylden: 25 kgLeveringsomfang:1 x t\u00f8jstativ1 x beholder med tilbeh\u00f8r1 x instruktionerSONGMICS instruktioner:Flyt produktet langsomt og med hj\u00e6lp fra andre mennesker, n\u00e5r det er fuldt lastet for at sikre en l\u00e6ngere levetid.<\/p>\n","protected":false},"excerpt":{"rendered":"<p>Ingen kamp med skabsplads: Er dit skab ved at spr\u00e6nges i s\u00f8mmene? Denne t\u00f8jstang kan aflaste skabet og hj\u00e6lpe med at redde dine elskede kjoler fra t\u00f8jbunkerne.Vis det frem: Inviter dette h\u00e6ngende stativ med et industrielt r\u00f8rdesign og en rustik hylde ind i dit hjem for at pifte dit rum op og samtidig tilbyde ekstra [&hellip;]<\/p>\n","protected":false},"featured_media":0,"comment_status":"open","ping_status":"closed","template":"","meta":[],"product_brand":[],"product_cat":[31],"product_tag":[],"class_list":{"0":"post-21910","1":"product","2":"type-product","3":"status-publish","5":"product_cat-uncategorized-da","7":"first","8":"instock","9":"shipping-taxable","10":"product-type-simple"},"_links":{"self":[{"href":"https:\/\/nordicmart.andreevmaster.com\/da\/wp-json\/wp\/v2\/product\/21910","targetHints":{"allow":["GET"]}}],"collection":[{"href":"https:\/\/nordicmart.andreevmaster.com\/da\/wp-json\/wp\/v2\/product"}],"about":[{"href":"https:\/\/nordicmart.andreevmaster.com\/da\/wp-json\/wp\/v2\/types\/product"}],"replies":[{"embeddable":true,"href":"https:\/\/nordicmart.andreevmaster.com\/da\/wp-json\/wp\/v2\/comments?post=21910"}],"wp:attachment":[{"href":"https:\/\/nordicmart.andreevmaster.com\/da\/wp-json\/wp\/v2\/media?parent=21910"}],"wp:term":[{"taxonomy":"product_brand","embeddable":true,"href":"https:\/\/nordicmart.andreevmaster.com\/da\/wp-json\/wp\/v2\/product_brand?post=21910"},{"taxonomy":"product_cat","embeddable":true,"href":"https:\/\/nordicmart.andreevmaster.com\/da\/wp-json\/wp\/v2\/product_cat?post=21910"},{"taxonomy":"product_tag","embeddable":true,"href":"https:\/\/nordicmart.andreevmaster.com\/da\/wp-json\/wp\/v2\/product_tag?post=21910"}],"curies":[{"name":"wp","href":"https:\/\/api.w.org\/{rel}","templated":true}]}}