{"id":21874,"date":"2026-02-27T00:13:34","date_gmt":"2026-02-27T00:13:34","guid":{"rendered":"https:\/\/nordicmart.andreevmaster.com\/product\/garderobeskab-garderobe-tojstativ-med-baenk-opbevaring-af-sko-kroge-justerbar-hylde-moderne-hvid\/"},"modified":"2026-02-27T08:57:24","modified_gmt":"2026-02-27T08:57:24","slug":"garderobeskab-garderobe-tojstativ-med-baenk-opbevaring-af-sko-kroge-justerbar-hylde-moderne-hvid","status":"publish","type":"product","link":"https:\/\/nordicmart.andreevmaster.com\/da\/vare\/garderobeskab-garderobe-tojstativ-med-baenk-opbevaring-af-sko-kroge-justerbar-hylde-moderne-hvid\/","title":{"rendered":"Garderobeskab, garderobe, t\u00f8jstativ med b\u00e6nk, opbevaring af sko, kroge, justerbar hylde, moderne, hvid"},"content":{"rendered":"<p>[Monik\u00e4ytt\u00f6inen] 5 kolminkertaista koukkua takkeja ja avaimia varten, kenk\u00e4teline ja 10 kenkien s\u00e4ilytyslokeroa auttavat sinua pysym\u00e4\u00e4n j\u00e4rjestyksess\u00e4.[Fleksibel opbevaring] 4 aftagelige paneler inde i rummene skaber plads til sko i forskellige st\u00f8rrelser eller andre tilbeh\u00f8r. [Robust konstruktion] H\u00f8jkvalitets sp\u00e5nplader og MDF-plader sikrer lang levetid og stor stabilitet.<\/p>\n<p>[Moderne \u00e6stetik] Hvid finish, lameller og symmetriske buer giver et moderne og stilfuldt design.<br \/>\n[Nem samling] Nummererede dele og letforst\u00e5elige instruktioner g\u00f8r det nemt at samle.[PLADSSPARENDE L\u00d8SNING] Det gennemt\u00e6nkte design maksimerer opbevaringspladsen i entreen og minimerer rod.<\/p>\n<p>Form\uff1aRektangul\u00e6r\uff1bDybde\uff1a180 cm\uff1bMateriale\uff1aTr\u00e6, Tr\u00e6konstruktion\uff1bPakningsm\u00e5l\uff1a138 x 44 x 32,5 cm; 38,3 kg\uff1bS\u00e6rlige egenskaber\uff1aMultifunktionel\uff1bV\u00e6gt\uff1a38,3 kg\uff1b<\/p>\n","protected":false},"excerpt":{"rendered":"<p>[Monik\u00e4ytt\u00f6inen] 5 kolminkertaista koukkua takkeja ja avaimia varten, kenk\u00e4teline ja 10 kenkien s\u00e4ilytyslokeroa auttavat sinua pysym\u00e4\u00e4n j\u00e4rjestyksess\u00e4.[Fleksibel opbevaring] 4 aftagelige paneler inde i rummene skaber plads til sko i forskellige st\u00f8rrelser eller andre tilbeh\u00f8r. [Robust konstruktion] H\u00f8jkvalitets sp\u00e5nplader og MDF-plader sikrer lang levetid og stor stabilitet. [Moderne \u00e6stetik] Hvid finish, lameller og symmetriske buer giver [&hellip;]<\/p>\n","protected":false},"featured_media":0,"comment_status":"open","ping_status":"closed","template":"","meta":[],"product_brand":[],"product_cat":[31],"product_tag":[],"class_list":{"0":"post-21874","1":"product","2":"type-product","3":"status-publish","5":"product_cat-uncategorized-da","7":"first","8":"instock","9":"shipping-taxable","10":"product-type-simple"},"_links":{"self":[{"href":"https:\/\/nordicmart.andreevmaster.com\/da\/wp-json\/wp\/v2\/product\/21874","targetHints":{"allow":["GET"]}}],"collection":[{"href":"https:\/\/nordicmart.andreevmaster.com\/da\/wp-json\/wp\/v2\/product"}],"about":[{"href":"https:\/\/nordicmart.andreevmaster.com\/da\/wp-json\/wp\/v2\/types\/product"}],"replies":[{"embeddable":true,"href":"https:\/\/nordicmart.andreevmaster.com\/da\/wp-json\/wp\/v2\/comments?post=21874"}],"wp:attachment":[{"href":"https:\/\/nordicmart.andreevmaster.com\/da\/wp-json\/wp\/v2\/media?parent=21874"}],"wp:term":[{"taxonomy":"product_brand","embeddable":true,"href":"https:\/\/nordicmart.andreevmaster.com\/da\/wp-json\/wp\/v2\/product_brand?post=21874"},{"taxonomy":"product_cat","embeddable":true,"href":"https:\/\/nordicmart.andreevmaster.com\/da\/wp-json\/wp\/v2\/product_cat?post=21874"},{"taxonomy":"product_tag","embeddable":true,"href":"https:\/\/nordicmart.andreevmaster.com\/da\/wp-json\/wp\/v2\/product_tag?post=21874"}],"curies":[{"name":"wp","href":"https:\/\/api.w.org\/{rel}","templated":true}]}}