{"id":21866,"date":"2026-02-27T00:13:32","date_gmt":"2026-02-27T00:13:32","guid":{"rendered":"https:\/\/nordicmart.andreevmaster.com\/product\/aben-garderobe-med-skab\/"},"modified":"2026-02-27T08:57:23","modified_gmt":"2026-02-27T08:57:23","slug":"aben-garderobe-med-skab","status":"publish","type":"product","link":"https:\/\/nordicmart.andreevmaster.com\/da\/vare\/aben-garderobe-med-skab\/","title":{"rendered":"\u00c5ben garderobe med skab"},"content":{"rendered":"<p>Vil du gerne opbevare s\u00e6sonbestemt t\u00f8j et sted, hvor det er nemt at finde og tage p\u00e5? Overvejer du, hvor tasker og sko skal opbevares? Har du ikke et sted, hvor du kan opbevare dit nystr\u00f8gne t\u00f8j? Dette \u00e5bne kl\u00e6deskab er klar til at opfylde dine forskellige opbevaringsbehov med sin enkle stil. <\/p>\n<p>Har du for mange ting uden et hjem? Ingen grund til bekymring! T\u00f8j eller t\u00f8rkl\u00e6der kan nemt h\u00e6nges p\u00e5 st\u00e6nger, personlige ejendele eller sko kan placeres i skabet eller oven p\u00e5 det, og den \u00f8verste hylde er praktisk, hvis det er n\u00f8dvendigt. <\/p>\n<p>Har du nogensinde v\u00e6ret irriteret over ustabile m\u00f8bler? Har du nogensinde ved et uheld ramt d\u00f8rh\u00e5ndtaget med din h\u00e5nd eller fod? Nu er du fri for disse irriterende situationer takket v\u00e6re de justerbare ben og den magnetiske d\u00f8rl\u00e5s. <\/p>\n<p>Vil du pr\u00f8ve den industrielle stil? V\u00e6lg denne! Den sorte st\u00e5lramme giver en f\u00f8lelse af balance, og det rustikke brune tr\u00e6 giver en naturlig fornemmelse. Dette kl\u00e6deskab forener disse to materialetyper og fremst\u00e5r med en velordnet struktur, der er klassisk for m\u00f8bler i industriel stil.<\/p>\n<p>Specifikationer:- Farve: Rustik brun, sort- Materiale: Rustik brun, sort- Materiale: Rustik brun, sort: Materiale: Sp\u00e5nplade, st\u00e5l- Produktst\u00f8rrelse: 80 x 40 x 180 cm- Maks. Statisk belastning: Oph\u00e6ngsskinne: 20 kg (44,1 lb) Skab: 20 kg (44,1 lb): (60 kg) Pakkens indhold: &#8211; 1 x \u00e5ben garderobe &#8211; 1 x ekstraudstyrss\u00e6t &#8211; 1 x brugsanvisning.<\/p>\n","protected":false},"excerpt":{"rendered":"<p>Vil du gerne opbevare s\u00e6sonbestemt t\u00f8j et sted, hvor det er nemt at finde og tage p\u00e5? Overvejer du, hvor tasker og sko skal opbevares? Har du ikke et sted, hvor du kan opbevare dit nystr\u00f8gne t\u00f8j? Dette \u00e5bne kl\u00e6deskab er klar til at opfylde dine forskellige opbevaringsbehov med sin enkle stil. Har du for [&hellip;]<\/p>\n","protected":false},"featured_media":0,"comment_status":"open","ping_status":"closed","template":"","meta":[],"product_brand":[],"product_cat":[31],"product_tag":[],"class_list":{"0":"post-21866","1":"product","2":"type-product","3":"status-publish","5":"product_cat-uncategorized-da","7":"first","8":"instock","9":"shipping-taxable","10":"product-type-simple"},"_links":{"self":[{"href":"https:\/\/nordicmart.andreevmaster.com\/da\/wp-json\/wp\/v2\/product\/21866","targetHints":{"allow":["GET"]}}],"collection":[{"href":"https:\/\/nordicmart.andreevmaster.com\/da\/wp-json\/wp\/v2\/product"}],"about":[{"href":"https:\/\/nordicmart.andreevmaster.com\/da\/wp-json\/wp\/v2\/types\/product"}],"replies":[{"embeddable":true,"href":"https:\/\/nordicmart.andreevmaster.com\/da\/wp-json\/wp\/v2\/comments?post=21866"}],"wp:attachment":[{"href":"https:\/\/nordicmart.andreevmaster.com\/da\/wp-json\/wp\/v2\/media?parent=21866"}],"wp:term":[{"taxonomy":"product_brand","embeddable":true,"href":"https:\/\/nordicmart.andreevmaster.com\/da\/wp-json\/wp\/v2\/product_brand?post=21866"},{"taxonomy":"product_cat","embeddable":true,"href":"https:\/\/nordicmart.andreevmaster.com\/da\/wp-json\/wp\/v2\/product_cat?post=21866"},{"taxonomy":"product_tag","embeddable":true,"href":"https:\/\/nordicmart.andreevmaster.com\/da\/wp-json\/wp\/v2\/product_tag?post=21866"}],"curies":[{"name":"wp","href":"https:\/\/api.w.org\/{rel}","templated":true}]}}