{"id":21843,"date":"2026-02-27T00:13:27","date_gmt":"2026-02-27T00:13:27","guid":{"rendered":"https:\/\/nordicmart.andreevmaster.com\/product\/tojstativ-pa-hjul-kraftigt-tojstativ-med-udtraekkelig-bojlestang-90-kg-belastningskapacitet-nem-montering-transportabelt-sort-hsr13bkv1-2\/"},"modified":"2026-02-27T08:57:19","modified_gmt":"2026-02-27T08:57:19","slug":"tojstativ-pa-hjul-kraftigt-tojstativ-med-udtraekkelig-bojlestang-90-kg-belastningskapacitet-nem-montering-transportabelt-sort-hsr13bkv1-2","status":"publish","type":"product","link":"https:\/\/nordicmart.andreevmaster.com\/da\/vare\/tojstativ-pa-hjul-kraftigt-tojstativ-med-udtraekkelig-bojlestang-90-kg-belastningskapacitet-nem-montering-transportabelt-sort-hsr13bkv1-2\/","title":{"rendered":"T\u00f8jstativ p\u00e5 hjul, kraftigt t\u00f8jstativ, med udtr\u00e6kkelig b\u00f8jlestang, 90 kg belastningskapacitet, nem montering, transportabelt, sort HSR13BKV1"},"content":{"rendered":"<p>Forbedret belastningskapacitet: Takket v\u00e6re de 1 mm tykke st\u00e5lr\u00f8r, som er tykkere og mere robuste end de normale 0,8 mm tykke r\u00f8r, og de kraftige PP-hjul kan dette t\u00f8jstativ b\u00e6re op til 90 kg. S\u00e5 du er velkommen til at h\u00e6nge dine tunge frakker p\u00e5!<\/p>\n<p>Udtr\u00e6kkelig b\u00f8jlestang: Hver ende af den \u00f8verste b\u00f8jlestang kan tr\u00e6kkes yderligere 20 cm ud for at give dig mere plads til at h\u00e6nge ting op (den \u00f8verste b\u00f8jlestang kan tr\u00e6kkes ud fra 92 cm til 132 cm); de 2 forl\u00e6ngelsesender er ogs\u00e5 ideelle til at h\u00e6nge h\u00e5ndtasker, hatte, t\u00f8rkl\u00e6der eller andet tilbeh\u00f8r p\u00e5.Let at flytte og l\u00e5se: Dette t\u00f8jstativ leveres med 4 360\u00b0 drejelige hjul, hvoraf 2 er l\u00e5sbare, s\u00e5 du nemt kan flytte det fra dit sovev\u00e6relse til din garderobe og l\u00e5se det p\u00e5 plads, hvis det er n\u00f8dvendigt.Let at samle og opbevare: Der er ikke brug for v\u00e6rkt\u00f8j til at s\u00e6tte denne b\u00f8jlestang op, og den kan v\u00e6re klar i bare 3 trin! N\u00e5r den ikke er i brug, kan du skille den ad og hurtigt s\u00e6tte den v\u00e6k under sengen eller i et ubrugt hj\u00f8rne for at spare plads.<\/p>\n<p>Alsidig brug: Dette t\u00f8jstativ leveres med 2 bundst\u00e6nger til dine opbevaringsbokse, hvilket g\u00f8r det funktionelt, uanset om det er i dit sovev\u00e6relse eller garderobe til opbevaring af daglige genstande eller i dit vaskerum til t\u00f8rring af t\u00f8j. Det pulverlakerede st\u00e5l giver ogs\u00e5 mulighed for udend\u00f8rs brug.Har du meget t\u00f8j, men mangler opbevaringsplads i dit kl\u00e6deskab? S\u00e5 byd denne knager\u00e6kke velkommen! Det er en ny opbevaringsmulighed til dit hjem og en ideel tilf\u00f8jelse til din garderobe!  Perfekt til hjemmebrug Hvordan opbevarer man t\u00f8j uden folder? Dette t\u00f8jstativ er det perfekte svar p\u00e5 dette sp\u00f8rgsm\u00e5l! N\u00e5r det h\u00e6nger p\u00e5 t\u00f8jstangen, vil dine jakker altid se ud, som om du lige har str\u00f8get dem. Dette t\u00f8jstativ har ogs\u00e5 en hylde, hvor du kan placere et par opbevaringskasser. Ogs\u00e5 velegnet til kommerciel brug Placer dette t\u00f8jstativ i din t\u00f8jbutik eller dit fotostudie og h\u00e6ng forskellige bekl\u00e6dningsgenstande p\u00e5 det i stedet for at folde dem sammen og stable dem oven p\u00e5 hinanden. P\u00e5 den m\u00e5de kan dine kunder nemt se dine varer og f\u00e5 hurtig adgang til dem. Takket v\u00e6re de 4 hjul kan dette t\u00f8jstativ ogs\u00e5 nemt flyttes til et hvilket som helst sted. Du skal blot afmontere den \u00f8verste del af t\u00f8jstativet og folde den nederste del sammen for at g\u00f8re det lettere at transportere. Det betyder, at du kan tage det med p\u00e5 f.eks. et loppemarked. Vil du gerne undg\u00e5, at nogle sarte stykker t\u00f8j roder i dit kl\u00e6deskab? Vil du gerne udstille dine varer med stil i din butik? S\u00e5 k\u00f8b dette udtr\u00e6kkelige t\u00f8jstativ!<br \/>\nProduktdetaljer:- Farve: Sort- Materiale: R\u00f8rformet jern- St\u00f8rrelse: (92-132) x 45,4 x 160 cm (L x B x H)- V\u00e6gt: 5 kg- Maks. statisk belastningskapacitet for t\u00f8jstangen: 90 kgLeveringsomfang:- 1 x t\u00f8jstativ- 1 x brugsanvisning (DE, EN, ES, FR, IT)SONGMICS Bem\u00e6rkninger:- Den maksimale belastningskapacitet i teksten henviser til den maksimale statiske v\u00e6gt.<\/p>\n","protected":false},"excerpt":{"rendered":"<p>Forbedret belastningskapacitet: Takket v\u00e6re de 1 mm tykke st\u00e5lr\u00f8r, som er tykkere og mere robuste end de normale 0,8 mm tykke r\u00f8r, og de kraftige PP-hjul kan dette t\u00f8jstativ b\u00e6re op til 90 kg. S\u00e5 du er velkommen til at h\u00e6nge dine tunge frakker p\u00e5! Udtr\u00e6kkelig b\u00f8jlestang: Hver ende af den \u00f8verste b\u00f8jlestang kan tr\u00e6kkes [&hellip;]<\/p>\n","protected":false},"featured_media":0,"comment_status":"open","ping_status":"closed","template":"","meta":[],"product_brand":[],"product_cat":[31],"product_tag":[],"class_list":{"0":"post-21843","1":"product","2":"type-product","3":"status-publish","5":"product_cat-uncategorized-da","7":"first","8":"instock","9":"shipping-taxable","10":"product-type-simple"},"_links":{"self":[{"href":"https:\/\/nordicmart.andreevmaster.com\/da\/wp-json\/wp\/v2\/product\/21843","targetHints":{"allow":["GET"]}}],"collection":[{"href":"https:\/\/nordicmart.andreevmaster.com\/da\/wp-json\/wp\/v2\/product"}],"about":[{"href":"https:\/\/nordicmart.andreevmaster.com\/da\/wp-json\/wp\/v2\/types\/product"}],"replies":[{"embeddable":true,"href":"https:\/\/nordicmart.andreevmaster.com\/da\/wp-json\/wp\/v2\/comments?post=21843"}],"wp:attachment":[{"href":"https:\/\/nordicmart.andreevmaster.com\/da\/wp-json\/wp\/v2\/media?parent=21843"}],"wp:term":[{"taxonomy":"product_brand","embeddable":true,"href":"https:\/\/nordicmart.andreevmaster.com\/da\/wp-json\/wp\/v2\/product_brand?post=21843"},{"taxonomy":"product_cat","embeddable":true,"href":"https:\/\/nordicmart.andreevmaster.com\/da\/wp-json\/wp\/v2\/product_cat?post=21843"},{"taxonomy":"product_tag","embeddable":true,"href":"https:\/\/nordicmart.andreevmaster.com\/da\/wp-json\/wp\/v2\/product_tag?post=21843"}],"curies":[{"name":"wp","href":"https:\/\/api.w.org\/{rel}","templated":true}]}}