{"id":21806,"date":"2026-02-27T00:13:19","date_gmt":"2026-02-27T00:13:19","guid":{"rendered":"https:\/\/nordicmart.andreevmaster.com\/product\/tojstativ-entremobler-med-kroge-spejl-skoholder-og-hylder-36-x-98-x-185-cm-til-entre-sovevaerelse-og-stue-rustikt-brunt-og-sort\/"},"modified":"2026-02-27T08:57:12","modified_gmt":"2026-02-27T08:57:12","slug":"tojstativ-entremobler-med-kroge-spejl-skoholder-og-hylder-36-x-98-x-185-cm-til-entre-sovevaerelse-og-stue-rustikt-brunt-og-sort","status":"publish","type":"product","link":"https:\/\/nordicmart.andreevmaster.com\/da\/vare\/tojstativ-entremobler-med-kroge-spejl-skoholder-og-hylder-36-x-98-x-185-cm-til-entre-sovevaerelse-og-stue-rustikt-brunt-og-sort\/","title":{"rendered":"T\u00f8jstativ, entrem\u00f8bler med kroge, spejl, skoholder og hylder, 36 x 98 x 185 cm, til entre, sovev\u00e6relse og stue, rustikt brunt og sort"},"content":{"rendered":"<p>[4-i-1 garderobestativ] Dette entr\u00e9-m\u00f8bel kombinerer kroge, b\u00e6nk, skoholder og spejl. Et enkelt m\u00f8bel opfylder dine behov for at h\u00e6nge t\u00f8j, s\u00e6tte dig ned for at tage sko p\u00e5 og spejle dig, s\u00e5 du f\u00e5r det optimale ud af din entr\u00e9.[Plads til st\u00f8vler] Den store skoholder er ikke kun perfekt til st\u00f8vler, men ogs\u00e5 til opbevaring af kurve eller andre st\u00f8rre genstande.[9 aftagelige kroge] Denne t\u00f8jstativ har 9 let flytbare kroge, s\u00e5 de ting, der skal h\u00e6nges op, ikke er i vejen og er lette at f\u00e5 fat i.<\/p>\n<p>[Stabil og robust] Takket v\u00e6re st\u00e5lrammen og sp\u00e5npladerne er dette entr\u00e9-m\u00f8bel stabilt og kan b\u00e6re op til 100 kg p\u00e5 b\u00e6nken. 4 justerbare ben og et tilbeh\u00f8r til h\u00e6ldningsbeskyttelse \u00f8ger stabiliteten.[Indhold i kassen] Alsidig garderobestativ til entreen i en rustik blanding af brune og sorte farver, der giver entreen karakter; det er ogs\u00e5 let at samle takket v\u00e6re de klare instruktioner og nummererede dele. Tekniske oplysninger: Farve: 1: Farve: Rustik brun, sort<br \/>\nMateriale: Brun, brun, brun, brun, brun, brun, brun: Materiale: Sp\u00e5nplade, st\u00e5l<br \/>\nM\u00e5l: 36 x 98 x 185 cm (dybde x bredde x h\u00f8jde).Produktets v\u00e6gt: 16,7 kg<br \/>\nHver krogs maksimale statiske belastning: 3 kg.<br \/>\nHver nethyldes maksimale statiske b\u00e6reevne: 15 kg<br \/>\nB\u00e6nkens maksimale statiske b\u00e6reevne: 100 kg.<\/p>\n<p>Indhold i pakken<\/p>\n<p>1 x T\u00f8jstativ<br \/>\n1 x Tilbeh\u00f8rss\u00e6t<br \/>\n1 x Fastg\u00f8relsesanordning<br \/>\n1 x Brugsanvisning<\/p>\n","protected":false},"excerpt":{"rendered":"<p>[4-i-1 garderobestativ] Dette entr\u00e9-m\u00f8bel kombinerer kroge, b\u00e6nk, skoholder og spejl. Et enkelt m\u00f8bel opfylder dine behov for at h\u00e6nge t\u00f8j, s\u00e6tte dig ned for at tage sko p\u00e5 og spejle dig, s\u00e5 du f\u00e5r det optimale ud af din entr\u00e9.[Plads til st\u00f8vler] Den store skoholder er ikke kun perfekt til st\u00f8vler, men ogs\u00e5 til opbevaring [&hellip;]<\/p>\n","protected":false},"featured_media":0,"comment_status":"open","ping_status":"closed","template":"","meta":[],"product_brand":[],"product_cat":[31],"product_tag":[],"class_list":{"0":"post-21806","1":"product","2":"type-product","3":"status-publish","5":"product_cat-uncategorized-da","7":"first","8":"instock","9":"shipping-taxable","10":"product-type-simple"},"_links":{"self":[{"href":"https:\/\/nordicmart.andreevmaster.com\/da\/wp-json\/wp\/v2\/product\/21806","targetHints":{"allow":["GET"]}}],"collection":[{"href":"https:\/\/nordicmart.andreevmaster.com\/da\/wp-json\/wp\/v2\/product"}],"about":[{"href":"https:\/\/nordicmart.andreevmaster.com\/da\/wp-json\/wp\/v2\/types\/product"}],"replies":[{"embeddable":true,"href":"https:\/\/nordicmart.andreevmaster.com\/da\/wp-json\/wp\/v2\/comments?post=21806"}],"wp:attachment":[{"href":"https:\/\/nordicmart.andreevmaster.com\/da\/wp-json\/wp\/v2\/media?parent=21806"}],"wp:term":[{"taxonomy":"product_brand","embeddable":true,"href":"https:\/\/nordicmart.andreevmaster.com\/da\/wp-json\/wp\/v2\/product_brand?post=21806"},{"taxonomy":"product_cat","embeddable":true,"href":"https:\/\/nordicmart.andreevmaster.com\/da\/wp-json\/wp\/v2\/product_cat?post=21806"},{"taxonomy":"product_tag","embeddable":true,"href":"https:\/\/nordicmart.andreevmaster.com\/da\/wp-json\/wp\/v2\/product_tag?post=21806"}],"curies":[{"name":"wp","href":"https:\/\/api.w.org\/{rel}","templated":true}]}}