{"id":21803,"date":"2026-02-27T00:13:18","date_gmt":"2026-02-27T00:13:18","guid":{"rendered":"https:\/\/nordicmart.andreevmaster.com\/product\/tojstativ-stort-entrebord-med-baenk-og-skohylde-9-kroge-skohylde-ophaengningsskinne-415-x-100-x-182-cm-til-entre-stue-sovevaerelse-eg-og-hvid-farve\/"},"modified":"2026-02-27T08:57:12","modified_gmt":"2026-02-27T08:57:12","slug":"tojstativ-stort-entrebord-med-baenk-og-skohylde-9-kroge-skohylde-ophaengningsskinne-415-x-100-x-182-cm-til-entre-stue-sovevaerelse-eg-og-hvid-farve","status":"publish","type":"product","link":"https:\/\/nordicmart.andreevmaster.com\/da\/vare\/tojstativ-stort-entrebord-med-baenk-og-skohylde-9-kroge-skohylde-ophaengningsskinne-415-x-100-x-182-cm-til-entre-stue-sovevaerelse-eg-og-hvid-farve\/","title":{"rendered":"T\u00f8jstativ, stort entrebord med b\u00e6nk og skohylde, 9 kroge, skohylde, oph\u00e6ngningsskinne, 41,5 x 100 x 182 cm, til entre, stue, sovev\u00e6relse, eg og hvid farve."},"content":{"rendered":"<p>[Style Meets Organisation] Denne garderobestativ med opbevaringsplads til sko kombinerer rene linjer med et industrielt design og en moderne palet i eg og hvid, hvilket giver dit hjem en unik charme og holder rodet i entreen under kontrol.[4 i 1 til dine forskellige behov] N\u00e5r du kommer hjem efter en lang dag, kan du h\u00e6nge din frakke, hat eller t\u00f8rkl\u00e6de p\u00e5 en af de 4 dobbelte kroge eller 5 tredobbelte kroge, s\u00e6tte dig p\u00e5 den 100 cm lange b\u00e6nk for at tage dine sko af og l\u00e6gge dem p\u00e5 de 2 st\u00e5lnethylder.<\/p>\n<p>[Praktisk oph\u00e6ngningsskinne] Oph\u00e6ngningsskinnen ovenfor svarer til et lille kl\u00e6deskab. Du kan s\u00e6tte oph\u00e6ngningskroge op for at organisere din jakke, skjorte eller overt\u00f8j, s\u00e5 de ikke bliver kr\u00f8llede og er lette at finde.[Robust og stabil] Fremstillet af tunge st\u00e5lr\u00f8r og kvalitetsplader, kan denne garderobestativ b\u00e6re op til 100 kg p\u00e5 skohylden, 15 kg p\u00e5 b\u00f8jlestangen, 3 kg p\u00e5 hver krog og 20 kg p\u00e5 hver metalhylde.[Let at samle] Med de m\u00e6rkede dele og de klare instruktioner kan du nemt samle denne 41,5 x 100 x 182 cm store garderobestativ til at rydde op i entreen, stuen eller sovev\u00e6relset (fastg\u00f8r den til v\u00e6ggen med det medf\u00f8lgende h\u00e6ldningss\u00e6t).<\/p>\n<p>Tekniske oplysninger:<\/p>\n<p>Farve: 1: Tammi, hvid<br \/>\nMateriale: Tammi: Materiale: Sp\u00e5nplade, st\u00e5l<br \/>\nProduktst\u00f8rrelse: 41,5 x 100 x 182 cm (B x L x H).<br \/>\nProduktets v\u00e6gt: 16,5 kg<br \/>\nMaks. statisk belastning af oph\u00e6ngningsskinnen: 15 kg<br \/>\nMaks. statisk belastning af hver krog: 3 kg<br \/>\nMaks. statisk belastning af hver nethylde: 20 kg.<br \/>\nMaks. statisk belastning p\u00e5 b\u00e6nken: 100 kg.<br \/>\nIndhold i pakken:<\/p>\n<p>1 x t\u00f8jstativ<br \/>\n1 x anti-tip-s\u00e6t<br \/>\n1 x tilbeh\u00f8rss\u00e6t<br \/>\n1 x vejledning<\/p>\n","protected":false},"excerpt":{"rendered":"<p>[Style Meets Organisation] Denne garderobestativ med opbevaringsplads til sko kombinerer rene linjer med et industrielt design og en moderne palet i eg og hvid, hvilket giver dit hjem en unik charme og holder rodet i entreen under kontrol.[4 i 1 til dine forskellige behov] N\u00e5r du kommer hjem efter en lang dag, kan du h\u00e6nge [&hellip;]<\/p>\n","protected":false},"featured_media":0,"comment_status":"open","ping_status":"closed","template":"","meta":[],"product_brand":[],"product_cat":[31],"product_tag":[],"class_list":{"0":"post-21803","1":"product","2":"type-product","3":"status-publish","5":"product_cat-uncategorized-da","7":"first","8":"instock","9":"shipping-taxable","10":"product-type-simple"},"_links":{"self":[{"href":"https:\/\/nordicmart.andreevmaster.com\/da\/wp-json\/wp\/v2\/product\/21803","targetHints":{"allow":["GET"]}}],"collection":[{"href":"https:\/\/nordicmart.andreevmaster.com\/da\/wp-json\/wp\/v2\/product"}],"about":[{"href":"https:\/\/nordicmart.andreevmaster.com\/da\/wp-json\/wp\/v2\/types\/product"}],"replies":[{"embeddable":true,"href":"https:\/\/nordicmart.andreevmaster.com\/da\/wp-json\/wp\/v2\/comments?post=21803"}],"wp:attachment":[{"href":"https:\/\/nordicmart.andreevmaster.com\/da\/wp-json\/wp\/v2\/media?parent=21803"}],"wp:term":[{"taxonomy":"product_brand","embeddable":true,"href":"https:\/\/nordicmart.andreevmaster.com\/da\/wp-json\/wp\/v2\/product_brand?post=21803"},{"taxonomy":"product_cat","embeddable":true,"href":"https:\/\/nordicmart.andreevmaster.com\/da\/wp-json\/wp\/v2\/product_cat?post=21803"},{"taxonomy":"product_tag","embeddable":true,"href":"https:\/\/nordicmart.andreevmaster.com\/da\/wp-json\/wp\/v2\/product_tag?post=21803"}],"curies":[{"name":"wp","href":"https:\/\/api.w.org\/{rel}","templated":true}]}}