{"id":21801,"date":"2026-02-27T00:13:18","date_gmt":"2026-02-27T00:13:18","guid":{"rendered":"https:\/\/nordicmart.andreevmaster.com\/product\/vasagle-vaateteline-9-koukkua-metalli-puu-musta-ruskea-2\/"},"modified":"2026-02-27T08:57:11","modified_gmt":"2026-02-27T08:57:11","slug":"vasagle-vaateteline-9-koukkua-metalli-puu-musta-ruskea-2","status":"publish","type":"product","link":"https:\/\/nordicmart.andreevmaster.com\/da\/vare\/vasagle-vaateteline-9-koukkua-metalli-puu-musta-ruskea-2\/","title":{"rendered":"Vasagle vaateteline , 9 koukkua, metalli \/ puu, musta \/ ruskea"},"content":{"rendered":"<p>[3-i-1-frakkestativ] Frakkekroge, skoholder og skostativ \u2013 dette multifunktionelle opbevaringsm\u00f8bel til entreen passer til alle dine behov for at h\u00e6nge t\u00f8j op, organisere sko og tage sko p\u00e5 eller af.[9 stabile kroge] 9 rustfri metalb\u00f8jler i to r\u00e6kker, der hver kan b\u00e6re op til 3 kg, er stabile og holdbare og giver masser af plads til at h\u00e6nge dine jakker, tasker, hatte, t\u00f8rkl\u00e6der og andre medbragte genstande \u2013 perfekt til langvarig brug.<\/p>\n<p>[Stabil og robust] Med sin robuste st\u00e5lramme og 4 justerbare ben giver denne garderobestativ i entreen dine ting stabil st\u00f8tte; det medf\u00f8lgende vippesikringss\u00e6t forbedrer den generelle stabilitet.[Sko-b\u00e6nk med hylder] Du kan sidde behageligt p\u00e5 b\u00e6nken p\u00e5 dette t\u00f8jstativ takket v\u00e6re en v\u00e6gtkapacitet p\u00e5 90 kg. Du kan ogs\u00e5 bruge den som opbevaringshylde til at organisere skokasser og opbevaringsbeholdere eller til at udstille planter og dekorationer.[Let at samle] Takket v\u00e6re den enkle konstruktion, de nummererede dele og de klare instruktioner kan du samle dette t\u00f8jstativ med skoplader uden problemer. [Bem\u00e6rk] Af sikkerhedsm\u00e6ssige \u00e5rsager skal du sikre dig, at du fastg\u00f8r produktet til v\u00e6ggen med det medf\u00f8lgende vippesikringss\u00e6t. <\/p>\n<p>Egenskaber: Farve: Materiale: metal, tr\u00e6 Egenskaber: med hylde, skoholder, b\u00e6nk.<\/p>\n","protected":false},"excerpt":{"rendered":"<p>[3-i-1-frakkestativ] Frakkekroge, skoholder og skostativ \u2013 dette multifunktionelle opbevaringsm\u00f8bel til entreen passer til alle dine behov for at h\u00e6nge t\u00f8j op, organisere sko og tage sko p\u00e5 eller af.[9 stabile kroge] 9 rustfri metalb\u00f8jler i to r\u00e6kker, der hver kan b\u00e6re op til 3 kg, er stabile og holdbare og giver masser af plads til [&hellip;]<\/p>\n","protected":false},"featured_media":0,"comment_status":"open","ping_status":"closed","template":"","meta":[],"product_brand":[],"product_cat":[31],"product_tag":[],"class_list":{"0":"post-21801","1":"product","2":"type-product","3":"status-publish","5":"product_cat-uncategorized-da","7":"first","8":"instock","9":"shipping-taxable","10":"product-type-simple"},"_links":{"self":[{"href":"https:\/\/nordicmart.andreevmaster.com\/da\/wp-json\/wp\/v2\/product\/21801","targetHints":{"allow":["GET"]}}],"collection":[{"href":"https:\/\/nordicmart.andreevmaster.com\/da\/wp-json\/wp\/v2\/product"}],"about":[{"href":"https:\/\/nordicmart.andreevmaster.com\/da\/wp-json\/wp\/v2\/types\/product"}],"replies":[{"embeddable":true,"href":"https:\/\/nordicmart.andreevmaster.com\/da\/wp-json\/wp\/v2\/comments?post=21801"}],"wp:attachment":[{"href":"https:\/\/nordicmart.andreevmaster.com\/da\/wp-json\/wp\/v2\/media?parent=21801"}],"wp:term":[{"taxonomy":"product_brand","embeddable":true,"href":"https:\/\/nordicmart.andreevmaster.com\/da\/wp-json\/wp\/v2\/product_brand?post=21801"},{"taxonomy":"product_cat","embeddable":true,"href":"https:\/\/nordicmart.andreevmaster.com\/da\/wp-json\/wp\/v2\/product_cat?post=21801"},{"taxonomy":"product_tag","embeddable":true,"href":"https:\/\/nordicmart.andreevmaster.com\/da\/wp-json\/wp\/v2\/product_tag?post=21801"}],"curies":[{"name":"wp","href":"https:\/\/api.w.org\/{rel}","templated":true}]}}