{"id":21800,"date":"2026-02-27T00:13:17","date_gmt":"2026-02-27T00:13:17","guid":{"rendered":"https:\/\/nordicmart.andreevmaster.com\/product\/skoholder-skoholder-med-siddeplads-til-entreen-med-kroge-3-hylder-metal-hojde-177-cm-industrielt-design-noddebrun-sort\/"},"modified":"2026-02-27T08:57:11","modified_gmt":"2026-02-27T08:57:11","slug":"skoholder-skoholder-med-siddeplads-til-entreen-med-kroge-3-hylder-metal-hojde-177-cm-industrielt-design-noddebrun-sort","status":"publish","type":"product","link":"https:\/\/nordicmart.andreevmaster.com\/da\/vare\/skoholder-skoholder-med-siddeplads-til-entreen-med-kroge-3-hylder-metal-hojde-177-cm-industrielt-design-noddebrun-sort\/","title":{"rendered":"Skoholder, skoholder med siddeplads til entreen, med kroge, 3 hylder, metal, h\u00f8jde 177 cm, industrielt design, n\u00f8ddebrun\/sort"},"content":{"rendered":"<p>[TERVETULOA KOTIIN] Denne elegante garderobestativ hj\u00e6lper dig med at holde din entr\u00e9 p\u00e6n og ryddelig, samtidig med at den giver entreen en unik atmosf\u00e6re, s\u00e5 dine g\u00e6ster f\u00f8ler sig velkomne og hjemme.Alt, hvad du beh\u00f8ver: Arbejd hele dagen, kom hjem, h\u00e6ng din frakke, hat og t\u00f8rkl\u00e6de p\u00e5 de 9 kroge, s\u00e6t dig derefter behageligt p\u00e5 b\u00e6nken, tag dine sko af og l\u00e6g dem p\u00e5 de 2 nethylder.[Stabil og sikker] Med 4 justerbare ben kan garderobeskabet st\u00e5 perfekt p\u00e5 et t\u00e6ppe eller et uj\u00e6vnt gulv; med h\u00e6ldningsbeskyttelse<\/p>\n<p>[Solid konstruktion] Robuste metalr\u00f8r med mat overflade og vintage-sp\u00e5nplade g\u00f8r skob\u00e6nken st\u00e6rk og stabil for voksne; b\u00e6nken kan b\u00e6re op til 100 kg og kan bruges i mange \u00e5r.[Hvad f\u00e5r du] Multifunktionelt t\u00f8jstativ, der kombinerer frakkekroge, skostativ og b\u00e6nk samt illustrerede instruktioner og monteringsv\u00e6rkt\u00f8j. Psst, dette m\u00f8bel er en del af vores stilfulde DAINTREE-kollektion!<\/p>\n<p>Produktoplysninger: Farve: N\u00f8ddebrun-sort Materiale: N\u00f8ddetr\u00e6, brun, sort: Materiale: Tr\u00e6sp\u00e5nplade, st\u00e5l St\u00f8rrelse: 70 x 32 x 175 cm (L x B x H). S\u00e6dets st\u00f8rrelse: 70 x 30 cm (L x B). V\u00e6gt: 7,8 kg. Maks. statisk belastning pr. krog: 3 kg. Maks. statisk belastning pr. s\u00e6de: 80 kg Pakkens indhold: 1 x jakkereol, 1 x tilbeh\u00f8rspakke, 1 x vippesikring, 1 x brugsanvisning (engelsk sprog ikke garanteret).<\/p>\n","protected":false},"excerpt":{"rendered":"<p>[TERVETULOA KOTIIN] Denne elegante garderobestativ hj\u00e6lper dig med at holde din entr\u00e9 p\u00e6n og ryddelig, samtidig med at den giver entreen en unik atmosf\u00e6re, s\u00e5 dine g\u00e6ster f\u00f8ler sig velkomne og hjemme.Alt, hvad du beh\u00f8ver: Arbejd hele dagen, kom hjem, h\u00e6ng din frakke, hat og t\u00f8rkl\u00e6de p\u00e5 de 9 kroge, s\u00e6t dig derefter behageligt p\u00e5 [&hellip;]<\/p>\n","protected":false},"featured_media":0,"comment_status":"open","ping_status":"closed","template":"","meta":[],"product_brand":[],"product_cat":[31],"product_tag":[],"class_list":{"0":"post-21800","1":"product","2":"type-product","3":"status-publish","5":"product_cat-uncategorized-da","7":"first","8":"instock","9":"shipping-taxable","10":"product-type-simple"},"_links":{"self":[{"href":"https:\/\/nordicmart.andreevmaster.com\/da\/wp-json\/wp\/v2\/product\/21800","targetHints":{"allow":["GET"]}}],"collection":[{"href":"https:\/\/nordicmart.andreevmaster.com\/da\/wp-json\/wp\/v2\/product"}],"about":[{"href":"https:\/\/nordicmart.andreevmaster.com\/da\/wp-json\/wp\/v2\/types\/product"}],"replies":[{"embeddable":true,"href":"https:\/\/nordicmart.andreevmaster.com\/da\/wp-json\/wp\/v2\/comments?post=21800"}],"wp:attachment":[{"href":"https:\/\/nordicmart.andreevmaster.com\/da\/wp-json\/wp\/v2\/media?parent=21800"}],"wp:term":[{"taxonomy":"product_brand","embeddable":true,"href":"https:\/\/nordicmart.andreevmaster.com\/da\/wp-json\/wp\/v2\/product_brand?post=21800"},{"taxonomy":"product_cat","embeddable":true,"href":"https:\/\/nordicmart.andreevmaster.com\/da\/wp-json\/wp\/v2\/product_cat?post=21800"},{"taxonomy":"product_tag","embeddable":true,"href":"https:\/\/nordicmart.andreevmaster.com\/da\/wp-json\/wp\/v2\/product_tag?post=21800"}],"curies":[{"name":"wp","href":"https:\/\/api.w.org\/{rel}","templated":true}]}}