{"id":21773,"date":"2026-02-27T00:13:11","date_gmt":"2026-02-27T00:13:11","guid":{"rendered":"https:\/\/nordicmart.andreevmaster.com\/product\/oh-hippo-sengetoj-med-fyld-storrelse-l\/"},"modified":"2026-02-27T08:57:06","modified_gmt":"2026-02-27T08:57:06","slug":"oh-hippo-sengetoj-med-fyld-storrelse-l","status":"publish","type":"product","link":"https:\/\/nordicmart.andreevmaster.com\/da\/vare\/oh-hippo-sengetoj-med-fyld-storrelse-l\/","title":{"rendered":"Oh Hippo senget\u00f8j med fyld st\u00f8rrelse L"},"content":{"rendered":"<p>Senget\u00f8jss\u00e6t best\u00e5ende af dyne og pude med fyld. Fremstillet af h\u00f8jkvalitets bomuld med OEKO-TEX Standard 100-certifikat. Senget\u00f8jets fyld er lavet af en elastisk og fluffy allergivenlig silikonefiber med avancerede varmeregulerende egenskaber, der giver h\u00f8j s\u00f8vnkomfort.  Senget\u00f8jet, inklusive fyldet, kan vaskes i maskine, hvilket g\u00f8r det til en god id\u00e9 for allergikere. <\/p>\n<p>Senget\u00f8jet er designet og fremstillet i Polen med opm\u00e6rksomhed p\u00e5 alle detaljer. Produktet er pakket i en gennemsigtig, biologisk nedbrydelig pose. En fremragende gaveid\u00e9 til babyfest, f\u00f8dselsdag eller en s\u00e6rlig lejlighed. <\/p>\n<p>Detaljer: <\/p>\n<p>&#8211; dynebetr\u00e6k og pudebetr\u00e6k fremstillet af h\u00f8jkvalitets bomuld med  OEKO-TEX-certifikat <\/p>\n<p>&#8211; senget\u00f8j fyldt med certificeret allergivenlig silikonefiber <\/p>\n<p>&#8211; pude med sjove flodheste\u00f8rer<br \/>\n &#8211; det trykte design falmer ikke, selv efter gentagen vask <\/p>\n<p>&#8211; passer perfekt til senge i st\u00f8rrelsen 90&#215;200 og st\u00f8rre <\/p>\n<p> Anbefales til b\u00f8rn fra 5 \u00e5r og opefter. Brug under for\u00e6ldrenes opsyn.<\/p>\n<p>Materiale: <\/p>\n<p>&#8211; 100 % bomuld med en tr\u00e5dv\u00e6gt p\u00e5 150 g\/m2 med Oeko-TEX Standard 100-certifikat  <\/p>\n<p>&#8211; allergivenlig silikonefiber med en tr\u00e5dv\u00e6gt p\u00e5 200 g\/m2 <\/p>\n<p> M\u00e5l: <\/p>\n<p>&#8211; pude: 40&#215;60 cm &#8211; dyne: 140&#215;200 cm Vaskeanvisning: &#8211; maskinvask ved 40\u00b0 &#8211; strygning ved temperaturer p\u00e5 h\u00f8jst 110\u00b0 &#8211; m\u00e5 ikke bleges &#8211; m\u00e5 ikke t\u00f8rretumbles<\/p>\n","protected":false},"excerpt":{"rendered":"<p>Senget\u00f8jss\u00e6t best\u00e5ende af dyne og pude med fyld. Fremstillet af h\u00f8jkvalitets bomuld med OEKO-TEX Standard 100-certifikat. Senget\u00f8jets fyld er lavet af en elastisk og fluffy allergivenlig silikonefiber med avancerede varmeregulerende egenskaber, der giver h\u00f8j s\u00f8vnkomfort. Senget\u00f8jet, inklusive fyldet, kan vaskes i maskine, hvilket g\u00f8r det til en god id\u00e9 for allergikere. Senget\u00f8jet er designet og [&hellip;]<\/p>\n","protected":false},"featured_media":0,"comment_status":"open","ping_status":"closed","template":"","meta":[],"product_brand":[],"product_cat":[31],"product_tag":[],"class_list":{"0":"post-21773","1":"product","2":"type-product","3":"status-publish","5":"product_cat-uncategorized-da","7":"first","8":"instock","9":"shipping-taxable","10":"purchasable","11":"product-type-simple"},"_links":{"self":[{"href":"https:\/\/nordicmart.andreevmaster.com\/da\/wp-json\/wp\/v2\/product\/21773","targetHints":{"allow":["GET"]}}],"collection":[{"href":"https:\/\/nordicmart.andreevmaster.com\/da\/wp-json\/wp\/v2\/product"}],"about":[{"href":"https:\/\/nordicmart.andreevmaster.com\/da\/wp-json\/wp\/v2\/types\/product"}],"replies":[{"embeddable":true,"href":"https:\/\/nordicmart.andreevmaster.com\/da\/wp-json\/wp\/v2\/comments?post=21773"}],"wp:attachment":[{"href":"https:\/\/nordicmart.andreevmaster.com\/da\/wp-json\/wp\/v2\/media?parent=21773"}],"wp:term":[{"taxonomy":"product_brand","embeddable":true,"href":"https:\/\/nordicmart.andreevmaster.com\/da\/wp-json\/wp\/v2\/product_brand?post=21773"},{"taxonomy":"product_cat","embeddable":true,"href":"https:\/\/nordicmart.andreevmaster.com\/da\/wp-json\/wp\/v2\/product_cat?post=21773"},{"taxonomy":"product_tag","embeddable":true,"href":"https:\/\/nordicmart.andreevmaster.com\/da\/wp-json\/wp\/v2\/product_tag?post=21773"}],"curies":[{"name":"wp","href":"https:\/\/api.w.org\/{rel}","templated":true}]}}