{"id":21764,"date":"2026-02-27T00:13:09","date_gmt":"2026-02-27T00:13:09","guid":{"rendered":"https:\/\/nordicmart.andreevmaster.com\/product\/drivhus-med-gron-film-2\/"},"modified":"2026-02-27T08:57:05","modified_gmt":"2026-02-27T08:57:05","slug":"drivhus-med-gron-film-2","status":"publish","type":"product","link":"https:\/\/nordicmart.andreevmaster.com\/da\/vare\/drivhus-med-gron-film-2\/","title":{"rendered":"Drivhus med gr\u00f8n film"},"content":{"rendered":"<p>Skab din egen have &#8211; s\u00e5dan g\u00f8r duHvis vejret ikke er s\u00e6rlig godt ved dine planter, insekter og fugle er p\u00e5 jagt efter gr\u00f8nne l\u00e6kkerier, eller du ikke helt har f\u00e5et styr p\u00e5 havearbejdet endnu, s\u00e5 tag dette haveskur fra SONGMICS ind i dit hjem! Det beskytter sarte planter, blomster eller gr\u00f8ntsager mod vind, regn, frost, insekter og endda katte og hunde.Solskin, fugt, varmeEt robust drivhus er en fremragende gartner, der passer godt p\u00e5 dine planter. Den gennemsigtige film lukker ikke kun nok sollys ind, men holder ogs\u00e5 p\u00e5 fugt og varme. Hvis det alligevel skulle blive for varmt i dette haveskur, kan du blot \u00e5bne lynl\u00e5sen p\u00e5 den store d\u00f8r og rulle den eller vinduerne op. Det sikrer en ideel luftcirkulation.Produktdetaljer:Farve: Gr\u00f8nMateriale: Pulverlakerede st\u00e5lr\u00f8r, 140g\/m\u00b2 PESst\u00f8rrelse: 200 x 77 x 149\/169 cm (L x B x H)V\u00e6gt: 10,5 kgLeveringsomfang:1 x drivhus4 x pl\u00f8k4 x U-formet jordkrog1 x vejledning (DE, EN, FR, ES, IT)SONGMICS Bem\u00e6rkninger:Brug ikke en h\u00f8jtryksrenser til at reng\u00f8re drivhuset. Brug en fugtig klud eller b\u00f8rste til dette form\u00e5l.<\/p>\n","protected":false},"excerpt":{"rendered":"<p>Skab din egen have &#8211; s\u00e5dan g\u00f8r duHvis vejret ikke er s\u00e6rlig godt ved dine planter, insekter og fugle er p\u00e5 jagt efter gr\u00f8nne l\u00e6kkerier, eller du ikke helt har f\u00e5et styr p\u00e5 havearbejdet endnu, s\u00e5 tag dette haveskur fra SONGMICS ind i dit hjem! Det beskytter sarte planter, blomster eller gr\u00f8ntsager mod vind, regn, [&hellip;]<\/p>\n","protected":false},"featured_media":0,"comment_status":"open","ping_status":"closed","template":"","meta":[],"product_brand":[],"product_cat":[31],"product_tag":[],"class_list":{"0":"post-21764","1":"product","2":"type-product","3":"status-publish","5":"product_cat-uncategorized-da","7":"first","8":"instock","9":"shipping-taxable","10":"product-type-simple"},"_links":{"self":[{"href":"https:\/\/nordicmart.andreevmaster.com\/da\/wp-json\/wp\/v2\/product\/21764","targetHints":{"allow":["GET"]}}],"collection":[{"href":"https:\/\/nordicmart.andreevmaster.com\/da\/wp-json\/wp\/v2\/product"}],"about":[{"href":"https:\/\/nordicmart.andreevmaster.com\/da\/wp-json\/wp\/v2\/types\/product"}],"replies":[{"embeddable":true,"href":"https:\/\/nordicmart.andreevmaster.com\/da\/wp-json\/wp\/v2\/comments?post=21764"}],"wp:attachment":[{"href":"https:\/\/nordicmart.andreevmaster.com\/da\/wp-json\/wp\/v2\/media?parent=21764"}],"wp:term":[{"taxonomy":"product_brand","embeddable":true,"href":"https:\/\/nordicmart.andreevmaster.com\/da\/wp-json\/wp\/v2\/product_brand?post=21764"},{"taxonomy":"product_cat","embeddable":true,"href":"https:\/\/nordicmart.andreevmaster.com\/da\/wp-json\/wp\/v2\/product_cat?post=21764"},{"taxonomy":"product_tag","embeddable":true,"href":"https:\/\/nordicmart.andreevmaster.com\/da\/wp-json\/wp\/v2\/product_tag?post=21764"}],"curies":[{"name":"wp","href":"https:\/\/api.w.org\/{rel}","templated":true}]}}