{"id":21755,"date":"2026-02-27T00:13:07","date_gmt":"2026-02-27T00:13:07","guid":{"rendered":"https:\/\/nordicmart.andreevmaster.com\/product\/foliedrivhus-69-x-49-x-158-cm-2\/"},"modified":"2026-02-27T08:57:03","modified_gmt":"2026-02-27T08:57:03","slug":"foliedrivhus-69-x-49-x-158-cm-2","status":"publish","type":"product","link":"https:\/\/nordicmart.andreevmaster.com\/da\/vare\/foliedrivhus-69-x-49-x-158-cm-2\/","title":{"rendered":"Foliedrivhus 69 x 49 x 158 cm"},"content":{"rendered":"<p>Det robuste foliedrivhus g\u00f8r en god figur i din have og p\u00e5 din altan og giver perfekt beskyttelse til dine planter p\u00e5 alle tider af \u00e5ret! De er optimalt beskyttet mod vind, regn, sollys og fugleskader, og den s\u00e6rlige netfilm fremmer ogs\u00e5 dine planters v\u00e6kst optimalt. Rammen og presenningen giver et meget stabilt indtryk.Produktdetaljer:- Ramme: pulverlakerede st\u00e5lr\u00f8r (\u00f8 16 mm; tykkelse 0,32 mm)- Overd\u00e6kning: PVC- Netunderlag: jerntr\u00e5d- M\u00e5l: 69 x 158 x 49 cm (B x H x D)- D\u00f8rm\u00e5l: 49 x 136 cm- Bundareal: 69 x 49 cm (ca. 0,34 m\u00b2)- Nettov\u00e6gt: ca. 4,4 kg- Farve: transparent- Belastningskapacitet for hvert netpanel: 15 kgLeveringsomfang:- 1 x drivhus (folie, metalr\u00f8r\uff0c4 x netunderlag og andet tilbeh\u00f8r)- 1 x manual<\/p>\n","protected":false},"excerpt":{"rendered":"<p>Det robuste foliedrivhus g\u00f8r en god figur i din have og p\u00e5 din altan og giver perfekt beskyttelse til dine planter p\u00e5 alle tider af \u00e5ret! De er optimalt beskyttet mod vind, regn, sollys og fugleskader, og den s\u00e6rlige netfilm fremmer ogs\u00e5 dine planters v\u00e6kst optimalt. Rammen og presenningen giver et meget stabilt indtryk.Produktdetaljer:- Ramme: [&hellip;]<\/p>\n","protected":false},"featured_media":0,"comment_status":"open","ping_status":"closed","template":"","meta":[],"product_brand":[],"product_cat":[31],"product_tag":[],"class_list":{"0":"post-21755","1":"product","2":"type-product","3":"status-publish","5":"product_cat-uncategorized-da","7":"first","8":"instock","9":"shipping-taxable","10":"product-type-simple"},"_links":{"self":[{"href":"https:\/\/nordicmart.andreevmaster.com\/da\/wp-json\/wp\/v2\/product\/21755","targetHints":{"allow":["GET"]}}],"collection":[{"href":"https:\/\/nordicmart.andreevmaster.com\/da\/wp-json\/wp\/v2\/product"}],"about":[{"href":"https:\/\/nordicmart.andreevmaster.com\/da\/wp-json\/wp\/v2\/types\/product"}],"replies":[{"embeddable":true,"href":"https:\/\/nordicmart.andreevmaster.com\/da\/wp-json\/wp\/v2\/comments?post=21755"}],"wp:attachment":[{"href":"https:\/\/nordicmart.andreevmaster.com\/da\/wp-json\/wp\/v2\/media?parent=21755"}],"wp:term":[{"taxonomy":"product_brand","embeddable":true,"href":"https:\/\/nordicmart.andreevmaster.com\/da\/wp-json\/wp\/v2\/product_brand?post=21755"},{"taxonomy":"product_cat","embeddable":true,"href":"https:\/\/nordicmart.andreevmaster.com\/da\/wp-json\/wp\/v2\/product_cat?post=21755"},{"taxonomy":"product_tag","embeddable":true,"href":"https:\/\/nordicmart.andreevmaster.com\/da\/wp-json\/wp\/v2\/product_tag?post=21755"}],"curies":[{"name":"wp","href":"https:\/\/api.w.org\/{rel}","templated":true}]}}