{"id":21746,"date":"2026-02-27T00:13:05","date_gmt":"2026-02-27T00:13:05","guid":{"rendered":"https:\/\/nordicmart.andreevmaster.com\/product\/sort-ukrudtsfleece-uv-bestandig-2\/"},"modified":"2026-02-27T08:57:02","modified_gmt":"2026-02-27T08:57:02","slug":"sort-ukrudtsfleece-uv-bestandig-2","status":"publish","type":"product","link":"https:\/\/nordicmart.andreevmaster.com\/da\/vare\/sort-ukrudtsfleece-uv-bestandig-2\/","title":{"rendered":"Sort ukrudtsfleece UV-bestandig"},"content":{"rendered":"<p>TEATERET ER SLUT: Ukrudtsbek\u00e6mpelse uden kemikalier betyder ikke, at du skal g\u00e5 tilbage til stenalderen. Du beh\u00f8ver i hvert fald ikke at b\u00f8je dig over dine bede og plukke ukrudt i lang tid. Denne ukrudtsfleece er din avancerede allierede i kampen mod de sm\u00e5, irriterende planter. L\u00e6g denne 100 g\/m\u00b2 PP-film med UV-stabilisator over din jord, f\u00f8r du planter blomster eller gr\u00f8ntsager. Fleecen afviser solens str\u00e5ler, som ukrudtet har brug for til at skyde op af jorden. Nu beh\u00f8ver du ikke l\u00e6ngere at bekymre dig om det u\u00f8nskede, irriterende ukrudt! JORDEN FORBLIVER DEJLIGT FUGTIG: Havefleece holder ikke bare ukrudtet p\u00e5 afstand. Folien er ogs\u00e5 \u00e5ndbar og vandgennemtr\u00e6ngelig, s\u00e5 regn kan str\u00f8mme igennem uden problemer. Fleecen regulerer ogs\u00e5 fugtigheden i jorden, s\u00e5 dine planter vokser sig sunde og st\u00e6rke.Produktdetaljer:Farve: Sort Materiale: 100 g\/m\u00b2 PP (polypropylen), UV-stabilisator St\u00f8rrelse: 1 m x 50 m (B x L) V\u00e6gt: 6 kg Leveringsomfang: 1 x havefleece 10 x jordankre<\/p>\n","protected":false},"excerpt":{"rendered":"<p>TEATERET ER SLUT: Ukrudtsbek\u00e6mpelse uden kemikalier betyder ikke, at du skal g\u00e5 tilbage til stenalderen. Du beh\u00f8ver i hvert fald ikke at b\u00f8je dig over dine bede og plukke ukrudt i lang tid. Denne ukrudtsfleece er din avancerede allierede i kampen mod de sm\u00e5, irriterende planter. L\u00e6g denne 100 g\/m\u00b2 PP-film med UV-stabilisator over din [&hellip;]<\/p>\n","protected":false},"featured_media":0,"comment_status":"open","ping_status":"closed","template":"","meta":[],"product_brand":[],"product_cat":[31],"product_tag":[],"class_list":{"0":"post-21746","1":"product","2":"type-product","3":"status-publish","5":"product_cat-uncategorized-da","7":"first","8":"instock","9":"shipping-taxable","10":"product-type-simple"},"_links":{"self":[{"href":"https:\/\/nordicmart.andreevmaster.com\/da\/wp-json\/wp\/v2\/product\/21746","targetHints":{"allow":["GET"]}}],"collection":[{"href":"https:\/\/nordicmart.andreevmaster.com\/da\/wp-json\/wp\/v2\/product"}],"about":[{"href":"https:\/\/nordicmart.andreevmaster.com\/da\/wp-json\/wp\/v2\/types\/product"}],"replies":[{"embeddable":true,"href":"https:\/\/nordicmart.andreevmaster.com\/da\/wp-json\/wp\/v2\/comments?post=21746"}],"wp:attachment":[{"href":"https:\/\/nordicmart.andreevmaster.com\/da\/wp-json\/wp\/v2\/media?parent=21746"}],"wp:term":[{"taxonomy":"product_brand","embeddable":true,"href":"https:\/\/nordicmart.andreevmaster.com\/da\/wp-json\/wp\/v2\/product_brand?post=21746"},{"taxonomy":"product_cat","embeddable":true,"href":"https:\/\/nordicmart.andreevmaster.com\/da\/wp-json\/wp\/v2\/product_cat?post=21746"},{"taxonomy":"product_tag","embeddable":true,"href":"https:\/\/nordicmart.andreevmaster.com\/da\/wp-json\/wp\/v2\/product_tag?post=21746"}],"curies":[{"name":"wp","href":"https:\/\/api.w.org\/{rel}","templated":true}]}}