{"id":21721,"date":"2026-02-27T00:13:00","date_gmt":"2026-02-27T00:13:00","guid":{"rendered":"https:\/\/nordicmart.andreevmaster.com\/product\/3-x-5-m-hdpe-solsejl-markise-solbeskyttelse-uv-beskyttelse-andbar-have-balkon-terrasse-andbar-vandgennemtraengelig-sand-gul-2\/"},"modified":"2026-02-27T08:56:58","modified_gmt":"2026-02-27T08:56:58","slug":"3-x-5-m-hdpe-solsejl-markise-solbeskyttelse-uv-beskyttelse-andbar-have-balkon-terrasse-andbar-vandgennemtraengelig-sand-gul-2","status":"publish","type":"product","link":"https:\/\/nordicmart.andreevmaster.com\/da\/vare\/3-x-5-m-hdpe-solsejl-markise-solbeskyttelse-uv-beskyttelse-andbar-have-balkon-terrasse-andbar-vandgennemtraengelig-sand-gul-2\/","title":{"rendered":"3 x 5 m HDPE-solsejl Markise Solbeskyttelse UV-beskyttelse \u00c5ndbar Have Balkon Terrasse \u00c5ndbar Vandgennemtr\u00e6ngelig Sand Gul"},"content":{"rendered":"<p>Solbeskyttelse med sejl: Vores markise giver 85 % beskyttelse mod solen og giver skygge. UV-beskyttelse p\u00e5 altanen, terrassen og i haven, som carport, ved poolen og som solbeskyttelse for legende b\u00f8rn.Luftgennemtr\u00e6ngelig, vandgennemtr\u00e6ngelig: P\u00e5 grund af materialet kan vand og luft tr\u00e6nge gennem stoffet. Det betyder, at der ikke opbygges varme under dugen, og at der ikke dannes vandposer i regnvejr.<\/p>\n<p>Mere sikkerhed takket v\u00e6re forarbejdning af h\u00f8j kvalitet: Et h\u00f8jtydende b\u00e5nd er syet i alle s\u00f8mme, hvilket g\u00f8r solh\u00e5ndkl\u00e6det endnu mere stabilt. Hj\u00f8rnerne er fortykkede og syet flere gange og forskudt med D-ringe af 304 rustfrit st\u00e5l.<\/p>\n<p>Rivefast og hurtigt\u00f8rrende: Stoffet af HDPE (high density polyethylene) med en materialev\u00e6gt p\u00e5 180 g\/m\u00b2 er rivefast og vejrbestandigt. Det t\u00f8rrer ogs\u00e5 hurtigt og er modstandsdygtigt over for mug og r\u00e5d.<\/p>\n<p>Stabilt, ingen stofb\u00f8jler: Det konkave (buede) snit giver mere stabilitet til solsejlet og giver sejlet permanent sp\u00e6nding, s\u00e5 det ikke h\u00e6nger indad.S\u00e5dan s\u00e6tter du solsejlet fast:&nbsp;Spred solsejlet ud p\u00e5 det sted, hvor du har brug for solbeskyttelse. Find derefter 4 faste punkter, som du vil fastg\u00f8re rebene til. De er 2 meter lange, s\u00e5 find tr\u00e6er, p\u00e6le eller andre stabile genstande inden for denne radius, og fastg\u00f8r derefter rebene til fastg\u00f8relsespunkterne og til solsejlets robuste l\u00f8kker og ringe i rustfrit st\u00e5l, s\u00e5 presenningen kan sp\u00e6ndes stramt og i en vinkel p\u00e5 25 grader. Det betyder, at regnvandet l\u00f8ber perfekt v\u00e6k. Hvilke steder er denne solafsk\u00e6rmning egnet til?:&nbsp;Der er 4 fastg\u00f8relsespunkter og plads nok til det 3 x 5 m store sejl? S\u00e5 er dette det perfekte sted til din nye solafsk\u00e6rmning, uanset om det er p\u00e5 campingpladsen foran din campingvogn, i din have eller over din swimmingpool.Produktdetaljer:Farve: SandgulMateriale:Solsejl: Polyethylen med h\u00f8j densitet (180 g\/m\u00b2 HDPE)Taske: PVC St\u00f8rrelse: 3 x 5 m (L x B) V\u00e6gt: 3,2 kg Leveringsomfang: 1 x solsejl 4 x fastg\u00f8relsesreb SONGICs vejledning: Vip venligst stoffet 25 grader, s\u00e5 regnvandet kan l\u00f8be j\u00e6vnt af.Opbevar venligst markisen p\u00e5 et beskyttet sted under storme eller om vinteren, og reng\u00f8r markisen med et mildt reng\u00f8ringsmiddel eller vand. Brug aldrig en b\u00f8rste med h\u00e5rde b\u00f8rster eller kemiske v\u00e6sker, og s\u00f8rg for, at sejlet ikke h\u00e6nger p\u00e5 hovedet.<\/p>\n","protected":false},"excerpt":{"rendered":"<p>Solbeskyttelse med sejl: Vores markise giver 85 % beskyttelse mod solen og giver skygge. UV-beskyttelse p\u00e5 altanen, terrassen og i haven, som carport, ved poolen og som solbeskyttelse for legende b\u00f8rn.Luftgennemtr\u00e6ngelig, vandgennemtr\u00e6ngelig: P\u00e5 grund af materialet kan vand og luft tr\u00e6nge gennem stoffet. Det betyder, at der ikke opbygges varme under dugen, og at der [&hellip;]<\/p>\n","protected":false},"featured_media":0,"comment_status":"open","ping_status":"closed","template":"","meta":[],"product_brand":[],"product_cat":[31],"product_tag":[],"class_list":{"0":"post-21721","1":"product","2":"type-product","3":"status-publish","5":"product_cat-uncategorized-da","7":"first","8":"instock","9":"shipping-taxable","10":"product-type-simple"},"_links":{"self":[{"href":"https:\/\/nordicmart.andreevmaster.com\/da\/wp-json\/wp\/v2\/product\/21721","targetHints":{"allow":["GET"]}}],"collection":[{"href":"https:\/\/nordicmart.andreevmaster.com\/da\/wp-json\/wp\/v2\/product"}],"about":[{"href":"https:\/\/nordicmart.andreevmaster.com\/da\/wp-json\/wp\/v2\/types\/product"}],"replies":[{"embeddable":true,"href":"https:\/\/nordicmart.andreevmaster.com\/da\/wp-json\/wp\/v2\/comments?post=21721"}],"wp:attachment":[{"href":"https:\/\/nordicmart.andreevmaster.com\/da\/wp-json\/wp\/v2\/media?parent=21721"}],"wp:term":[{"taxonomy":"product_brand","embeddable":true,"href":"https:\/\/nordicmart.andreevmaster.com\/da\/wp-json\/wp\/v2\/product_brand?post=21721"},{"taxonomy":"product_cat","embeddable":true,"href":"https:\/\/nordicmart.andreevmaster.com\/da\/wp-json\/wp\/v2\/product_cat?post=21721"},{"taxonomy":"product_tag","embeddable":true,"href":"https:\/\/nordicmart.andreevmaster.com\/da\/wp-json\/wp\/v2\/product_tag?post=21721"}],"curies":[{"name":"wp","href":"https:\/\/api.w.org\/{rel}","templated":true}]}}