{"id":21718,"date":"2026-02-27T00:12:59","date_gmt":"2026-02-27T00:12:59","guid":{"rendered":"https:\/\/nordicmart.andreevmaster.com\/product\/3-x-4-m-markise-lavet-af-hdpe-2\/"},"modified":"2026-02-27T08:56:58","modified_gmt":"2026-02-27T08:56:58","slug":"3-x-4-m-markise-lavet-af-hdpe-2","status":"publish","type":"product","link":"https:\/\/nordicmart.andreevmaster.com\/da\/vare\/3-x-4-m-markise-lavet-af-hdpe-2\/","title":{"rendered":"3 x 4 m markise lavet af HDPE"},"content":{"rendered":"<p>Den perfekte solafsk\u00e6rmning og skyggegiver til haver, terrasser, balkoner og verandaer Brug den i haven til bryllupper, fester, grillfester eller p\u00e5 campingpladsen Brug dugens egenskaber til din pool, gr\u00e6spl\u00e6ne, have, terrasse, carport Du kan ogs\u00e5 bruge vores solafsk\u00e6rmning i indk\u00f8bscentre, b\u00f8rnehaver, forsamlingshuse, byggepladser, fritidsparker, sportspladser eller legepladser. Markisen har en skyggefaktor p\u00e5 80-85 % og er en holdbar og robust skyggegiver. Den giver UV-beskyttelse og er luftgennemtr\u00e6ngelig, s\u00e5 der ikke kan opbygges varme under dugen. Temperaturen reguleres naturligt takket v\u00e6re det luft- og vandgennemtr\u00e6ngelige materiale. Det forhindrer, at der dannes vandlommer, selv n\u00e5r det regner. Den konkave form p\u00e5 vores markise g\u00f8r den meget stabil og rivefast, da sp\u00e6ndingen er j\u00e6vnt fordelt, og stoffet ikke kan h\u00e6nge. S\u00f8mmene er forst\u00e6rket med en s\u00e6rlig h\u00f8jtydende webbing, som g\u00f8r den endnu mere stabil i kanterne.Produktdetaljer:Materiale: HDPE (High Density Polyethylene)Materialev\u00e6gt: 180 g\/m\u00b2Dimensioner: 3 x 4 mBruttov\u00e6gt: 2,4 kgLeveringsomfang:1 x solsejl4 x fastg\u00f8relsesrebFor at sikre, at du kan nyde din parasol i lang tid, skal du v\u00e6re opm\u00e6rksom p\u00e5:- For optimal fastg\u00f8relse skal du bruge en 20\u00b0 h\u00e6ldning for at skabe en svag h\u00e6ldning. Fjern parasollen i st\u00e6rk vind, storm, tordenvejr og om vinteren.- Reng\u00f8r stoffet med et mildt reng\u00f8ringsmiddel eller vand. L\u00e6g ikke stoffet i vaskemaskinen, og b\u00f8rst det ikke med en h\u00e5rd b\u00f8rste.- N\u00e5r du s\u00e6tter det op, skal du s\u00f8rge for at fastg\u00f8re top- og bundsiderne korrekt.<\/p>\n","protected":false},"excerpt":{"rendered":"<p>Den perfekte solafsk\u00e6rmning og skyggegiver til haver, terrasser, balkoner og verandaer Brug den i haven til bryllupper, fester, grillfester eller p\u00e5 campingpladsen Brug dugens egenskaber til din pool, gr\u00e6spl\u00e6ne, have, terrasse, carport Du kan ogs\u00e5 bruge vores solafsk\u00e6rmning i indk\u00f8bscentre, b\u00f8rnehaver, forsamlingshuse, byggepladser, fritidsparker, sportspladser eller legepladser. Markisen har en skyggefaktor p\u00e5 80-85 % og [&hellip;]<\/p>\n","protected":false},"featured_media":0,"comment_status":"open","ping_status":"closed","template":"","meta":[],"product_brand":[],"product_cat":[31],"product_tag":[],"class_list":{"0":"post-21718","1":"product","2":"type-product","3":"status-publish","5":"product_cat-uncategorized-da","7":"first","8":"instock","9":"shipping-taxable","10":"product-type-simple"},"_links":{"self":[{"href":"https:\/\/nordicmart.andreevmaster.com\/da\/wp-json\/wp\/v2\/product\/21718","targetHints":{"allow":["GET"]}}],"collection":[{"href":"https:\/\/nordicmart.andreevmaster.com\/da\/wp-json\/wp\/v2\/product"}],"about":[{"href":"https:\/\/nordicmart.andreevmaster.com\/da\/wp-json\/wp\/v2\/types\/product"}],"replies":[{"embeddable":true,"href":"https:\/\/nordicmart.andreevmaster.com\/da\/wp-json\/wp\/v2\/comments?post=21718"}],"wp:attachment":[{"href":"https:\/\/nordicmart.andreevmaster.com\/da\/wp-json\/wp\/v2\/media?parent=21718"}],"wp:term":[{"taxonomy":"product_brand","embeddable":true,"href":"https:\/\/nordicmart.andreevmaster.com\/da\/wp-json\/wp\/v2\/product_brand?post=21718"},{"taxonomy":"product_cat","embeddable":true,"href":"https:\/\/nordicmart.andreevmaster.com\/da\/wp-json\/wp\/v2\/product_cat?post=21718"},{"taxonomy":"product_tag","embeddable":true,"href":"https:\/\/nordicmart.andreevmaster.com\/da\/wp-json\/wp\/v2\/product_tag?post=21718"}],"curies":[{"name":"wp","href":"https:\/\/api.w.org\/{rel}","templated":true}]}}