{"id":21715,"date":"2026-02-27T00:12:58","date_gmt":"2026-02-27T00:12:58","guid":{"rendered":"https:\/\/nordicmart.andreevmaster.com\/product\/3-x-4-m-hdpe-solsejl-markise-solbeskyttelse-uv-andbar-have-balkon-terrasse-andbar-vandgennemtraengelig-sand-gul-2\/"},"modified":"2026-02-27T08:56:58","modified_gmt":"2026-02-27T08:56:58","slug":"3-x-4-m-hdpe-solsejl-markise-solbeskyttelse-uv-andbar-have-balkon-terrasse-andbar-vandgennemtraengelig-sand-gul-2","status":"publish","type":"product","link":"https:\/\/nordicmart.andreevmaster.com\/da\/vare\/3-x-4-m-hdpe-solsejl-markise-solbeskyttelse-uv-andbar-have-balkon-terrasse-andbar-vandgennemtraengelig-sand-gul-2\/","title":{"rendered":"3 x 4 m HDPE-solsejl Markise Solbeskyttelse UV \u00c5ndbar Have Balkon Terrasse \u00c5ndbar Vandgennemtr\u00e6ngelig Sand Gul"},"content":{"rendered":"<p>Solbeskyttelse med sejl: Vores markise giver 85 % beskyttelse mod solen og giver skygge. UV-beskyttelse p\u00e5 altanen, terrassen og i haven, som carport, ved poolen og som solbeskyttelse for legende b\u00f8rn.Luftgennemtr\u00e6ngelig, vandgennemtr\u00e6ngelig: P\u00e5 grund af materialet kan vand og luft tr\u00e6nge gennem stoffet. Det betyder, at der ikke opbygges varme under dugen, og at der ikke dannes vandposer i regnvejr.<\/p>\n<p>Mere sikkerhed takket v\u00e6re forarbejdning af h\u00f8j kvalitet: Et h\u00f8jtydende b\u00e5nd er syet i alle s\u00f8mme, hvilket g\u00f8r solh\u00e5ndkl\u00e6det endnu mere stabilt. Hj\u00f8rnerne er fortykkede og syet flere gange og forskudt med D-ringe af 304 rustfrit st\u00e5l.<\/p>\n<p>Rivefast og hurtigt\u00f8rrende: Stoffet af HDPE (high density polyethylene) med en materialev\u00e6gt p\u00e5 180 g\/m\u00b2 er rivefast og vejrbestandigt. Det t\u00f8rrer ogs\u00e5 hurtigt og er modstandsdygtigt over for mug og r\u00e5d.<\/p>\n<p>Stabilt, ingen stofb\u00f8jler: Det konkave (buede) snit giver mere stabilitet til solsejlet og giver sejlet permanent sp\u00e6nding, s\u00e5 det ikke h\u00e6nger indad.<\/p>\n<p>Ideel til solbeskyttelse og skygge i haven, p\u00e5 terrassen og p\u00e5 balkonen. Brug det i haven til bryllup, fest, grillfest eller camping. Brug solsejlet til din pool, gr\u00e6spl\u00e6ne, have, terrasse, g\u00e5rdhave og garage. Du kan ogs\u00e5 bruge solsejlet i indk\u00f8bscentre, b\u00f8rnehaver, forsamlingshuse, byggepladser, fritidsparker, sportsanl\u00e6g eller p\u00e5 g\u00e5rdspladser. Lysstyrken er 80-85 % og kan give en holdbar og robust lysstyrke. Det er modstandsdygtigt over for UV-str\u00e5ler og gennemtr\u00e6ngeligt, s\u00e5 der ikke kan ophobes varme under barnet. Der findes en naturlig regulering af temperaturerne takket v\u00e6re det gennemtr\u00e6ngelige og permeable materiale. P\u00e5 den m\u00e5de kan vandboldene ikke blive for store, n\u00e5r de bliver t\u00f8mt.  Formen p\u00e5 vores c\u00f3ncava vela de sombra sikrer, at den er meget stabil og modstandsdygtig over for slid, s\u00e5 sp\u00e6ndingen fordeles j\u00e6vnt, og der ikke kan opst\u00e5 en vandl\u00e6kage. Las costuras est\u00e1n reforzadas con una cinta especial de alta calidad, lo que las hace m\u00e1s estables en los bordes.Specifikationer:- Materiale: HDPE- Materialets v\u00e6gt: 180 g\/m\u00b2- Produktets dimensioner: 3 x 4 m- V\u00e6gt med emballage: 2,425 kgIndhold i pakken:- 1 x Skyggesejl- 4 x Fastg\u00f8relsesrebFor at du kan have gl\u00e6de af dit skyggesejl i lang tid, skal du v\u00e6re opm\u00e6rksom p\u00e5 f\u00f8lgende:- Den optimale fastg\u00f8relse opn\u00e5s med en h\u00e6ldning p\u00e5 20\u00b0, s\u00e5 der er en let h\u00e6ldning.- Fjern solsejlet i tilf\u00e6lde af st\u00e6rk vind, storm og om vinteren.- Reng\u00f8r sejlet med et mildt reng\u00f8ringsmiddel eller vand. B\u00f8rst det ikke med en h\u00e5rd b\u00f8rste.- S\u00f8rg for, at forsiden og bagsiden er korrekt placeret, n\u00e5r du monterer det.<\/p>\n","protected":false},"excerpt":{"rendered":"<p>Solbeskyttelse med sejl: Vores markise giver 85 % beskyttelse mod solen og giver skygge. UV-beskyttelse p\u00e5 altanen, terrassen og i haven, som carport, ved poolen og som solbeskyttelse for legende b\u00f8rn.Luftgennemtr\u00e6ngelig, vandgennemtr\u00e6ngelig: P\u00e5 grund af materialet kan vand og luft tr\u00e6nge gennem stoffet. Det betyder, at der ikke opbygges varme under dugen, og at der [&hellip;]<\/p>\n","protected":false},"featured_media":0,"comment_status":"open","ping_status":"closed","template":"","meta":[],"product_brand":[],"product_cat":[31],"product_tag":[],"class_list":{"0":"post-21715","1":"product","2":"type-product","3":"status-publish","5":"product_cat-uncategorized-da","7":"first","8":"instock","9":"shipping-taxable","10":"product-type-simple"},"_links":{"self":[{"href":"https:\/\/nordicmart.andreevmaster.com\/da\/wp-json\/wp\/v2\/product\/21715","targetHints":{"allow":["GET"]}}],"collection":[{"href":"https:\/\/nordicmart.andreevmaster.com\/da\/wp-json\/wp\/v2\/product"}],"about":[{"href":"https:\/\/nordicmart.andreevmaster.com\/da\/wp-json\/wp\/v2\/types\/product"}],"replies":[{"embeddable":true,"href":"https:\/\/nordicmart.andreevmaster.com\/da\/wp-json\/wp\/v2\/comments?post=21715"}],"wp:attachment":[{"href":"https:\/\/nordicmart.andreevmaster.com\/da\/wp-json\/wp\/v2\/media?parent=21715"}],"wp:term":[{"taxonomy":"product_brand","embeddable":true,"href":"https:\/\/nordicmart.andreevmaster.com\/da\/wp-json\/wp\/v2\/product_brand?post=21715"},{"taxonomy":"product_cat","embeddable":true,"href":"https:\/\/nordicmart.andreevmaster.com\/da\/wp-json\/wp\/v2\/product_cat?post=21715"},{"taxonomy":"product_tag","embeddable":true,"href":"https:\/\/nordicmart.andreevmaster.com\/da\/wp-json\/wp\/v2\/product_tag?post=21715"}],"curies":[{"name":"wp","href":"https:\/\/api.w.org\/{rel}","templated":true}]}}