{"id":21710,"date":"2026-02-27T00:12:57","date_gmt":"2026-02-27T00:12:57","guid":{"rendered":"https:\/\/nordicmart.andreevmaster.com\/product\/3-x-3-m-markise-lavet-af-hdpe-2\/"},"modified":"2026-02-27T08:56:57","modified_gmt":"2026-02-27T08:56:57","slug":"3-x-3-m-markise-lavet-af-hdpe-2","status":"publish","type":"product","link":"https:\/\/nordicmart.andreevmaster.com\/da\/vare\/3-x-3-m-markise-lavet-af-hdpe-2\/","title":{"rendered":"3 x 3 m markise lavet af HDPE"},"content":{"rendered":"<p>Den perfekte solafsk\u00e6rmning og skyggegiver til haver, terrasser, balkoner og verandaerBrug det i haven til bryllupper, fester, grillfester eller p\u00e5 camping Brug stoffets egenskaber til din pool, gr\u00e6spl\u00e6ne, have, terrasse, carport Du kan ogs\u00e5 bruge vores solafsk\u00e6rmning i indk\u00f8bscentre, b\u00f8rnehaver, forsamlingshuse, byggepladser, fritidsparker, sportspladser eller legepladser Solsejlets skyggefaktor er 80-85 % og er en holdbar og robust skyggegiver. Det giver UV-beskyttelse og er luftgennemtr\u00e6ngeligt, s\u00e5 der ikke kan opbygges varme under stoffet. Temperaturen reguleres naturligt takket v\u00e6re det luft- og vandgennemtr\u00e6ngelige materiale. Den konkave form p\u00e5 vores markise g\u00f8r den meget stabil og rivefast, da sp\u00e6ndingen er j\u00e6vnt fordelt, og der ikke kan forekomme nedh\u00e6ngende stof. S\u00f8mmene er forst\u00e6rket med en s\u00e6rlig h\u00f8jtydende webbing, som g\u00f8r den endnu mere stabil i kanterne.Produktdetaljer:Materiale: HDPE (High Density Polyethylene) Materialev\u00e6gt: 180 g\/m\u00b2 M\u00e5l: 3 x 3 m Bruttov\u00e6gt: 1,91 kg Leveringsomfang: 1 x solsejl 4 x fastg\u00f8relsesreb For at sikre, at du kan nyde din solbeskyttelse i lang tid, skal du v\u00e6re opm\u00e6rksom p\u00e5: For optimal fastg\u00f8relse skal du bruge en h\u00e6ldning p\u00e5 20\u00b0 for at skabe en svag h\u00e6ldning. Fjern parasollen i st\u00e6rk vind, storm, tordenvejr og om vinterenReng\u00f8r stoffet med et mildt reng\u00f8ringsmiddel eller vand. L\u00e6g ikke stoffet i vaskemaskinen, og b\u00f8rst det ikke med en h\u00e5rd b\u00f8rste, og s\u00f8rg for at fastg\u00f8re top og bund korrekt, n\u00e5r du s\u00e6tter det op.<\/p>\n","protected":false},"excerpt":{"rendered":"<p>Den perfekte solafsk\u00e6rmning og skyggegiver til haver, terrasser, balkoner og verandaerBrug det i haven til bryllupper, fester, grillfester eller p\u00e5 camping Brug stoffets egenskaber til din pool, gr\u00e6spl\u00e6ne, have, terrasse, carport Du kan ogs\u00e5 bruge vores solafsk\u00e6rmning i indk\u00f8bscentre, b\u00f8rnehaver, forsamlingshuse, byggepladser, fritidsparker, sportspladser eller legepladser Solsejlets skyggefaktor er 80-85 % og er en holdbar [&hellip;]<\/p>\n","protected":false},"featured_media":0,"comment_status":"open","ping_status":"closed","template":"","meta":[],"product_brand":[],"product_cat":[31],"product_tag":[],"class_list":{"0":"post-21710","1":"product","2":"type-product","3":"status-publish","5":"product_cat-uncategorized-da","7":"first","8":"instock","9":"shipping-taxable","10":"product-type-simple"},"_links":{"self":[{"href":"https:\/\/nordicmart.andreevmaster.com\/da\/wp-json\/wp\/v2\/product\/21710","targetHints":{"allow":["GET"]}}],"collection":[{"href":"https:\/\/nordicmart.andreevmaster.com\/da\/wp-json\/wp\/v2\/product"}],"about":[{"href":"https:\/\/nordicmart.andreevmaster.com\/da\/wp-json\/wp\/v2\/types\/product"}],"replies":[{"embeddable":true,"href":"https:\/\/nordicmart.andreevmaster.com\/da\/wp-json\/wp\/v2\/comments?post=21710"}],"wp:attachment":[{"href":"https:\/\/nordicmart.andreevmaster.com\/da\/wp-json\/wp\/v2\/media?parent=21710"}],"wp:term":[{"taxonomy":"product_brand","embeddable":true,"href":"https:\/\/nordicmart.andreevmaster.com\/da\/wp-json\/wp\/v2\/product_brand?post=21710"},{"taxonomy":"product_cat","embeddable":true,"href":"https:\/\/nordicmart.andreevmaster.com\/da\/wp-json\/wp\/v2\/product_cat?post=21710"},{"taxonomy":"product_tag","embeddable":true,"href":"https:\/\/nordicmart.andreevmaster.com\/da\/wp-json\/wp\/v2\/product_tag?post=21710"}],"curies":[{"name":"wp","href":"https:\/\/api.w.org\/{rel}","templated":true}]}}