{"id":21708,"date":"2026-02-27T00:12:57","date_gmt":"2026-02-27T00:12:57","guid":{"rendered":"https:\/\/nordicmart.andreevmaster.com\/product\/2-x-3-m-hdpe-solskaerm-sejlmarkise-solbeskyttelse-uv-beskyttelse-andbar-have-balkon-terrasse-andbar-vandgennemtraengelig-beige-hvid-2\/"},"modified":"2026-02-27T08:56:57","modified_gmt":"2026-02-27T08:56:57","slug":"2-x-3-m-hdpe-solskaerm-sejlmarkise-solbeskyttelse-uv-beskyttelse-andbar-have-balkon-terrasse-andbar-vandgennemtraengelig-beige-hvid-2","status":"publish","type":"product","link":"https:\/\/nordicmart.andreevmaster.com\/da\/vare\/2-x-3-m-hdpe-solskaerm-sejlmarkise-solbeskyttelse-uv-beskyttelse-andbar-have-balkon-terrasse-andbar-vandgennemtraengelig-beige-hvid-2\/","title":{"rendered":"2 x 3 m HDPE-solsk\u00e6rm Sejlmarkise Solbeskyttelse UV-beskyttelse \u00c5ndbar Have Balkon Terrasse \u00c5ndbar Vandgennemtr\u00e6ngelig Beige Hvid"},"content":{"rendered":"<p>Solbeskyttelse med sejl: Vores markise giver 85 % beskyttelse mod solen og giver skygge. UV-beskyttelse p\u00e5 altanen, terrassen og i haven, som carport, ved poolen og som solbeskyttelse for legende b\u00f8rn.Luftgennemtr\u00e6ngelig, vandgennemtr\u00e6ngelig: P\u00e5 grund af materialet kan vand og luft tr\u00e6nge gennem stoffet. Det betyder, at der ikke opbygges varme under dugen, og at der ikke dannes vandposer i regnvejr.<\/p>\n<p>Mere sikkerhed takket v\u00e6re forarbejdning af h\u00f8j kvalitet: Et h\u00f8jtydende b\u00e5nd er syet i alle s\u00f8mme, hvilket g\u00f8r solh\u00e5ndkl\u00e6det endnu mere stabilt. Hj\u00f8rnerne er fortykkede og syet flere gange og forskudt med D-ringe af 304 rustfrit st\u00e5l.<\/p>\n<p>Rivefast og hurtigt\u00f8rrende: Stoffet af HDPE (high density polyethylene) med en materialev\u00e6gt p\u00e5 180 g\/m\u00b2 er rivefast og vejrbestandigt. Det t\u00f8rrer ogs\u00e5 hurtigt og er modstandsdygtigt over for mug og r\u00e5d.<\/p>\n<p>Stabilt, ingen stofb\u00f8jler: Det konkave (buede) snit giver mere stabilitet til solsejlet og giver sejlet permanent sp\u00e6nding, s\u00e5 det ikke h\u00e6nger indad.Den perfekte solbeskyttelse og skyggegiver til haver, terrasser, altaner og verandaerSolsejlet har en skyggefaktor p\u00e5 80-85 % og er en holdbar og robust skyggegiver. Det giver UV-beskyttelse og er luftgennemtr\u00e6ngeligt, s\u00e5 der ikke kan opbygges varme under stoffet. Temperaturen reguleres naturligt takket v\u00e6re det luft- og vandgennemtr\u00e6ngelige materiale. Det betyder, at der ikke kan dannes vandlommer, selv n\u00e5r det regner.produktoplysninger:Materiale: HDPE (High Density Polyethylene)Materialev\u00e6gt: 180 g\/m\u00b2Dimensioner: 2 x 3 mBruttov\u00e6gt: 1,425 kgLeveringsomfang:1 x solsejl4 x fastg\u00f8relsesrebFor at sikre, at du kan nyde din parasol i lang tid, skal du v\u00e6re opm\u00e6rksom p\u00e5:For optimal fastg\u00f8relse skal du bruge en 20\u00b0 h\u00e6ldning for at skabe en svag h\u00e6ldning.Fjern parasollen i st\u00e6rk vind, storm, tordenvejr og om vinterenReng\u00f8r stoffet med et mildt reng\u00f8ringsmiddel eller vand. L\u00e6g ikke stoffet i vaskemaskinen, og b\u00f8rst det ikke med en h\u00e5rd b\u00f8rste, og s\u00f8rg for at fastg\u00f8re top og bund korrekt, n\u00e5r du s\u00e6tter det op.<\/p>\n","protected":false},"excerpt":{"rendered":"<p>Solbeskyttelse med sejl: Vores markise giver 85 % beskyttelse mod solen og giver skygge. UV-beskyttelse p\u00e5 altanen, terrassen og i haven, som carport, ved poolen og som solbeskyttelse for legende b\u00f8rn.Luftgennemtr\u00e6ngelig, vandgennemtr\u00e6ngelig: P\u00e5 grund af materialet kan vand og luft tr\u00e6nge gennem stoffet. Det betyder, at der ikke opbygges varme under dugen, og at der [&hellip;]<\/p>\n","protected":false},"featured_media":0,"comment_status":"open","ping_status":"closed","template":"","meta":[],"product_brand":[],"product_cat":[31],"product_tag":[],"class_list":{"0":"post-21708","1":"product","2":"type-product","3":"status-publish","5":"product_cat-uncategorized-da","7":"first","8":"instock","9":"shipping-taxable","10":"product-type-simple"},"_links":{"self":[{"href":"https:\/\/nordicmart.andreevmaster.com\/da\/wp-json\/wp\/v2\/product\/21708","targetHints":{"allow":["GET"]}}],"collection":[{"href":"https:\/\/nordicmart.andreevmaster.com\/da\/wp-json\/wp\/v2\/product"}],"about":[{"href":"https:\/\/nordicmart.andreevmaster.com\/da\/wp-json\/wp\/v2\/types\/product"}],"replies":[{"embeddable":true,"href":"https:\/\/nordicmart.andreevmaster.com\/da\/wp-json\/wp\/v2\/comments?post=21708"}],"wp:attachment":[{"href":"https:\/\/nordicmart.andreevmaster.com\/da\/wp-json\/wp\/v2\/media?parent=21708"}],"wp:term":[{"taxonomy":"product_brand","embeddable":true,"href":"https:\/\/nordicmart.andreevmaster.com\/da\/wp-json\/wp\/v2\/product_brand?post=21708"},{"taxonomy":"product_cat","embeddable":true,"href":"https:\/\/nordicmart.andreevmaster.com\/da\/wp-json\/wp\/v2\/product_cat?post=21708"},{"taxonomy":"product_tag","embeddable":true,"href":"https:\/\/nordicmart.andreevmaster.com\/da\/wp-json\/wp\/v2\/product_tag?post=21708"}],"curies":[{"name":"wp","href":"https:\/\/api.w.org\/{rel}","templated":true}]}}