{"id":21703,"date":"2026-02-27T00:12:56","date_gmt":"2026-02-27T00:12:56","guid":{"rendered":"https:\/\/nordicmart.andreevmaster.com\/product\/trekantet-markise-61-x-61-x-61-m-2\/"},"modified":"2026-02-27T08:56:56","modified_gmt":"2026-02-27T08:56:56","slug":"trekantet-markise-61-x-61-x-61-m-2","status":"publish","type":"product","link":"https:\/\/nordicmart.andreevmaster.com\/da\/vare\/trekantet-markise-61-x-61-x-61-m-2\/","title":{"rendered":"Trekantet markise 6,1 x 6,1 x 6,1 m"},"content":{"rendered":"<p>Du skal ikke v\u00e6re bange for st\u00e6rkt sollys: Vil du gerne have et skyggefuldt sted med en behagelig k\u00f8lig brise om sommeren? S\u00e5 er denne markise lige, hvad du har brug for! Den giver fremragende UV-beskyttelse og blokerer 95 % af UV-str\u00e5lerne. Frokost i haven? En kaffepause p\u00e5 terrassen? Gennemt\u00e6nkt ned til mindste detalje: \u00e5ndbart HDPE-stof, omhyggeligt udf\u00f8rte s\u00f8mme, konkav silhuet, dobbeltlagede forst\u00e6rkningsstropper, robuste ringe i rustfrit st\u00e5l i hj\u00f8rnerne &#8211; dette solsejl er den perfekte sommerledsager. Det er heller ikke vandt\u00e6t, s\u00e5 du beh\u00f8ver ikke bekymre dig om, at presenningen synker sammen p\u00e5 grund af ophobet regnvand, og det er en leg at h\u00e6nge solsejlet op! Ringene i rustfrit st\u00e5l i hj\u00f8rnerne g\u00f8r det nemt at h\u00e6nge markisen op og tage den ned. Du skal ogs\u00e5 s\u00f8rge for, at der er en passende afstand mellem fastg\u00f8relsespunktet og den rustfri st\u00e5lring (anbefalet afstand: 46-61 cm). Afstanden m\u00e5les fra ringens kant til fastg\u00f8relsespunktet.Produktdetaljer:- Farve: Gr\u00e5- Materiale: 190 g\/m\u00b2 HDPE-stof (polyethylen med h\u00f8j densitet), rustfri st\u00e5lring- St\u00f8rrelse: 6,1 x 6,1 x 6,1 m- V\u00e6gt: 3,1 kgLeveringsomfang:- 1 x solsejl- 3 x PE-rebSONGMICS-instruktioner:- Vi leverer PE-reb til at h\u00e6nge solsejlet op med. Brug ikke nylonreb, da de let revner.- Str\u00e6k ikke solsejlet for stramt, n\u00e5r du monterer det, for at sikre en lang levetid.- Fjern produktet i d\u00e5rligt vejr for at undg\u00e5 skader.- Solsejlets for- og bagside er forskellige. V\u00e6r opm\u00e6rksom p\u00e5 dette under monteringen for at undg\u00e5 forkert montering.<\/p>\n","protected":false},"excerpt":{"rendered":"<p>Du skal ikke v\u00e6re bange for st\u00e6rkt sollys: Vil du gerne have et skyggefuldt sted med en behagelig k\u00f8lig brise om sommeren? S\u00e5 er denne markise lige, hvad du har brug for! Den giver fremragende UV-beskyttelse og blokerer 95 % af UV-str\u00e5lerne. Frokost i haven? En kaffepause p\u00e5 terrassen? Gennemt\u00e6nkt ned til mindste detalje: \u00e5ndbart [&hellip;]<\/p>\n","protected":false},"featured_media":0,"comment_status":"open","ping_status":"closed","template":"","meta":[],"product_brand":[],"product_cat":[31],"product_tag":[],"class_list":{"0":"post-21703","1":"product","2":"type-product","3":"status-publish","5":"product_cat-uncategorized-da","7":"first","8":"instock","9":"shipping-taxable","10":"purchasable","11":"product-type-simple"},"_links":{"self":[{"href":"https:\/\/nordicmart.andreevmaster.com\/da\/wp-json\/wp\/v2\/product\/21703","targetHints":{"allow":["GET"]}}],"collection":[{"href":"https:\/\/nordicmart.andreevmaster.com\/da\/wp-json\/wp\/v2\/product"}],"about":[{"href":"https:\/\/nordicmart.andreevmaster.com\/da\/wp-json\/wp\/v2\/types\/product"}],"replies":[{"embeddable":true,"href":"https:\/\/nordicmart.andreevmaster.com\/da\/wp-json\/wp\/v2\/comments?post=21703"}],"wp:attachment":[{"href":"https:\/\/nordicmart.andreevmaster.com\/da\/wp-json\/wp\/v2\/media?parent=21703"}],"wp:term":[{"taxonomy":"product_brand","embeddable":true,"href":"https:\/\/nordicmart.andreevmaster.com\/da\/wp-json\/wp\/v2\/product_brand?post=21703"},{"taxonomy":"product_cat","embeddable":true,"href":"https:\/\/nordicmart.andreevmaster.com\/da\/wp-json\/wp\/v2\/product_cat?post=21703"},{"taxonomy":"product_tag","embeddable":true,"href":"https:\/\/nordicmart.andreevmaster.com\/da\/wp-json\/wp\/v2\/product_tag?post=21703"}],"curies":[{"name":"wp","href":"https:\/\/api.w.org\/{rel}","templated":true}]}}