{"id":21685,"date":"2026-02-27T00:12:52","date_gmt":"2026-02-27T00:12:52","guid":{"rendered":"https:\/\/nordicmart.andreevmaster.com\/product\/fortelt-4-x-6-m-2\/"},"modified":"2026-02-27T08:56:53","modified_gmt":"2026-02-27T08:56:53","slug":"fortelt-4-x-6-m-2","status":"publish","type":"product","link":"https:\/\/nordicmart.andreevmaster.com\/da\/vare\/fortelt-4-x-6-m-2\/","title":{"rendered":"Fortelt 4 x 6 m"},"content":{"rendered":"<p>Ideel beskyttelse mod solen i haven Markiser har den fordel, at de i mods\u00e6tning til markiser kan s\u00e6ttes op mere fleksibelt og hurtigt kan tages ned og s\u00e6ttes op igen. Sammenlignet med en parasol er det omr\u00e5de, der d\u00e6kkes af en markise, mange gange st\u00f8rre, uden at der er behov for et irriterende stativ. Med vores solsejl f\u00e5r du perfekt beskyttelse mod solens str\u00e5ler i din have. Uanset om det er p\u00e5 terrassen, altanen, over poolen, som carport eller for at beskytte legende b\u00f8rn &#8211; vores markise kan monteres fleksibelt. Farve\u00e6gte I overensstemmelse med ISO 105-B02-standarden fra T\u00dcV Rheinland, farve\u00e6gte, permanent farvestabil og ikke falmende. Let at fastg\u00f8re Vores solsejl fastg\u00f8res til stolper, p\u00e6le eller tr\u00e6er ved hj\u00e6lp af de medf\u00f8lgende fastg\u00f8relsesreb. Rebene er lavet af PE. S\u00f8rg for, at rebene er sikre og stramme. Der f\u00f8lger 4 reb med hvert sejl, 3 reb med den trekantede dug. Mere sikkerhed takket v\u00e6re forarbejdning af h\u00f8j kvalitet Vores udvalgte materiale er en rivefast polyester af h\u00f8j kvalitet. Sejlet er forst\u00e6rket hele vejen rundt ved kanterne i s\u00f8mmene med en s\u00e6rlig h\u00f8jtydende webbing, som ogs\u00e5 er syet ind for at give mere stabilitet. Hj\u00f8rnerne er ogs\u00e5 blevet forst\u00e6rket flere gange.Produktdetaljer:Materiale: PES (polyesterstof) Materialev\u00e6gt: 160 g\/m\u00b2 Dimensioner: 4 x 6 m Leveringsomfang: 1 x solsejl 6 x fastg\u00f8relsesreb For en lang levetid skal solsejlet fastg\u00f8res i en vinkel p\u00e5 20 grader, s\u00e5 der ikke kan dannes vandlommer, n\u00e5r det regner. Afmonter i d\u00e5rligt vejr og h\u00e5rdt vejr som storm, tordenvejr, hagl, st\u00e6rk vind og i vinterm\u00e5nederne.- Vask ikke solsejlet med vand.- S\u00f8rg for at fastg\u00f8re top og bund korrekt under monteringen.<\/p>\n","protected":false},"excerpt":{"rendered":"<p>Ideel beskyttelse mod solen i haven Markiser har den fordel, at de i mods\u00e6tning til markiser kan s\u00e6ttes op mere fleksibelt og hurtigt kan tages ned og s\u00e6ttes op igen. Sammenlignet med en parasol er det omr\u00e5de, der d\u00e6kkes af en markise, mange gange st\u00f8rre, uden at der er behov for et irriterende stativ. Med [&hellip;]<\/p>\n","protected":false},"featured_media":0,"comment_status":"open","ping_status":"closed","template":"","meta":[],"product_brand":[],"product_cat":[31],"product_tag":[],"class_list":{"0":"post-21685","1":"product","2":"type-product","3":"status-publish","5":"product_cat-uncategorized-da","7":"first","8":"instock","9":"shipping-taxable","10":"product-type-simple"},"_links":{"self":[{"href":"https:\/\/nordicmart.andreevmaster.com\/da\/wp-json\/wp\/v2\/product\/21685","targetHints":{"allow":["GET"]}}],"collection":[{"href":"https:\/\/nordicmart.andreevmaster.com\/da\/wp-json\/wp\/v2\/product"}],"about":[{"href":"https:\/\/nordicmart.andreevmaster.com\/da\/wp-json\/wp\/v2\/types\/product"}],"replies":[{"embeddable":true,"href":"https:\/\/nordicmart.andreevmaster.com\/da\/wp-json\/wp\/v2\/comments?post=21685"}],"wp:attachment":[{"href":"https:\/\/nordicmart.andreevmaster.com\/da\/wp-json\/wp\/v2\/media?parent=21685"}],"wp:term":[{"taxonomy":"product_brand","embeddable":true,"href":"https:\/\/nordicmart.andreevmaster.com\/da\/wp-json\/wp\/v2\/product_brand?post=21685"},{"taxonomy":"product_cat","embeddable":true,"href":"https:\/\/nordicmart.andreevmaster.com\/da\/wp-json\/wp\/v2\/product_cat?post=21685"},{"taxonomy":"product_tag","embeddable":true,"href":"https:\/\/nordicmart.andreevmaster.com\/da\/wp-json\/wp\/v2\/product_tag?post=21685"}],"curies":[{"name":"wp","href":"https:\/\/api.w.org\/{rel}","templated":true}]}}