{"id":21535,"date":"2026-02-27T00:12:21","date_gmt":"2026-02-27T00:12:21","guid":{"rendered":"https:\/\/nordicmart.andreevmaster.com\/product\/markise-med-leddelt-arm-350-cm-2\/"},"modified":"2026-02-27T08:56:28","modified_gmt":"2026-02-27T08:56:28","slug":"markise-med-leddelt-arm-350-cm-2","status":"publish","type":"product","link":"https:\/\/nordicmart.andreevmaster.com\/da\/vare\/markise-med-leddelt-arm-350-cm-2\/","title":{"rendered":"Markise med leddelt arm 350 cm"},"content":{"rendered":"<p>Stilfuld H\u00f8j kvalitet StabilN\u00e5r du afgiver din bestilling, skal du s\u00f8rge for at angive et telefonnummer, hvor du kan blive ringet op i l\u00f8bet af dagen. Hvis fragtfirmaet ikke kan f\u00e5 fat i dig p\u00e5 det nummer, du oplyser, og\/eller varerne returneres til os, vil du blive p\u00e5lagt ekstra omkostninger, da fragtfirmaet vil opkr\u00e6ve et ekstra gebyr for ethvert forkert telefonnummer samt for returnerede pakker (uanbringelige).Denne foldbare markise er et ideelt valg, hvis du har brug for et skyggefuldt sted p\u00e5 terrassen, is\u00e6r hvis du vil nyde en afslappende tid med din familie eller dine venner om sommeren. I kan grille eller feste sammen i ro og mag. Disse markisemodeller er perfekte som solbeskyttelse til s\u00e5danne aktiviteter og er kendetegnet ved deres s\u00e6rligt h\u00f8je stabilitet. Disse markiser er ideelle til montering p\u00e5 en v\u00e6g. En SONGMICS foldearmsmarkise er ogs\u00e5 kendetegnet ved sin holdbarhed. Alle materialer skal leve op til de h\u00f8je standarder for kvalitet, holdbarhed og design. Foldearmsmarkise \u2013 en af de mest popul\u00e6re solafsk\u00e6rmninger p\u00e5 markedet Markisen leveres f\u00e6rdigmonteret til dig og skal nu fastg\u00f8res til din betonhusv\u00e6g. Det kr\u00e6ver flere personer, da produktet vejer 22,8 kg. Hvis du allerede har nogle manuelle f\u00e6rdigheder, er installationen hurtig og nem. Ellers kan du hyre en professionel til at installere markisen for dig inden for kort tid. OBS: F\u00f8r du bestiller, skal du sikre dig, at st\u00f8rrelsen p\u00e5 dette produkt svarer til dine personlige krav, og at det er egnet til faktisk brug p\u00e5 din altan eller terrasse. Brug ikke m\u00f8rtel eller en hulmur som monteringsflade. Dette materiale giver ikke den n\u00f8dvendige st\u00f8tte til fastg\u00f8relse af markisen.<\/p>\n","protected":false},"excerpt":{"rendered":"<p>Stilfuld H\u00f8j kvalitet StabilN\u00e5r du afgiver din bestilling, skal du s\u00f8rge for at angive et telefonnummer, hvor du kan blive ringet op i l\u00f8bet af dagen. Hvis fragtfirmaet ikke kan f\u00e5 fat i dig p\u00e5 det nummer, du oplyser, og\/eller varerne returneres til os, vil du blive p\u00e5lagt ekstra omkostninger, da fragtfirmaet vil opkr\u00e6ve et [&hellip;]<\/p>\n","protected":false},"featured_media":0,"comment_status":"open","ping_status":"closed","template":"","meta":[],"product_brand":[],"product_cat":[31],"product_tag":[],"class_list":{"0":"post-21535","1":"product","2":"type-product","3":"status-publish","5":"product_cat-uncategorized-da","7":"first","8":"instock","9":"shipping-taxable","10":"purchasable","11":"product-type-simple"},"_links":{"self":[{"href":"https:\/\/nordicmart.andreevmaster.com\/da\/wp-json\/wp\/v2\/product\/21535","targetHints":{"allow":["GET"]}}],"collection":[{"href":"https:\/\/nordicmart.andreevmaster.com\/da\/wp-json\/wp\/v2\/product"}],"about":[{"href":"https:\/\/nordicmart.andreevmaster.com\/da\/wp-json\/wp\/v2\/types\/product"}],"replies":[{"embeddable":true,"href":"https:\/\/nordicmart.andreevmaster.com\/da\/wp-json\/wp\/v2\/comments?post=21535"}],"wp:attachment":[{"href":"https:\/\/nordicmart.andreevmaster.com\/da\/wp-json\/wp\/v2\/media?parent=21535"}],"wp:term":[{"taxonomy":"product_brand","embeddable":true,"href":"https:\/\/nordicmart.andreevmaster.com\/da\/wp-json\/wp\/v2\/product_brand?post=21535"},{"taxonomy":"product_cat","embeddable":true,"href":"https:\/\/nordicmart.andreevmaster.com\/da\/wp-json\/wp\/v2\/product_cat?post=21535"},{"taxonomy":"product_tag","embeddable":true,"href":"https:\/\/nordicmart.andreevmaster.com\/da\/wp-json\/wp\/v2\/product_tag?post=21535"}],"curies":[{"name":"wp","href":"https:\/\/api.w.org\/{rel}","templated":true}]}}